{"id":5920,"date":"2023-12-19T10:16:03","date_gmt":"2023-12-19T09:16:03","guid":{"rendered":"https:\/\/cleopatra.nl\/?page_id=5920"},"modified":"2024-01-08T14:36:25","modified_gmt":"2024-01-08T13:36:25","slug":"opgietsessie-loyly","status":"publish","type":"page","link":"https:\/\/cleopatra.nl\/de\/opgietsessie-loyly\/","title":{"rendered":"L\u00f6yly-Aufguss-Sitzung"},"content":{"rendered":"<h2>Eine finnische Tradition<\/h2>\n<p>L\u00f6yly, aufgie\u00dfen oder opgieten; verschiedene Namen f\u00fcr dasselbe Ph\u00e4nomen: Aufgie\u00dfen von Wasser und Duft auf den Saunaofen.<\/p>\n<p>Bei einer Temperatur von +\/- 85 0 C wird der Saunaofen abgeschaltet. Da die Saunasteine warm sind und daher Strahlungsw\u00e4rme abgeben, bietet dies die M\u00f6glichkeit eines wunderbaren Aufgusses. Durch den Aufguss wird die Luftfeuchtigkeit sofort erh\u00f6ht. Das finnische Wort L\u00f6yly bedeutet \u00fcbersetzt \"Hei\u00dfer Wind\"; und genau das sp\u00fcrt man w\u00e4hrend des Aufgusses.<\/p>\n<p><img loading=\"lazy\" decoding=\"async\" class=\"wp-image-6213 size-full aligncenter\" src=\"https:\/\/cleopatra.nl\/wp-content\/uploads\/iStock-1345447369.webp\" alt=\"\" width=\"800\" height=\"533\" srcset=\"https:\/\/cleopatra.nl\/wp-content\/uploads\/iStock-1345447369.webp 800w, https:\/\/cleopatra.nl\/wp-content\/uploads\/iStock-1345447369-300x200.webp 300w, https:\/\/cleopatra.nl\/wp-content\/uploads\/iStock-1345447369-768x512.webp 768w, https:\/\/cleopatra.nl\/wp-content\/uploads\/iStock-1345447369-18x12.webp 18w, https:\/\/cleopatra.nl\/wp-content\/uploads\/iStock-1345447369-600x400.webp 600w\" sizes=\"auto, (max-width: 800px) 100vw, 800px\" \/><\/p>\n<h3>Sauna Deluxe Betrieb<\/h3>\n<p>Auf der Sauna-Deluxe-Steuerung haben wir dieses \"L\u00f6yly\"-Erlebnis als Voreinstellung auf dem Display f\u00fcr Sie hinterlegt.<\/p>\n<ol>\n<li>\u00a0Wenn Sie die L\u00f6yly-Funktion aktivieren, beginnt der Saunaofen zu arbeiten, bis die eingestellte Temperatur erreicht ist.<\/li>\n<li>Wenn die eingestellte Temperatur erreicht ist, schaltet sich der Saunaofen aus und Sie k\u00f6nnen mit dem Saunagang beginnen.<\/li>\n<li>Bei etwa 750 \u00b0C schaltet sich der Saunaofen wieder ein, und der Zyklus wiederholt sich erneut.<\/li>\n<\/ol>\n<p>Je nach der Menge des aufgegossenen Wassers variiert die gef\u00fchlte Temperatur in der Saunakabine.<\/p>\n<p><img loading=\"lazy\" decoding=\"async\" class=\"wp-image-6098 size-full aligncenter\" src=\"https:\/\/cleopatra.nl\/wp-content\/uploads\/chart-2.webp\" alt=\"\" width=\"800\" height=\"800\" srcset=\"https:\/\/cleopatra.nl\/wp-content\/uploads\/chart-2.webp 800w, https:\/\/cleopatra.nl\/wp-content\/uploads\/chart-2-300x300.webp 300w, https:\/\/cleopatra.nl\/wp-content\/uploads\/chart-2-150x150.webp 150w, https:\/\/cleopatra.nl\/wp-content\/uploads\/chart-2-768x768.webp 768w, https:\/\/cleopatra.nl\/wp-content\/uploads\/chart-2-12x12.webp 12w, https:\/\/cleopatra.nl\/wp-content\/uploads\/chart-2-600x600.webp 600w, https:\/\/cleopatra.nl\/wp-content\/uploads\/chart-2-100x100.webp 100w\" sizes=\"auto, (max-width: 800px) 100vw, 800px\" \/><\/p>","protected":false},"excerpt":{"rendered":"<p>Een Finse traditie L\u00f6yly, aufguss of opgieten; verschillende benaming voor hetzelfde fenomeen: het opgieten van water en geurstof op de saunaoven. Bij een temperatuur van +\/- 85 0 C wordt de saunaoven uitgeschakeld. Doordat de saunastenen warm zijn en daardoor stralingswarmte afgeven biedt dit de mogelijkheid voor een heerlijke opgietsessie. Door het opgieten ervaart u [&hellip;]<\/p>\n","protected":false},"author":1,"featured_media":0,"parent":0,"menu_order":0,"comment_status":"closed","ping_status":"closed","template":"","meta":{"_acf_changed":false,"footnotes":""},"hf_cat_page":[],"class_list":["post-5920","page","type-page","status-publish","format-standard","hentry"],"acf":[],"_links":{"self":[{"href":"https:\/\/cleopatra.nl\/de\/wp-json\/wp\/v2\/pages\/5920","targetHints":{"allow":["GET"]}}],"collection":[{"href":"https:\/\/cleopatra.nl\/de\/wp-json\/wp\/v2\/pages"}],"about":[{"href":"https:\/\/cleopatra.nl\/de\/wp-json\/wp\/v2\/types\/page"}],"author":[{"embeddable":true,"href":"https:\/\/cleopatra.nl\/de\/wp-json\/wp\/v2\/users\/1"}],"replies":[{"embeddable":true,"href":"https:\/\/cleopatra.nl\/de\/wp-json\/wp\/v2\/comments?post=5920"}],"version-history":[{"count":0,"href":"https:\/\/cleopatra.nl\/de\/wp-json\/wp\/v2\/pages\/5920\/revisions"}],"wp:attachment":[{"href":"https:\/\/cleopatra.nl\/de\/wp-json\/wp\/v2\/media?parent=5920"}],"wp:term":[{"taxonomy":"hf_cat_page","embeddable":true,"href":"https:\/\/cleopatra.nl\/de\/wp-json\/wp\/v2\/hf_cat_page?post=5920"}],"curies":[{"name":"wp","href":"https:\/\/api.w.org\/{rel}","templated":true}]}}