{"id":5922,"date":"2023-12-19T10:16:47","date_gmt":"2023-12-19T09:16:47","guid":{"rendered":"https:\/\/cleopatra.nl\/?page_id=5922"},"modified":"2024-08-15T15:27:14","modified_gmt":"2024-08-15T13:27:14","slug":"sauna-installatie-checklist","status":"publish","type":"page","link":"https:\/\/cleopatra.nl\/de\/sauna-installatie-checklist\/","title":{"rendered":"Checkliste f\u00fcr den Einbau einer Sauna"},"content":{"rendered":"<h3><span style=\"vertical-align: inherit;\"><span style=\"vertical-align: inherit;\"><span style=\"vertical-align: inherit;\"><span style=\"vertical-align: inherit;\">Technischer Raum<\/span><\/span><\/span><\/span><\/h3>\n<p><span style=\"vertical-align: inherit;\"><span style=\"vertical-align: inherit;\"><span style=\"vertical-align: inherit;\"><span style=\"vertical-align: inherit;\">Beachten Sie, dass der Relaiskasten und die Steuerung von Sauna und Infrarotkabine immer zug\u00e4nglich bleiben m\u00fcssen. Bringen Sie diese in einem Technikraum oder z.B. hinter einer Serviceklappe auf der Kabine an.<\/span><\/span><\/span><\/span><\/p>\n<h3><span style=\"vertical-align: inherit;\"><span style=\"vertical-align: inherit;\"><span style=\"vertical-align: inherit;\"><span style=\"vertical-align: inherit;\">Boden &amp; Abfluss<\/span><\/span><\/span><\/span><\/h3>\n<p><span style=\"vertical-align: inherit;\"><span style=\"vertical-align: inherit;\"><span style=\"vertical-align: inherit;\"><span style=\"vertical-align: inherit;\">Unter der Saunat\u00fcr befindet sich eine kleine \u00d6ffnung, durch die Luft angesaugt werden kann. Stellen Sie keinen Abfluss in die Saunakabine; die Hitze trocknet den Abfluss aus. Achten Sie darauf, dass der Boden eben ist; ein unebener Boden f\u00fchrt zu Ma\u00dfabweichungen.<\/span><\/span><\/span><\/span><\/p>\n<h3><span style=\"vertical-align: inherit;\"><span style=\"vertical-align: inherit;\"><span style=\"vertical-align: inherit;\"><span style=\"vertical-align: inherit;\">Erforderliche technische Einrichtungen<\/span><\/span><\/span><\/span><\/h3>\n<p><span style=\"vertical-align: inherit;\"><span style=\"vertical-align: inherit;\"><span style=\"vertical-align: inherit;\"><span style=\"vertical-align: inherit;\">Die technische Ausstattung ist von Sauna zu Sauna und Infrarotkabine unterschiedlich. Alle notwendigen Einrichtungen sind im Angebot\/Auftrag angegeben.<\/span><\/span><\/span><\/span><\/p>\n<h3><span style=\"vertical-align: inherit;\"><span style=\"vertical-align: inherit;\"><span style=\"vertical-align: inherit;\"><span style=\"vertical-align: inherit;\">Elektrizit\u00e4tsversorgung<\/span><\/span><\/span><\/span><\/h3>\n<p><span style=\"vertical-align: inherit;\"><span style=\"vertical-align: inherit;\"><span style=\"vertical-align: inherit;\"><span style=\"vertical-align: inherit;\">Berechnung der Leistung des Saunaofens: Kabinenl\u00e4nge x Breite x H\u00f6he x 1,25.<\/span><\/span><\/span><\/span><\/p>\n<p><span style=\"vertical-align: inherit;\"><span style=\"vertical-align: inherit;\"><span style=\"vertical-align: inherit;\"><span style=\"vertical-align: inherit;\">F\u00fcr einen Saunaofen bis 3,6 kW ist ein 230V-Anschluss ausreichend. Ab 4,5 kW sind 400 V oder 2 x 230 V erforderlich. Je nach gew\u00e4hltem Ofen und Beleuchtung muss festgelegt werden, ob die Beleuchtung \u00fcber den Saunaofen gesteuert wird oder ob eine zweite Stromversorgung f\u00fcr die Beleuchtung erforderlich ist. Es muss immer ein Arbeitsschalter vorhanden sein. Wir beraten Sie gerne dazu.<\/span><\/span><\/span><\/span><\/p>\n<h3><span style=\"vertical-align: inherit;\"><span style=\"vertical-align: inherit;\"><span style=\"vertical-align: inherit;\"><span style=\"vertical-align: inherit;\">Hygiene und Wartung<\/span><\/span><\/span><\/span><\/h3>\n<p><span style=\"vertical-align: inherit;\"><span style=\"vertical-align: inherit;\"><span style=\"vertical-align: inherit;\"><span style=\"vertical-align: inherit;\">Durch die Verwendung eines Handtuchs verhindern Sie, dass Schwei\u00dftropfen auf Ihre B\u00e4nke fallen. Zur Schonung Ihres Ofens: Wechseln Sie Ihre Saunasteine bei regelm\u00e4\u00dfiger Benutzung alle paar Jahre aus, stopfen Sie sie nicht in den Ofen und stapeln Sie sie nicht hoch auf dem Ofen.<\/span><\/span><\/span><\/span><\/p>\n<h3><span style=\"vertical-align: inherit;\"><span style=\"vertical-align: inherit;\"><span style=\"vertical-align: inherit;\"><span style=\"vertical-align: inherit;\">Garantie<\/span><\/span><\/span><\/span><\/h3>\n<p><span style=\"vertical-align: inherit;\"><span style=\"vertical-align: inherit;\"><span style=\"vertical-align: inherit;\"><span style=\"vertical-align: inherit;\">Bei normaler privater Nutzung 2 Jahre f\u00fcr die Kabine, ausgenommen Glast\u00fcren\/Fenster und Lampen. Saunaofen und Elektronik 2 Jahre, mit Ausnahme der Heizelemente, da deren Lebensdauer stark davon abh\u00e4ngt, wie der Ofen behandelt wird.<\/span><\/span><\/span><\/span><\/p>","protected":false},"excerpt":{"rendered":"<p>Technical room Please note that the relay box and control of the sauna and infrared cabin must always remain accessible. Place these in a technical room or for example behind a service hatch on top of the cabin. Floor &amp; Drain A small opening is kept under the door of the sauna to allow air [&hellip;]<\/p>\n","protected":false},"author":1,"featured_media":0,"parent":0,"menu_order":0,"comment_status":"closed","ping_status":"closed","template":"","meta":{"_acf_changed":false,"footnotes":""},"hf_cat_page":[],"class_list":["post-5922","page","type-page","status-publish","format-standard","hentry"],"acf":[],"_links":{"self":[{"href":"https:\/\/cleopatra.nl\/de\/wp-json\/wp\/v2\/pages\/5922","targetHints":{"allow":["GET"]}}],"collection":[{"href":"https:\/\/cleopatra.nl\/de\/wp-json\/wp\/v2\/pages"}],"about":[{"href":"https:\/\/cleopatra.nl\/de\/wp-json\/wp\/v2\/types\/page"}],"author":[{"embeddable":true,"href":"https:\/\/cleopatra.nl\/de\/wp-json\/wp\/v2\/users\/1"}],"replies":[{"embeddable":true,"href":"https:\/\/cleopatra.nl\/de\/wp-json\/wp\/v2\/comments?post=5922"}],"version-history":[{"count":4,"href":"https:\/\/cleopatra.nl\/de\/wp-json\/wp\/v2\/pages\/5922\/revisions"}],"predecessor-version":[{"id":7568,"href":"https:\/\/cleopatra.nl\/de\/wp-json\/wp\/v2\/pages\/5922\/revisions\/7568"}],"wp:attachment":[{"href":"https:\/\/cleopatra.nl\/de\/wp-json\/wp\/v2\/media?parent=5922"}],"wp:term":[{"taxonomy":"hf_cat_page","embeddable":true,"href":"https:\/\/cleopatra.nl\/de\/wp-json\/wp\/v2\/hf_cat_page?post=5922"}],"curies":[{"name":"wp","href":"https:\/\/api.w.org\/{rel}","templated":true}]}}