{"id":7882,"date":"2024-11-06T11:06:55","date_gmt":"2024-11-06T10:06:55","guid":{"rendered":"https:\/\/cleopatra.nl\/?page_id=7882"},"modified":"2024-11-06T11:20:31","modified_gmt":"2024-11-06T10:20:31","slug":"salt-rooms","status":"publish","type":"page","link":"https:\/\/cleopatra.nl\/de\/salt-rooms\/","title":{"rendered":"Salzr\u00e4ume"},"content":{"rendered":"<p>Die Salztherapie gibt es schon seit Jahrhunderten und sie ist auch heute noch aktuell, und das aus gutem Grund: Sie kann die Lungengesundheit, Depressionen und Angstzust\u00e4nde verbessern.<\/p>\n<div style=\"width:100%; padding-top:56%; position:relative\">\n<iframe loading=\"lazy\" src=\"https:\/\/cleopatra1234.sirv.com\/Salt%20room\/Salt%20room.spin\" width=\"100%\" height=\"100%\" style=\"position: absolute; inset: 0;\" frameborder=\"0\" allowfullscreen><\/iframe>\n<\/div>\n<p>&nbsp;<\/p>\n<h3>Geschichte der Halotherapie<\/h3>\n<p>Das erste Ger\u00e4t zur Halotherapie wurde 1980 vom Odesa Science Research Institute entwickelt. Das Ger\u00e4t (Halogengenerator) wurde so konzipiert, dass es Salz mahlt und zerkleinert und die Partikel in die Luft abgibt, um eine unterirdische Salzminenumgebung zu imitieren.<\/p>\n<h3>Was ist Halotherapie?<\/h3>\n<p>Bei der Halotherapie, auch Salztherapie genannt, werden mikroskopisch kleine Salzpartikel eingeatmet, die Lungenprobleme wie Asthma, Bronchitis und Husten lindern sollen. Es gibt zwei Arten von Halotherapiekammern: aktive und passive.<\/p>\n<h3>Aktiver Salzraum<\/h3>\n<p>In dieser Kammer kommt eine Maschine zum Einsatz, die als Halogenerator bezeichnet wird. Ein Halogenerator ist ein Ger\u00e4t, das Salz in mikroskopisch kleine Partikel zermahlt und diese in die Luft einer Kammer abgibt. Es wird behauptet, dass die Salzpartikel Reizstoffe, einschlie\u00dflich Allergene und Toxine, aus den Atemwegen absorbieren und so die allgemeine Lungengesundheit verbessern.<\/p>\n<h3>Passive Salzkammer<\/h3>\n<p>Im Gegensatz zu aktiven Salzkammern verf\u00fcgt diese Kammer nicht \u00fcber einen Halogengenerator. Passive Kammern sind stattdessen mit verschiedenen Arten von Salzpaneelen gef\u00fcllt, z. B. mit Himalaya-Salzwandpaneelen. Diese passiven Salzkammern sind oft so konzipiert, dass sie die Umgebung durch Regulierung von Luftstrom, Luftfeuchtigkeit und Temperatur steuern, um eine allergen- und schadstofffreie Umgebung zu erm\u00f6glichen.<\/p>\n<h2>VORTEILE F\u00dcR DIE GESUNDHEIT<\/h2>\n<h3>Befreit die Atemwege<\/h3>\n<p>Wenn Sie trockene Salzpartikel tief in Ihre Lungen einatmen, werden sie von Ihren Atemwegen aufgenommen. Dieser Prozess reinigt die sch\u00e4dlichen Partikel, die Ihre Atemwege verengen, und erleichtert das Atmen. Deshalb empfehlen \u00c4rzte die Halotherapie als \"Extra\" f\u00fcr Menschen mit Asthma.<\/p>\n<h3>Reinigt Bakterien<\/h3>\n<p>Salz ist ein bemerkenswertes nat\u00fcrliches antibakterielles, antimikrobielles und antivirales Mittel. Aus diesem Grund wurde es in der Vergangenheit als Konservierungsmittel verwendet. Wenn Salz in die Lunge gelangt, entw\u00e4ssert es die Bakterien; ohne Wasser k\u00f6nnen die Bakterien nicht richtig funktionieren und sterben schlie\u00dflich ab.<\/p>\n<h3>Stark entz\u00fcndungshemmend<\/h3>\n<p>Eine Entz\u00fcndung entsteht, wenn wei\u00dfe Blutk\u00f6rperchen versuchen, den K\u00f6rper vor Bakterien, Infektionen oder anderen Fremdorganismen zu sch\u00fctzen. Salz ist ein hervorragender Entz\u00fcndungshemmer, da es die Nasenh\u00f6hlen und Atemwege von Giftstoffen befreien kann und so die Schwellung verringert.<\/p>\n<h3>Verbessert die Haut<\/h3>\n<p>Salz kann dazu beitragen, den PH-Wert der Haut zu stabilisieren und die Regeneration und Elastizit\u00e4t der Haut zu verbessern. Au\u00dferdem kann die Halotherapie dazu beitragen, Hautkrankheiten wie Dermatitis, Akne und Hautausschl\u00e4ge zu lindern.<\/p>\n<h3>Reduziert \u00c4ngste und Depressionen<\/h3>\n<p>Durch das Einatmen mikroskopisch kleiner Salzpartikel wird der K\u00f6rper mit negativen Ionen \u00fcberflutet. Negative Ionen l\u00f6sen eine biochemische Reaktion aus, die den Serotoninspiegel im Gehirn erh\u00f6ht. Serotonin, die so genannte \"Wohlf\u00fchlchemikalie\", ist f\u00fcr unsere Stimmung verantwortlich. Ein h\u00f6herer Serotoninspiegel hilft, Depressionen zu lindern und Stress und \u00c4ngste abzubauen.<\/p>\n<h3>Haftungsausschluss<\/h3>\n<p>Obwohl die Halotherapie als sicher und wirksam f\u00fcr die vorbeugende und wiederherstellende Gesundheitspflege gilt, ist sie keine medizinische Behandlung und bietet keine Heilung. Sie sollten Ihren Arzt fragen, ob die Halotherapie f\u00fcr Sie geeignet ist, wenn Sie Fieber, offene Wunden, Krebs, schweren Bluthochdruck, psychische St\u00f6rungen, aktive Tuberkulose haben oder schwanger sind.<\/p>\n<h2>TECHNISCHE INFORMATIONEN<\/h2>\n<ul>\n<li>Abmessungen Himalaya-Salzsteine 200x100x50 mm<\/li>\n<li>Die Salzkammern werden nach Kundenspezifikation gefertigt<\/li>\n<li>Optionaler Zerst\u00e4uber 230V (aktive oder passive Kammer)<\/li>\n<li>Der Raum sollte immer bel\u00fcftet und mit warmer Luft versorgt sein.<\/li>\n<li>LED-Farbbeleuchtung hinter der Salzwand (230V)<\/li>\n<li>100% Nat\u00fcrliche Himalayasalzsteine<\/li>\n<\/ul>","protected":false},"excerpt":{"rendered":"<p>Zouttherapie bestaat al eeuwen en is vandaag de dag nog steeds relevant; met goede reden Deze activiteit kan de gezondheid van de longen, depressie en angst helpen verbeteren. &nbsp; Geschiedenis van halotherapie Het eerste halotherapie apparaat werd in 1980 ontwikkeld door het Odesa Science Research Institute. De machine (halogenerator) is ontworpen voor het malen en [&hellip;]<\/p>\n","protected":false},"author":1,"featured_media":7802,"parent":0,"menu_order":0,"comment_status":"closed","ping_status":"closed","template":"","meta":{"_acf_changed":false,"footnotes":""},"hf_cat_page":[],"class_list":["post-7882","page","type-page","status-publish","format-standard","has-post-thumbnail","hentry"],"acf":[],"_links":{"self":[{"href":"https:\/\/cleopatra.nl\/de\/wp-json\/wp\/v2\/pages\/7882","targetHints":{"allow":["GET"]}}],"collection":[{"href":"https:\/\/cleopatra.nl\/de\/wp-json\/wp\/v2\/pages"}],"about":[{"href":"https:\/\/cleopatra.nl\/de\/wp-json\/wp\/v2\/types\/page"}],"author":[{"embeddable":true,"href":"https:\/\/cleopatra.nl\/de\/wp-json\/wp\/v2\/users\/1"}],"replies":[{"embeddable":true,"href":"https:\/\/cleopatra.nl\/de\/wp-json\/wp\/v2\/comments?post=7882"}],"version-history":[{"count":0,"href":"https:\/\/cleopatra.nl\/de\/wp-json\/wp\/v2\/pages\/7882\/revisions"}],"wp:featuredmedia":[{"embeddable":true,"href":"https:\/\/cleopatra.nl\/de\/wp-json\/wp\/v2\/media\/7802"}],"wp:attachment":[{"href":"https:\/\/cleopatra.nl\/de\/wp-json\/wp\/v2\/media?parent=7882"}],"wp:term":[{"taxonomy":"hf_cat_page","embeddable":true,"href":"https:\/\/cleopatra.nl\/de\/wp-json\/wp\/v2\/hf_cat_page?post=7882"}],"curies":[{"name":"wp","href":"https:\/\/api.w.org\/{rel}","templated":true}]}}