{"id":10045,"date":"2026-03-06T20:17:13","date_gmt":"2026-03-06T19:17:13","guid":{"rendered":"https:\/\/cleopatra.nl\/?post_type=product&#038;p=10045"},"modified":"2026-04-26T21:18:54","modified_gmt":"2026-04-26T19:18:54","slug":"geurstof-doseermodule-2-pompen","status":"publish","type":"product","link":"https:\/\/cleopatra.nl\/de\/shop\/geurstof-doseermodule-2-pompen\/","title":{"rendered":"Duftstoff-Dosiermodul | 2 Pumpen"},"content":{"rendered":"<p>Das Duftstoff-Dosiermodul f\u00fcr Dampfb\u00e4der ist ein fortschrittliches, eigenst\u00e4ndiges System, das Folgendes bietet<\/p>\n<p>optimales Dufterlebnis im Dampfbad. Dank der \u00fcbersichtlichen Digitalanzeige ist die Bedienung<\/p>\n<p>einfach und intuitiv. Mit diesem Modul k\u00f6nnen bis zu vier verschiedene D\u00fcfte<\/p>\n<p>verbunden, so dass der Benutzer m\u00fchelos zwischen verschiedenen Aromen wechseln kann, wodurch<\/p>\n<p>immer die gew\u00fcnschte Atmosph\u00e4re schaffen.<\/p>\n<p>Die Duftintensit\u00e4t ist manuell \u00fcber das Display einstellbar. Dies erm\u00f6glicht die Dosierung<\/p>\n<p>genau auf die Gr\u00f6\u00dfe des Dampfbades und die gew\u00fcnschte Duftst\u00e4rke abgestimmt werden. So<\/p>\n<p>schafft immer ein angenehmes und ausgewogenes Dufterlebnis.<\/p>\n<p>Das Modul ist mit einem eigenen Temperatursensor ausgestattet. Dadurch wird nur Duftstoff dosiert<\/p>\n<p>wenn das Dampfbad tats\u00e4chlich auf Temperatur ist. Dies verhindert unn\u00f6tigen Verbrauch von<\/p>\n<p>Duftstoffe und gew\u00e4hrleistet einen effizienten und nachhaltigen Betrieb des Systems.<\/p>\n<p>Beim Duftwechsel verf\u00fcgt das Modul \u00fcber eine praktische Funktion, bei der die Duftstoffpumpe<\/p>\n<p>kann die Rotation vor\u00fcbergehend beschleunigen. Dadurch wird der neue Duftstoff schneller durch den Schlauch gepumpt und ist<\/p>\n<p>Im Dampfbad macht sich der gew\u00fcnschte Duft schnell bemerkbar.<\/p>\n<p>Der Duftstofftank hat ein gro\u00dfz\u00fcgiges Fassungsverm\u00f6gen von bis zu 10 Litern, so dass das Modul auch \u00fcber l\u00e4ngere Zeitr\u00e4ume hinweg verwendet werden kann<\/p>\n<p>Funktion ohne h\u00e4ufiges Nachf\u00fcllen. Nat\u00fcrlich kann der Tank auch mit dem leckeren Original gef\u00fcllt werden<\/p>\n<p>D\u00fcfte von Cleopatra, wie Eukalyptus, Eukaminze, Lavendel und Kiefer. Diese hochwertigen Aromen<\/p>\n<p>verst\u00e4rken die entspannende und erfrischende Wirkung des Dampfbades und tragen zu einem ultimativen<\/p>\n<p>Wellness-Erfahrung.<\/p>","protected":false},"excerpt":{"rendered":"<p>De geurstofdoseer module voor stoombaden is een geavanceerd, stand-alone systeem dat zorgt voor een optimale geurbeleving in het stoombad. Dankzij het overzichtelijke digitale display is de bediening eenvoudig en intu\u00eftief. Met deze module kunnen maximaal vier verschillende geurstoffen worden aangesloten, waardoor gebruikers moeiteloos kunnen wisselen tussen verschillende aroma\u2019s en zo steeds de gewenste sfeer cre\u00ebren. [&hellip;]<\/p>\n","protected":false},"featured_media":10047,"template":"","format":"standard","meta":{"_acf_changed":false},"product_brand":[347],"product_cat":[71,81],"product_tag":[],"class_list":{"0":"post-10045","1":"product","2":"type-product","3":"status-publish","4":"format-standard","5":"has-post-thumbnail","7":"product_brand-cleopatra","8":"product_cat-shop","9":"product_cat-stoomtechniek-professioneel","11":"first","12":"instock","13":"taxable","14":"shipping-taxable","15":"purchasable","16":"product-type-simple"},"acf":[],"_links":{"self":[{"href":"https:\/\/cleopatra.nl\/de\/wp-json\/wp\/v2\/product\/10045","targetHints":{"allow":["GET"]}}],"collection":[{"href":"https:\/\/cleopatra.nl\/de\/wp-json\/wp\/v2\/product"}],"about":[{"href":"https:\/\/cleopatra.nl\/de\/wp-json\/wp\/v2\/types\/product"}],"wp:featuredmedia":[{"embeddable":true,"href":"https:\/\/cleopatra.nl\/de\/wp-json\/wp\/v2\/media\/10047"}],"wp:attachment":[{"href":"https:\/\/cleopatra.nl\/de\/wp-json\/wp\/v2\/media?parent=10045"}],"wp:term":[{"taxonomy":"product_brand","embeddable":true,"href":"https:\/\/cleopatra.nl\/de\/wp-json\/wp\/v2\/product_brand?post=10045"},{"taxonomy":"product_cat","embeddable":true,"href":"https:\/\/cleopatra.nl\/de\/wp-json\/wp\/v2\/product_cat?post=10045"},{"taxonomy":"product_tag","embeddable":true,"href":"https:\/\/cleopatra.nl\/de\/wp-json\/wp\/v2\/product_tag?post=10045"}],"curies":[{"name":"wp","href":"https:\/\/api.w.org\/{rel}","templated":true}]}}