{"id":10122,"date":"2026-03-10T20:24:22","date_gmt":"2026-03-10T19:24:22","guid":{"rendered":"https:\/\/cleopatra.nl\/?post_type=product&#038;p=10122"},"modified":"2026-03-27T19:50:43","modified_gmt":"2026-03-27T18:50:43","slug":"black-forest-100ml","status":"publish","type":"product","link":"https:\/\/cleopatra.nl\/de\/shop\/cleopatra-scents\/black-forest-100ml\/","title":{"rendered":"Schwarzwald - 100ml"},"content":{"rendered":"<p><strong>Spezifikation<\/strong><\/p>\n<p>Black Forest hat einen reichen, tiefen Duft, der an den geheimnisvollen Wald in der Abendd\u00e4mmerung erinnert. Er enth\u00e4lt dunkle, holzige Noten von Kiefer und Zeder, die durch den s\u00fc\u00df-s\u00e4uerlichen Duft von wilden Brombeeren und Waldfr\u00fcchten erg\u00e4nzt werden. Ein Hauch von rauchigem Moos und ein subtiler Hauch von Gew\u00fcrzen schaffen einen warmen, hypnotisierenden Duft, der zugleich mutig und beruhigend ist - wie ein Spaziergang durch einen bezaubernden, schattigen Wald.<\/p>\n<p>&nbsp;<\/p>\n<h4>Verpackung<\/h4>\n<p>Luxuri\u00f6s verpackt mit einem Magnetverschluss. Das Volumen der Flasche betr\u00e4gt 100 ml. Sowohl die Flasche als auch die Verpackung sind recycelbar.<\/p>\n<h4><\/h4>\n<h4>Warnung<\/h4>\n<p><strong>NL- Nachf\u00fcllbarer Parf\u00fcmzerst\u00e4uber<\/strong>.<\/p>\n<p>WARNUNG: Verursacht Hautreizungen. Kann allergische Hautreaktionen verursachen. Verursacht schwere Augenreizung. Giftig f\u00fcr Wasserorganismen, mit langfristiger Wirkung. Wenn Sie einen Arzt aufsuchen, halten Sie den Beh\u00e4lter oder das Etikett bereit. Au\u00dferhalb der Reichweite von Kindern aufbewahren. Einatmen der D\u00e4mpfe vermeiden. Ableitung in die Umwelt vermeiden. BEI KONTAKT MIT DER HAUT: mit viel Wasser\/Seife waschen. BEI KONTAKT MIT DEN AUGEN: mehrere Minuten lang vorsichtig mit Wasser aussp\u00fclen; Kontaktlinsen nach M\u00f6glichkeit entfernen; weiter aussp\u00fclen. Bei Hautreizung oder Hautausschlag: Arzt aufsuchen. Inhalt\/Verpackung bei einem zugelassenen Entsorgungsunternehmen entsorgen. Vermeiden Sie den Kontakt des Duftes mit M\u00f6beln, Leder oder behandelten Holzoberfl\u00e4chen. Wenn Fl\u00fcssigkeit versch\u00fcttet wird, sofort aufr\u00e4umen.<\/p>","protected":false},"excerpt":{"rendered":"<p>Specificatie Black Forest heeft een rijke, diepe geur die doet denken aan de mysterieuze bossen in de schemering. Het bevat donkere, houtachtige tonen van dennen en ceder, aangevuld met de zoetzure geur van wilde bramen en bosvruchten. Er zijn hints van rokerig mos en subtiele hints van kruiden, wat zorgt voor een warme, hypnotiserende geur [&hellip;]<\/p>\n","protected":false},"featured_media":10101,"template":"","format":"standard","meta":{"_acf_changed":false},"product_brand":[],"product_cat":[298,328],"product_tag":[],"class_list":{"0":"post-10122","1":"product","2":"type-product","3":"status-publish","4":"format-standard","5":"has-post-thumbnail","7":"product_cat-cleopatra-scents","8":"product_cat-scents-100ml","10":"first","11":"instock","12":"taxable","13":"shipping-taxable","14":"purchasable","15":"product-type-simple"},"acf":[],"_links":{"self":[{"href":"https:\/\/cleopatra.nl\/de\/wp-json\/wp\/v2\/product\/10122","targetHints":{"allow":["GET"]}}],"collection":[{"href":"https:\/\/cleopatra.nl\/de\/wp-json\/wp\/v2\/product"}],"about":[{"href":"https:\/\/cleopatra.nl\/de\/wp-json\/wp\/v2\/types\/product"}],"wp:featuredmedia":[{"embeddable":true,"href":"https:\/\/cleopatra.nl\/de\/wp-json\/wp\/v2\/media\/10101"}],"wp:attachment":[{"href":"https:\/\/cleopatra.nl\/de\/wp-json\/wp\/v2\/media?parent=10122"}],"wp:term":[{"taxonomy":"product_brand","embeddable":true,"href":"https:\/\/cleopatra.nl\/de\/wp-json\/wp\/v2\/product_brand?post=10122"},{"taxonomy":"product_cat","embeddable":true,"href":"https:\/\/cleopatra.nl\/de\/wp-json\/wp\/v2\/product_cat?post=10122"},{"taxonomy":"product_tag","embeddable":true,"href":"https:\/\/cleopatra.nl\/de\/wp-json\/wp\/v2\/product_tag?post=10122"}],"curies":[{"name":"wp","href":"https:\/\/api.w.org\/{rel}","templated":true}]}}