{"id":10126,"date":"2026-03-10T20:28:25","date_gmt":"2026-03-10T19:28:25","guid":{"rendered":"https:\/\/cleopatra.nl\/?post_type=product&#038;p=10126"},"modified":"2026-04-26T12:56:15","modified_gmt":"2026-04-26T10:56:15","slug":"four-seasons-100ml","status":"publish","type":"product","link":"https:\/\/cleopatra.nl\/de\/shop\/cleopatra-scents\/four-seasons-100ml\/","title":{"rendered":"Four Seasons &#8211; 100ml"},"content":{"rendered":"<p><strong>Spezifikation<\/strong><\/p>\n<p>Four Seasons is een veelzijdige geur die de essentie van de veranderende schoonheid van de natuur vastlegt. Het bevat doorgaans een uitgebalanceerde mix van frisse, bloemige, fruitige en warme houtachtige noten, die de levendigheid van de lente, de helderheid van de zomer, de rijkdom van de herfst en de gezelligheid van de winter symboliseren. De geur is harmonieus en aanpasbaar en roept het hele jaar door een gevoel van vernieuwing en volheid van leven op \u2013 verfrissend in de lente, stralend in de zomer, troostend in de herfst en verwarmend in de winter.<\/p>\n<p>&nbsp;<\/p>\n<h4>Verpackung<\/h4>\n<p>Luxuri\u00f6s verpackt mit einem Magnetverschluss. Das Volumen der Flasche betr\u00e4gt 100 ml. Sowohl die Flasche als auch die Verpackung sind recycelbar.<\/p>\n<h4><\/h4>\n<h4>Warnung<\/h4>\n<p><strong>NL- Nachf\u00fcllbarer Parf\u00fcmzerst\u00e4uber<\/strong>.<\/p>\n<p>WARNUNG: Verursacht Hautreizungen. Kann allergische Hautreaktionen verursachen. Verursacht schwere Augenreizung. Giftig f\u00fcr Wasserorganismen, mit langfristiger Wirkung. Wenn Sie einen Arzt aufsuchen, halten Sie den Beh\u00e4lter oder das Etikett bereit. Au\u00dferhalb der Reichweite von Kindern aufbewahren. Einatmen der D\u00e4mpfe vermeiden. Ableitung in die Umwelt vermeiden. BEI KONTAKT MIT DER HAUT: mit viel Wasser\/Seife waschen. BEI KONTAKT MIT DEN AUGEN: mehrere Minuten lang vorsichtig mit Wasser aussp\u00fclen; Kontaktlinsen nach M\u00f6glichkeit entfernen; weiter aussp\u00fclen. Bei Hautreizung oder Hautausschlag: Arzt aufsuchen. Inhalt\/Verpackung bei einem zugelassenen Entsorgungsunternehmen entsorgen. Vermeiden Sie den Kontakt des Duftes mit M\u00f6beln, Leder oder behandelten Holzoberfl\u00e4chen. Wenn Fl\u00fcssigkeit versch\u00fcttet wird, sofort aufr\u00e4umen.<\/p>","protected":false},"excerpt":{"rendered":"<p>Specificatie Four Seasons is een veelzijdige geur die de essentie van de veranderende schoonheid van de natuur vastlegt. Het bevat doorgaans een uitgebalanceerde mix van frisse, bloemige, fruitige en warme houtachtige noten, die de levendigheid van de lente, de helderheid van de zomer, de rijkdom van de herfst en de gezelligheid van de winter symboliseren. [&hellip;]<\/p>\n","protected":false},"featured_media":10105,"template":"","format":"standard","meta":{"_acf_changed":false},"product_brand":[],"product_cat":[298,328],"product_tag":[],"class_list":{"0":"post-10126","1":"product","2":"type-product","3":"status-publish","4":"format-standard","5":"has-post-thumbnail","7":"product_cat-cleopatra-scents","8":"product_cat-scents-100ml","10":"first","11":"instock","12":"taxable","13":"shipping-taxable","14":"purchasable","15":"product-type-simple"},"acf":[],"_links":{"self":[{"href":"https:\/\/cleopatra.nl\/de\/wp-json\/wp\/v2\/product\/10126","targetHints":{"allow":["GET"]}}],"collection":[{"href":"https:\/\/cleopatra.nl\/de\/wp-json\/wp\/v2\/product"}],"about":[{"href":"https:\/\/cleopatra.nl\/de\/wp-json\/wp\/v2\/types\/product"}],"wp:featuredmedia":[{"embeddable":true,"href":"https:\/\/cleopatra.nl\/de\/wp-json\/wp\/v2\/media\/10105"}],"wp:attachment":[{"href":"https:\/\/cleopatra.nl\/de\/wp-json\/wp\/v2\/media?parent=10126"}],"wp:term":[{"taxonomy":"product_brand","embeddable":true,"href":"https:\/\/cleopatra.nl\/de\/wp-json\/wp\/v2\/product_brand?post=10126"},{"taxonomy":"product_cat","embeddable":true,"href":"https:\/\/cleopatra.nl\/de\/wp-json\/wp\/v2\/product_cat?post=10126"},{"taxonomy":"product_tag","embeddable":true,"href":"https:\/\/cleopatra.nl\/de\/wp-json\/wp\/v2\/product_tag?post=10126"}],"curies":[{"name":"wp","href":"https:\/\/api.w.org\/{rel}","templated":true}]}}