{"id":10131,"date":"2026-03-10T20:33:12","date_gmt":"2026-03-10T19:33:12","guid":{"rendered":"https:\/\/cleopatra.nl\/?post_type=product&#038;p=10131"},"modified":"2026-04-26T21:18:55","modified_gmt":"2026-04-26T19:18:55","slug":"magnolia-poem-100ml","status":"publish","type":"product","link":"https:\/\/cleopatra.nl\/de\/shop\/cleopatra-scents\/magnolia-poem-100ml\/","title":{"rendered":"Magnolia Poem &#8211; 100ml"},"content":{"rendered":"<p><strong>Spezifikation<\/strong><\/p>\n<p>Magnolia Poem is een delicate en po\u00ebtische geur die de zachte, vrouwelijke elegantie van bloeiende magnolia\u2019s vastlegt. Het bevat frisse, bloemige noten van magnoliabloesem, gecombineerd met een vleugje jasmijn, lelie en subtiele groene accenten. De geur is luchtig, sierlijk en licht romig en roept een gevoel van sereniteit en po\u00ebtische schoonheid op. Het is een subtiele ode aan de kunst van de natuur, perfect voor wie tijdloze, bloemige verfijning waardeert.<\/p>\n<p>&nbsp;<\/p>\n<h4>Verpackung<\/h4>\n<p>Luxuri\u00f6s verpackt mit einem Magnetverschluss. Das Volumen der Flasche betr\u00e4gt 100 ml. Sowohl die Flasche als auch die Verpackung sind recycelbar.<\/p>\n<h4><\/h4>\n<h4>Warnung<\/h4>\n<p><strong>NL- Nachf\u00fcllbarer Parf\u00fcmzerst\u00e4uber<\/strong>.<\/p>\n<p>WARNUNG: Verursacht Hautreizungen. Kann allergische Hautreaktionen verursachen. Verursacht schwere Augenreizung. Giftig f\u00fcr Wasserorganismen, mit langfristiger Wirkung. Wenn Sie einen Arzt aufsuchen, halten Sie den Beh\u00e4lter oder das Etikett bereit. Au\u00dferhalb der Reichweite von Kindern aufbewahren. Einatmen der D\u00e4mpfe vermeiden. Ableitung in die Umwelt vermeiden. BEI KONTAKT MIT DER HAUT: mit viel Wasser\/Seife waschen. BEI KONTAKT MIT DEN AUGEN: mehrere Minuten lang vorsichtig mit Wasser aussp\u00fclen; Kontaktlinsen nach M\u00f6glichkeit entfernen; weiter aussp\u00fclen. Bei Hautreizung oder Hautausschlag: Arzt aufsuchen. Inhalt\/Verpackung bei einem zugelassenen Entsorgungsunternehmen entsorgen. Vermeiden Sie den Kontakt des Duftes mit M\u00f6beln, Leder oder behandelten Holzoberfl\u00e4chen. Wenn Fl\u00fcssigkeit versch\u00fcttet wird, sofort aufr\u00e4umen.<\/p>","protected":false},"excerpt":{"rendered":"<p>Specificatie Magnolia Poem is een delicate en po\u00ebtische geur die de zachte, vrouwelijke elegantie van bloeiende magnolia\u2019s vastlegt. Het bevat frisse, bloemige noten van magnoliabloesem, gecombineerd met een vleugje jasmijn, lelie en subtiele groene accenten. De geur is luchtig, sierlijk en licht romig en roept een gevoel van sereniteit en po\u00ebtische schoonheid op. Het is [&hellip;]<\/p>\n","protected":false},"featured_media":10110,"template":"","format":"standard","meta":{"_acf_changed":false},"product_brand":[347],"product_cat":[298,328],"product_tag":[],"class_list":{"0":"post-10131","1":"product","2":"type-product","3":"status-publish","4":"format-standard","5":"has-post-thumbnail","7":"product_brand-cleopatra","8":"product_cat-cleopatra-scents","9":"product_cat-scents-100ml","11":"first","12":"instock","13":"taxable","14":"shipping-taxable","15":"purchasable","16":"product-type-simple"},"acf":[],"_links":{"self":[{"href":"https:\/\/cleopatra.nl\/de\/wp-json\/wp\/v2\/product\/10131","targetHints":{"allow":["GET"]}}],"collection":[{"href":"https:\/\/cleopatra.nl\/de\/wp-json\/wp\/v2\/product"}],"about":[{"href":"https:\/\/cleopatra.nl\/de\/wp-json\/wp\/v2\/types\/product"}],"wp:featuredmedia":[{"embeddable":true,"href":"https:\/\/cleopatra.nl\/de\/wp-json\/wp\/v2\/media\/10110"}],"wp:attachment":[{"href":"https:\/\/cleopatra.nl\/de\/wp-json\/wp\/v2\/media?parent=10131"}],"wp:term":[{"taxonomy":"product_brand","embeddable":true,"href":"https:\/\/cleopatra.nl\/de\/wp-json\/wp\/v2\/product_brand?post=10131"},{"taxonomy":"product_cat","embeddable":true,"href":"https:\/\/cleopatra.nl\/de\/wp-json\/wp\/v2\/product_cat?post=10131"},{"taxonomy":"product_tag","embeddable":true,"href":"https:\/\/cleopatra.nl\/de\/wp-json\/wp\/v2\/product_tag?post=10131"}],"curies":[{"name":"wp","href":"https:\/\/api.w.org\/{rel}","templated":true}]}}