{"id":10134,"date":"2026-03-10T20:36:15","date_gmt":"2026-03-10T19:36:15","guid":{"rendered":"https:\/\/cleopatra.nl\/?post_type=product&#038;p=10134"},"modified":"2026-03-10T20:50:33","modified_gmt":"2026-03-10T19:50:33","slug":"tea-island-100ml","status":"publish","type":"product","link":"https:\/\/cleopatra.nl\/de\/shop\/cleopatra-scents\/tea-island-100ml\/","title":{"rendered":"Tea Island &#8211; 100ml"},"content":{"rendered":"<p><strong>Spezifikation<\/strong><\/p>\n<p>Tea Island is een verfrissende en rustgevende geur die de sereniteit van een vredige retraite oproept. Het bevat delicate, kruidige tonen van groene thee, vermengd met subtiele hints van citrus en bloemige accenten zoals jasmijn of kamille. De geur is licht, kalmerend en verkwikkend, en doet denken aan een wandeling door weelderige tuinen op een zacht eilandbriesje. Perfect om een \u200b\u200bgevoel van ontspanning, puurheid en natuurlijke elegantie te belichamen.<\/p>\n<p>&nbsp;<\/p>\n<h4>Verpackung<\/h4>\n<p>Luxuri\u00f6s verpackt mit einem Magnetverschluss. Das Volumen der Flasche betr\u00e4gt 100 ml. Sowohl die Flasche als auch die Verpackung sind recycelbar.<\/p>\n<h4><\/h4>\n<h4>Warnung<\/h4>\n<p><strong>NL- Nachf\u00fcllbarer Parf\u00fcmzerst\u00e4uber<\/strong>.<\/p>\n<p>WARNUNG: Verursacht Hautreizungen. Kann allergische Hautreaktionen verursachen. Verursacht schwere Augenreizung. Giftig f\u00fcr Wasserorganismen, mit langfristiger Wirkung. Wenn Sie einen Arzt aufsuchen, halten Sie den Beh\u00e4lter oder das Etikett bereit. Au\u00dferhalb der Reichweite von Kindern aufbewahren. Einatmen der D\u00e4mpfe vermeiden. Ableitung in die Umwelt vermeiden. BEI KONTAKT MIT DER HAUT: mit viel Wasser\/Seife waschen. BEI KONTAKT MIT DEN AUGEN: mehrere Minuten lang vorsichtig mit Wasser aussp\u00fclen; Kontaktlinsen nach M\u00f6glichkeit entfernen; weiter aussp\u00fclen. Bei Hautreizung oder Hautausschlag: Arzt aufsuchen. Inhalt\/Verpackung bei einem zugelassenen Entsorgungsunternehmen entsorgen. Vermeiden Sie den Kontakt des Duftes mit M\u00f6beln, Leder oder behandelten Holzoberfl\u00e4chen. Wenn Fl\u00fcssigkeit versch\u00fcttet wird, sofort aufr\u00e4umen.<\/p>","protected":false},"excerpt":{"rendered":"<p>Specificatie Tea Island is een verfrissende en rustgevende geur die de sereniteit van een vredige retraite oproept. Het bevat delicate, kruidige tonen van groene thee, vermengd met subtiele hints van citrus en bloemige accenten zoals jasmijn of kamille. De geur is licht, kalmerend en verkwikkend, en doet denken aan een wandeling door weelderige tuinen op [&hellip;]<\/p>\n","protected":false},"featured_media":10113,"template":"","format":"standard","meta":{"_acf_changed":false},"product_brand":[],"product_cat":[298,328],"product_tag":[],"class_list":{"0":"post-10134","1":"product","2":"type-product","3":"status-publish","4":"format-standard","5":"has-post-thumbnail","7":"product_cat-cleopatra-scents","8":"product_cat-scents-100ml","10":"first","11":"instock","12":"taxable","13":"shipping-taxable","14":"purchasable","15":"product-type-simple"},"acf":[],"_links":{"self":[{"href":"https:\/\/cleopatra.nl\/de\/wp-json\/wp\/v2\/product\/10134","targetHints":{"allow":["GET"]}}],"collection":[{"href":"https:\/\/cleopatra.nl\/de\/wp-json\/wp\/v2\/product"}],"about":[{"href":"https:\/\/cleopatra.nl\/de\/wp-json\/wp\/v2\/types\/product"}],"wp:featuredmedia":[{"embeddable":true,"href":"https:\/\/cleopatra.nl\/de\/wp-json\/wp\/v2\/media\/10113"}],"wp:attachment":[{"href":"https:\/\/cleopatra.nl\/de\/wp-json\/wp\/v2\/media?parent=10134"}],"wp:term":[{"taxonomy":"product_brand","embeddable":true,"href":"https:\/\/cleopatra.nl\/de\/wp-json\/wp\/v2\/product_brand?post=10134"},{"taxonomy":"product_cat","embeddable":true,"href":"https:\/\/cleopatra.nl\/de\/wp-json\/wp\/v2\/product_cat?post=10134"},{"taxonomy":"product_tag","embeddable":true,"href":"https:\/\/cleopatra.nl\/de\/wp-json\/wp\/v2\/product_tag?post=10134"}],"curies":[{"name":"wp","href":"https:\/\/api.w.org\/{rel}","templated":true}]}}