{"id":10223,"date":"2026-03-28T15:24:58","date_gmt":"2026-03-28T14:24:58","guid":{"rendered":"https:\/\/cleopatra.nl\/?post_type=product&#038;p=10223"},"modified":"2026-04-26T21:18:54","modified_gmt":"2026-04-26T19:18:54","slug":"ijsmachines","status":"publish","type":"product","link":"https:\/\/cleopatra.nl\/de\/shop\/ijsmachines\/","title":{"rendered":"Eismaschinen"},"content":{"rendered":"<p data-start=\"69\" data-end=\"423\">Unsere industriellen Crush-Eis-Maschinen werden in Deutschland hergestellt und sind seit 1968 f\u00fcr ihre Zuverl\u00e4ssigkeit und hohe Qualit\u00e4t bekannt. Die angegebene Produktionsleistung wird unter realistischen Bedingungen (+20\u00b0C Umgebungstemperatur und +15\u00b0C Wassertemperatur) garantiert, wobei in der Praxis oft noch h\u00f6here Ertr\u00e4ge erzielt werden.<\/p>\n<p data-start=\"425\" data-end=\"783\">F\u00fcr eine optimale Leistung ist eine geeignete Installationsumgebung unerl\u00e4sslich. Die Maschinen sind standardm\u00e4\u00dfig luftgek\u00fchlt und f\u00fcr einen effizienten Betrieb bei den genannten Temperaturen ausgelegt. Bei h\u00f6heren Temperaturen kann die Produktion sinken und die Lebensdauer beeintr\u00e4chtigt werden. F\u00fcr diesen Fall sind wassergek\u00fchlte oder geteilte Versionen erh\u00e4ltlich, die auf Ihre Situation zugeschnitten sind.<\/p>\n<p data-start=\"785\" data-end=\"1013\">Es gibt eine Vielzahl von Ausf\u00fchrungen und Aufbauten, einschlie\u00dflich flexibler L\u00f6sungen, bei denen die Komponenten separat aufgestellt werden k\u00f6nnen. Ein komplettes Angebot an Eismaschinen und Lagersystemen ist ebenfalls erh\u00e4ltlich.<\/p>\n<p data-start=\"1015\" data-end=\"1328\"><strong data-start=\"1015\" data-end=\"1036\">Auswahl an Eissorten<\/strong><br data-start=\"1036\" data-end=\"1039\" \/>Je nach Anwendung kann zwischen Standard-Eis und Mikro-Eis gew\u00e4hlt werden. Mikroeis hat eine gr\u00f6\u00dfere Kontaktfl\u00e4che, wirkt schneller und f\u00fchlt sich weicher an, wodurch es sich besonders f\u00fcr Wellness- und Saunaanwendungen eignet. Standard-Eis schmilzt langsamer und ist trockener in der Anwendung.<\/p>\n<p data-start=\"1330\" data-end=\"1479\"><strong data-start=\"1330\" data-end=\"1356\">Anwendung und Verbrauch<\/strong><br data-start=\"1356\" data-end=\"1359\" \/>Bei Eispeelings werden durchschnittlich 0,5 kg Eis f\u00fcr Arme und Beine und etwa 1 kg f\u00fcr eine Ganzk\u00f6rperbehandlung verwendet.<\/p>\n<p data-start=\"1481\" data-end=\"1732\"><strong data-start=\"1481\" data-end=\"1510\">Hygiene und Wasserqualit\u00e4t<\/strong><br data-start=\"1510\" data-end=\"1513\" \/>F\u00fcr optimalen Betrieb und Hygiene sind die Maschinen mit einem fortschrittlichen Wasserfiltersystem ausgestattet. Dieses verhindert Verunreinigungen, Bakterienwachstum und Kalkablagerungen und tr\u00e4gt zu einer l\u00e4ngeren Lebensdauer der Anlage bei.<\/p>\n<p data-start=\"1734\" data-end=\"1943\"><strong data-start=\"1734\" data-end=\"1758\">Langlebiges K\u00e4ltemittel<\/strong><br data-start=\"1758\" data-end=\"1761\" \/>Die Maschinen sind serienm\u00e4\u00dfig mit einem umweltfreundlichen, nat\u00fcrlichen K\u00e4ltemittel mit sehr geringer Umweltbelastung ausgestattet.<\/p>","protected":false},"excerpt":{"rendered":"<p>Onze industri\u00eble breekijsmachines worden in Duitsland geproduceerd en staan al sinds 1968 bekend om hun betrouwbaarheid en hoge kwaliteit. De opgegeven productiecapaciteit wordt gegarandeerd onder realistische omstandigheden (+20\u00b0C omgevingstemperatuur en +15\u00b0C watertemperatuur), waarbij in de praktijk vaak zelfs hogere opbrengsten worden gerealiseerd. Voor optimale prestaties is een goede installatieomgeving essentieel. De machines zijn standaard luchtgekoeld [&hellip;]<\/p>\n","protected":false},"featured_media":10225,"template":"","format":"standard","meta":{"_acf_changed":false},"product_brand":[347],"product_cat":[71,331],"product_tag":[],"class_list":{"0":"post-10223","1":"product","2":"type-product","3":"status-publish","4":"format-standard","5":"has-post-thumbnail","7":"product_brand-cleopatra","8":"product_cat-shop","9":"product_cat-ijsmachine_wellness","11":"first","12":"onbackorder","13":"taxable","14":"shipping-taxable","15":"product-type-simple"},"acf":[],"_links":{"self":[{"href":"https:\/\/cleopatra.nl\/de\/wp-json\/wp\/v2\/product\/10223","targetHints":{"allow":["GET"]}}],"collection":[{"href":"https:\/\/cleopatra.nl\/de\/wp-json\/wp\/v2\/product"}],"about":[{"href":"https:\/\/cleopatra.nl\/de\/wp-json\/wp\/v2\/types\/product"}],"wp:featuredmedia":[{"embeddable":true,"href":"https:\/\/cleopatra.nl\/de\/wp-json\/wp\/v2\/media\/10225"}],"wp:attachment":[{"href":"https:\/\/cleopatra.nl\/de\/wp-json\/wp\/v2\/media?parent=10223"}],"wp:term":[{"taxonomy":"product_brand","embeddable":true,"href":"https:\/\/cleopatra.nl\/de\/wp-json\/wp\/v2\/product_brand?post=10223"},{"taxonomy":"product_cat","embeddable":true,"href":"https:\/\/cleopatra.nl\/de\/wp-json\/wp\/v2\/product_cat?post=10223"},{"taxonomy":"product_tag","embeddable":true,"href":"https:\/\/cleopatra.nl\/de\/wp-json\/wp\/v2\/product_tag?post=10223"}],"curies":[{"name":"wp","href":"https:\/\/api.w.org\/{rel}","templated":true}]}}