{"id":10704,"date":"2026-04-27T09:13:22","date_gmt":"2026-04-27T07:13:22","guid":{"rendered":"https:\/\/cleopatra.nl\/?post_type=product&#038;p=10704"},"modified":"2026-04-27T09:51:24","modified_gmt":"2026-04-27T07:51:24","slug":"special-finishes-bad-whirlpool","status":"publish","type":"product","link":"https:\/\/cleopatra.nl\/de\/shop\/ligbaden-whirlpools\/ligbad-accessoires\/special-finishes-bad-whirlpool\/","title":{"rendered":"Special finishes bad &#038; whirlpool"},"content":{"rendered":"<h3>SPEZIALVEREDELUNGEN<\/h3>\n<p>Manchmal brauchen Produkte und Serien eine kleine Ver\u00e4nderung, um das Bad noch mehr nach dem eigenen Geschmack zu gestalten. Mit Cleopatra-Spezialoberfl\u00e4chen individualisieren wir unsere Produkte mit viel Liebe zum Detail nach den pers\u00f6nlichen W\u00fcnschen des Kunden. Das k\u00f6nnen Acryl-Oberfl\u00e4chen sein, aber auch speziell eingef\u00e4rbte Einbauteile f\u00fcr die Wanne oder den Whirlpool. Die Sonderlackierungen sind f\u00fcr jede Badewanne und jeden Whirlpool (mit Ausnahme von freistehenden Badewannen) m\u00f6glich. Die hochwertigen Finish-Farben werden auf der Basis der PVD-Technologie hergestellt: ein modernes und umweltfreundliches Verfahren zur Herstellung von Spezialoberfl\u00e4chen.<\/p>\n<p>Im Vergleich zu galvanisierten Chromoberfl\u00e4chen ist diese Beschichtung widerstandsf\u00e4higer gegen Kratzer und Reinigungsmittel und weniger anf\u00e4llig f\u00fcr Korrosion. Personalisieren Sie Ihre Badewanne mit den verschiedenen Farben unserer Spezialbeschichtung\u00a0<a href=\"https:\/\/cleopatra.nl\/de\/configurator\/special-finishes-visualisator\/\">Konfigurator<\/a>\u00a0.<\/p>\n<p>&nbsp;<\/p>\n<p><strong>SONDERAUSSTATTUNGSKONFIGURATOR<\/strong><\/p>\n<p>Wenn Sie alle Farben selbst sehen m\u00f6chten, k\u00f6nnen Sie dies in unserem\u00a0<a href=\"https:\/\/cleopatra.nl\/de\/configurator\/special-finishes-visualisator\/\">Sonderausstattungskonfigurator<\/a><\/p>\n<p>&nbsp;<\/p>\n<h4>FARBEN<\/h4>\n<ul>\n<li>Poliertes Chrom 020<\/li>\n<li>RVS-Optik 800<\/li>\n<li>Polierte Gold-Optik 990<\/li>\n<li>Geb\u00fcrstete Gold-Optik 250<\/li>\n<li>Poliertes Rotgold 300<\/li>\n<li>Geb\u00fcrstetes Rotgold 310<\/li>\n<li>Geb\u00fcrstete Bronze 140<\/li>\n<li>Poliertes Schwarz Chrom 330<\/li>\n<li>Geb\u00fcrstetes Schwarz Chrom 340<\/li>\n<\/ul>\n<p><em>Zur weiteren Kl\u00e4rung, bitte <a href=\"https:\/\/cleopatra.nl\/wp-content\/uploads\/CLEOPATRA_BADEN_WHIRLPOOLS_2026.pdf\"><strong>hier<\/strong> <\/a>de brochure vinden van baden &amp; whirlpools.<\/em><\/p>\n<p>&nbsp;<\/p>\n<p>F\u00fcr weitere Informationen \u00fcber die verschiedenen Beschichtungsfarben nehmen Sie bitte Kontakt mit uns auf.<\/p>","protected":false},"excerpt":{"rendered":"<p>SPECIALE AFWERKINGEN Soms hebben producten en series een kleine verandering nodig om de badkamer nog meer naar uw smaak te maken. Met Cleopatra special finishes individualiseren wij onze producten met oog voor detail volgens de persoonlijke wensen van de klant. Dit kunnen acryl oppervlakken zijn, maar ook speciaal gekleurde inbouwdelen voor het bad of de [&hellip;]<\/p>\n","protected":false},"featured_media":2446,"template":"","format":"standard","meta":{"_acf_changed":false},"product_brand":[347],"product_cat":[72,71],"product_tag":[],"class_list":{"0":"post-10704","1":"product","2":"type-product","3":"status-publish","4":"format-standard","5":"has-post-thumbnail","7":"product_brand-cleopatra","8":"product_cat-ligbad-accessoires","9":"product_cat-shop","11":"first","12":"instock","13":"taxable","14":"shipping-taxable","15":"purchasable","16":"product-type-simple"},"acf":[],"_links":{"self":[{"href":"https:\/\/cleopatra.nl\/de\/wp-json\/wp\/v2\/product\/10704","targetHints":{"allow":["GET"]}}],"collection":[{"href":"https:\/\/cleopatra.nl\/de\/wp-json\/wp\/v2\/product"}],"about":[{"href":"https:\/\/cleopatra.nl\/de\/wp-json\/wp\/v2\/types\/product"}],"wp:featuredmedia":[{"embeddable":true,"href":"https:\/\/cleopatra.nl\/de\/wp-json\/wp\/v2\/media\/2446"}],"wp:attachment":[{"href":"https:\/\/cleopatra.nl\/de\/wp-json\/wp\/v2\/media?parent=10704"}],"wp:term":[{"taxonomy":"product_brand","embeddable":true,"href":"https:\/\/cleopatra.nl\/de\/wp-json\/wp\/v2\/product_brand?post=10704"},{"taxonomy":"product_cat","embeddable":true,"href":"https:\/\/cleopatra.nl\/de\/wp-json\/wp\/v2\/product_cat?post=10704"},{"taxonomy":"product_tag","embeddable":true,"href":"https:\/\/cleopatra.nl\/de\/wp-json\/wp\/v2\/product_tag?post=10704"}],"curies":[{"name":"wp","href":"https:\/\/api.w.org\/{rel}","templated":true}]}}