{"id":10718,"date":"2026-04-27T13:11:26","date_gmt":"2026-04-27T11:11:26","guid":{"rendered":"https:\/\/cleopatra.nl\/?post_type=product&#038;p=10718"},"modified":"2026-04-27T13:19:48","modified_gmt":"2026-04-27T11:19:48","slug":"prefab-schuifwand-stoomgenerator","status":"publish","type":"product","link":"https:\/\/cleopatra.nl\/de\/shop\/stoomtechniek-prive\/stoomtechniek-opties-stoomtechniek-prive\/prefab-schuifwand-stoomgenerator\/","title":{"rendered":"Prefab schuifwand | stoomgenerator"},"content":{"rendered":"<h4><strong>WEISSLICHT-LED-STRAHLER 2 ST\u00dcCK<\/strong><\/h4>\n<p>Op de schuifwand kan elke Cleopatra Stoomgenerator gemonteerd worden. Door het geleidesysteem aan de achterzijde van het paneel is de techniek eenvoudig te voorschijn te halen. Daardoor kan het in een beperkte ruimte worden opgehangen waardoor service en onderhoud eenvoudig kan worden gepleegd. Vanzelfsprekend in de schuifwand zonder de generator op de afbeelding.<\/p>\n<h4><\/h4>\n<h4><strong>SPEZIFIKATIONEN<\/strong><\/h4>\n<p>Voor installatie van de schuifwand dient het volgende aanwezig te zijn:<\/p>\n<ul>\n<li>Elektra voorziening achter een werkschakelaar<\/li>\n<li>Water aansluiting met stopkraan.<\/li>\n<li>Hittebestendige afvoer<\/li>\n<li>Koperen stoompijp d=28mm<\/li>\n<\/ul>","protected":false},"excerpt":{"rendered":"<p>Diese wei\u00dfen Lichtspots geben ein sch\u00f6nes helles und warmes Licht ab. Sie werden pro 2 St\u00fcck verkauft und k\u00f6nnen leicht mit zus\u00e4tzlichen Erweiterungsboxen erweitert werden. Diese Strahler k\u00f6nnen von den Cleopatra-Dampfgeneratoren gesteuert werden.<\/p>","protected":false},"featured_media":10721,"template":"","format":"standard","meta":{"_acf_changed":false},"product_brand":[347],"product_cat":[100,71,80],"product_tag":[],"class_list":{"0":"post-10718","1":"product","2":"type-product","3":"status-publish","4":"format-standard","5":"has-post-thumbnail","7":"product_brand-cleopatra","8":"product_cat-stoomtechniek-opties-stoomtechniek-prive","9":"product_cat-shop","10":"product_cat-stoomtechniek-prive","12":"first","13":"instock","14":"taxable","15":"shipping-taxable","16":"purchasable","17":"product-type-simple"},"acf":[],"_links":{"self":[{"href":"https:\/\/cleopatra.nl\/de\/wp-json\/wp\/v2\/product\/10718","targetHints":{"allow":["GET"]}}],"collection":[{"href":"https:\/\/cleopatra.nl\/de\/wp-json\/wp\/v2\/product"}],"about":[{"href":"https:\/\/cleopatra.nl\/de\/wp-json\/wp\/v2\/types\/product"}],"wp:featuredmedia":[{"embeddable":true,"href":"https:\/\/cleopatra.nl\/de\/wp-json\/wp\/v2\/media\/10721"}],"wp:attachment":[{"href":"https:\/\/cleopatra.nl\/de\/wp-json\/wp\/v2\/media?parent=10718"}],"wp:term":[{"taxonomy":"product_brand","embeddable":true,"href":"https:\/\/cleopatra.nl\/de\/wp-json\/wp\/v2\/product_brand?post=10718"},{"taxonomy":"product_cat","embeddable":true,"href":"https:\/\/cleopatra.nl\/de\/wp-json\/wp\/v2\/product_cat?post=10718"},{"taxonomy":"product_tag","embeddable":true,"href":"https:\/\/cleopatra.nl\/de\/wp-json\/wp\/v2\/product_tag?post=10718"}],"curies":[{"name":"wp","href":"https:\/\/api.w.org\/{rel}","templated":true}]}}