{"id":3082,"date":"2022-04-22T15:34:13","date_gmt":"2022-04-22T13:34:13","guid":{"rendered":"https:\/\/cleopatra.medialoods.com\/?post_type=product&#038;p=3082"},"modified":"2025-11-05T14:34:50","modified_gmt":"2025-11-05T13:34:50","slug":"lugano-340-o-177cm","status":"publish","type":"product","link":"https:\/\/cleopatra.nl\/de\/shop\/ligbaden-whirlpools\/premium-ligbaden\/cleopatra-ligbad-lugano-340\/","title":{"rendered":"Lugano 340 | \u00d8 177cm"},"content":{"rendered":"<h4><strong>CLEOPATRA LIGBAD LUGANO \u00d8 177cm<br \/>\n<\/strong><\/h4>\n<p>Die<strong>\u00a0Kleopatra<\/strong>\u00a0<b>Bad<\/b>\u00a0Lugano 340 ist eine sehr ger\u00e4umige runde Badewanne aus wei\u00dfem Acryl. Die ideale Badewanne, um das Badezimmer \u00e4sthetischer zu gestalten oder um mit der ganzen Familie baden zu k\u00f6nnen! Die R\u00fcckenlehnen sind so konstruiert, dass Sie sich in der Badewanne wirklich entspannen k\u00f6nnen.<\/p>\n<p>Der Durchmesser der Wanne betr\u00e4gt 1770 mm und die Tiefe 445 mm.  Am Ende dieser Produktbeschreibung finden Sie die Zeichnung und Montageanleitung der Badewanne.<\/p>\n<p>M\u00f6chten Sie die Lugano-Badewanne sehen oder erleben?  Sie sind herzlich willkommen im Cleopatra\u00a0<a href=\"https:\/\/cleopatra.nl\/de\/cleopatra-showroom\/\" target=\"_blank\" rel=\"noopener noreferrer\">Ausstellungsraum<\/a>\u00a0in Zaandam oder bei einer\u00a0<a href=\"https:\/\/cleopatra.nl\/de\/verkooppunten\/\" target=\"_blank\" rel=\"noopener noreferrer\">Sanit\u00e4tshaus<\/a>\u00a0in Ihrer Nachbarschaft!<\/p>\n<p>Das Bad ist mit einer Reihe von Badewannen ausgestattet.<\/p>\n<p>Der \u00dcberlauf und der Abfluss m\u00fcssen separat bestellt werden (siehe entsprechende Produkte).<\/p>\n<p>Bei dieser hochwertigen Badewanne ist es m\u00f6glich, eine Badewannenrandarmatur &amp; Duschkombination zu installieren. \u00c4sthetisch und verhindert die Installation in den W\u00e4nden.<\/p>\n<h4><\/h4>\n<h4>BADQUALIT\u00c4T<\/h4>\n<p>Die Qualit\u00e4t unserer Badewannen steht bei Cleopatra an erster Stelle. Dank der 6 mm dicken Acrylschicht bleibt Ihre Badewanne \u00fcber Jahre hinweg sch\u00f6n und wei\u00df, einschlie\u00dflich der robusten Verst\u00e4rkung des Wannenbodens.<\/p>\n<h4><\/h4>\n<h4>BAD-ACCESSOIRES<\/h4>\n<ul>\n<li><em>Cleoplus \u00dcberlauf- und Ablaufkombination.<\/em> Hochwertiges Produkt in verchromter Ausf\u00fchrung.<\/li>\n<\/ul>\n<ul>\n<li><em>Cleofill-Kombination.<\/em> Hochwertiges Produkt in verchromter Ausf\u00fchrung. Anstelle eines Wasserhahns wird die Badewanne \u00fcber eine \u00dcberlaufkombination bef\u00fcllt.<\/li>\n<\/ul>\n<ul>\n<li><em>Armaturen f\u00fcr Badewannen.<\/em>\u00a0Hochwertige Wannenarmaturen von Hansgrohe mit einer Auswahl an verschiedenen Modellen. Die Standardausf\u00fchrung ist Chrom, aber auch andere Ausf\u00fchrungen sind m\u00f6glich. Die Badewannenrandmischer werden in unserem Werk auf Ihre Badewanne montiert, so dass Ihre Badewanne einbaufertig ist!<\/li>\n<\/ul>\n<ul>\n<li><em>Handgriff.<\/em>\u00a0Formsch\u00f6ner Griff aus Chrom. So k\u00f6nnen Sie leichter und sicherer in die Badewanne ein- und aussteigen!<\/li>\n<\/ul>\n<ul>\n<li><em>Farbiges Licht.<\/em>\u00a0Hochwertige Badbeleuchtung mit zwei LED-Leuchten und einer Steuerung am Wannenrand.<\/li>\n<\/ul>\n<ul>\n<li><em>Nackenkissen.<\/em>\u00a0Bequemes Kissen, das sich der Form Ihres Kopfes anpasst. Unverzichtbar f\u00fcr den Badespa\u00df.<\/li>\n<\/ul>\n<ul>\n<li><em>Bade\u00f6le.<\/em>\u00a0Hautpflegend, sicher f\u00fcr das Acrylbad und in 7 k\u00f6stlichen D\u00fcften erh\u00e4ltlich.<\/li>\n<\/ul>\n<h4><\/h4>\n<h4>WHIRLPOOLSYSTEM<\/h4>\n<p>Ein hochwertiges Whirlpoolsystem macht Ihr Bad noch angenehmer.<\/p>","protected":false},"excerpt":{"rendered":"<p>Die<strong>\u00a0Kleopatra<\/strong>\u00a0<b>Bad<\/b>\u00a0Lugano 340 ist eine sehr ger\u00e4umige runde Badewanne aus wei\u00dfem Acryl. Die ideale Badewanne, um das Badezimmer \u00e4sthetischer zu gestalten oder um mit der ganzen Familie baden zu k\u00f6nnen! Die R\u00fcckenlehnen sind so konstruiert, dass Sie sich in der Badewanne wirklich entspannen k\u00f6nnen.<\/p>","protected":false},"featured_media":3084,"template":"","format":"standard","meta":{"_acf_changed":false},"product_brand":[],"product_cat":[84,76,71],"product_tag":[],"class_list":{"0":"post-3082","1":"product","2":"type-product","3":"status-publish","4":"format-standard","5":"has-post-thumbnail","7":"product_cat-premium-ligbaden","8":"product_cat-ligbaden-whirlpools","9":"product_cat-shop","11":"first","12":"instock","13":"taxable","14":"shipping-taxable","15":"purchasable","16":"product-type-simple"},"acf":[],"_links":{"self":[{"href":"https:\/\/cleopatra.nl\/de\/wp-json\/wp\/v2\/product\/3082","targetHints":{"allow":["GET"]}}],"collection":[{"href":"https:\/\/cleopatra.nl\/de\/wp-json\/wp\/v2\/product"}],"about":[{"href":"https:\/\/cleopatra.nl\/de\/wp-json\/wp\/v2\/types\/product"}],"wp:featuredmedia":[{"embeddable":true,"href":"https:\/\/cleopatra.nl\/de\/wp-json\/wp\/v2\/media\/3084"}],"wp:attachment":[{"href":"https:\/\/cleopatra.nl\/de\/wp-json\/wp\/v2\/media?parent=3082"}],"wp:term":[{"taxonomy":"product_brand","embeddable":true,"href":"https:\/\/cleopatra.nl\/de\/wp-json\/wp\/v2\/product_brand?post=3082"},{"taxonomy":"product_cat","embeddable":true,"href":"https:\/\/cleopatra.nl\/de\/wp-json\/wp\/v2\/product_cat?post=3082"},{"taxonomy":"product_tag","embeddable":true,"href":"https:\/\/cleopatra.nl\/de\/wp-json\/wp\/v2\/product_tag?post=3082"}],"curies":[{"name":"wp","href":"https:\/\/api.w.org\/{rel}","templated":true}]}}