{"id":3089,"date":"2022-04-27T19:02:45","date_gmt":"2022-04-27T17:02:45","guid":{"rendered":"https:\/\/cleopatra.medialoods.com\/?post_type=product&#038;p=3089"},"modified":"2026-04-27T09:56:43","modified_gmt":"2026-04-27T07:56:43","slug":"cleofill-overloop-leegloop-inloop","status":"publish","type":"product","link":"https:\/\/cleopatra.nl\/de\/shop\/ligbad-accessoires\/cleofill-overloop-leegloop-inloop\/","title":{"rendered":"Cleofill \u00dcberlauf, Leeren &amp; Begehen"},"content":{"rendered":"<p><strong>Luxuri\u00f6se Kombination aus \u00dcberlauf, Abfluss und Einlass<\/strong><\/p>\n<p>Diese Kombination aus \u00dcberlauf, Abfluss und Zulauf geh\u00f6rt zur Standardausstattung:<br \/>\n- Alle Badewannenbatterien (Wasserh\u00e4hne)<br \/>\n- Anstelle eines Mischauslaufs am Wannenrand k\u00f6nnen Sie sich f\u00fcr diese Wanneneinlaufkombination entscheiden. Hier wird die Wanne \u00fcber den \u00dcberlauf gef\u00fcllt, der auch als begehbare Kombination fungiert und ebenfalls eine leere Kombination ist.<\/p>","protected":false},"excerpt":{"rendered":"<p>Luxuri\u00f6se Kombination aus \u00dcberlauf, Abfluss und Zulauf Diese Kombination aus \u00dcberlauf, Abfluss und Zulauf ist serienm\u00e4\u00dfig ausgestattet: - Alle Badewannenrand-Kombinationen (Armaturen) - Anstelle eines Auslaufs am Badewannenrand k\u00f6nnen Sie diese Wannenf\u00fcller-Kombination w\u00e4hlen. Hier wird die Wanne \u00fcber den \u00dcberlauf gef\u00fcllt, der gleichzeitig als \u00dcberlaufkombination fungiert.<\/p>","protected":false},"featured_media":3090,"template":"","format":"standard","meta":{"_acf_changed":false},"product_brand":[347],"product_cat":[72,71],"product_tag":[152,151,150],"class_list":{"0":"post-3089","1":"product","2":"type-product","3":"status-publish","4":"format-standard","5":"has-post-thumbnail","7":"product_brand-cleopatra","8":"product_cat-ligbad-accessoires","9":"product_cat-shop","10":"product_tag-inloop","11":"product_tag-leegloop","12":"product_tag-overloop","14":"first","15":"instock","16":"taxable","17":"shipping-taxable","18":"purchasable","19":"product-type-simple"},"acf":[],"_links":{"self":[{"href":"https:\/\/cleopatra.nl\/de\/wp-json\/wp\/v2\/product\/3089","targetHints":{"allow":["GET"]}}],"collection":[{"href":"https:\/\/cleopatra.nl\/de\/wp-json\/wp\/v2\/product"}],"about":[{"href":"https:\/\/cleopatra.nl\/de\/wp-json\/wp\/v2\/types\/product"}],"wp:featuredmedia":[{"embeddable":true,"href":"https:\/\/cleopatra.nl\/de\/wp-json\/wp\/v2\/media\/3090"}],"wp:attachment":[{"href":"https:\/\/cleopatra.nl\/de\/wp-json\/wp\/v2\/media?parent=3089"}],"wp:term":[{"taxonomy":"product_brand","embeddable":true,"href":"https:\/\/cleopatra.nl\/de\/wp-json\/wp\/v2\/product_brand?post=3089"},{"taxonomy":"product_cat","embeddable":true,"href":"https:\/\/cleopatra.nl\/de\/wp-json\/wp\/v2\/product_cat?post=3089"},{"taxonomy":"product_tag","embeddable":true,"href":"https:\/\/cleopatra.nl\/de\/wp-json\/wp\/v2\/product_tag?post=3089"}],"curies":[{"name":"wp","href":"https:\/\/api.w.org\/{rel}","templated":true}]}}