{"id":3097,"date":"2022-04-27T19:02:20","date_gmt":"2022-04-27T17:02:20","guid":{"rendered":"https:\/\/cleopatra.medialoods.com\/?post_type=product&#038;p=3097"},"modified":"2026-04-26T21:18:53","modified_gmt":"2026-04-26T19:18:53","slug":"extra-hydro-jets","status":"publish","type":"product","link":"https:\/\/cleopatra.nl\/de\/shop\/extra-hydro-jets\/","title":{"rendered":"Zus\u00e4tzliche Hydro-Jets"},"content":{"rendered":"<p><strong>Zus\u00e4tzliche Hydro-Jets<\/strong><\/p>\n<p>F\u00fcr Hydro- und Spa\/Hydro-Systeme<\/p>\n<p>M\u00f6chten Sie zwei zus\u00e4tzliche D\u00fcsen an den F\u00fc\u00dfen oder im R\u00fccken haben? Die m\u00f6glichen Positionen der zus\u00e4tzlichen Hydrod\u00fcsen sind in der Zeichnung f\u00fcr jedes Bad angegeben.<\/p>\n<p>Bitte beachten Sie die f\u00fcr jede Badewanne angegebene maximale Anzahl von D\u00fcsen. Zus\u00e4tzliche D\u00fcsen werden paarweise installiert.<\/p>","protected":false},"excerpt":{"rendered":"<p>Extra Hydro Jets Bij Hydro en Spa\/Hydro systeem Wilt u nog twee jets extra bij de voeten of in de rug? De mogelijke posities van extra hydro jets staan bij elk bad in de tekening aangegeven. Let wel op het maximum aantal jets aangegeven bij elk bad. De inbouw van extra jets geldt per twee [&hellip;]<\/p>\n","protected":false},"featured_media":3098,"template":"","format":"standard","meta":{"_acf_changed":false},"product_brand":[347],"product_cat":[71,72],"product_tag":[154],"class_list":{"0":"post-3097","1":"product","2":"type-product","3":"status-publish","4":"format-standard","5":"has-post-thumbnail","7":"product_brand-cleopatra","8":"product_cat-shop","9":"product_cat-ligbad-accessoires","10":"product_tag-extra-hydro-jets","12":"first","13":"instock","14":"taxable","15":"shipping-taxable","16":"purchasable","17":"product-type-simple"},"acf":[],"_links":{"self":[{"href":"https:\/\/cleopatra.nl\/de\/wp-json\/wp\/v2\/product\/3097","targetHints":{"allow":["GET"]}}],"collection":[{"href":"https:\/\/cleopatra.nl\/de\/wp-json\/wp\/v2\/product"}],"about":[{"href":"https:\/\/cleopatra.nl\/de\/wp-json\/wp\/v2\/types\/product"}],"wp:featuredmedia":[{"embeddable":true,"href":"https:\/\/cleopatra.nl\/de\/wp-json\/wp\/v2\/media\/3098"}],"wp:attachment":[{"href":"https:\/\/cleopatra.nl\/de\/wp-json\/wp\/v2\/media?parent=3097"}],"wp:term":[{"taxonomy":"product_brand","embeddable":true,"href":"https:\/\/cleopatra.nl\/de\/wp-json\/wp\/v2\/product_brand?post=3097"},{"taxonomy":"product_cat","embeddable":true,"href":"https:\/\/cleopatra.nl\/de\/wp-json\/wp\/v2\/product_cat?post=3097"},{"taxonomy":"product_tag","embeddable":true,"href":"https:\/\/cleopatra.nl\/de\/wp-json\/wp\/v2\/product_tag?post=3097"}],"curies":[{"name":"wp","href":"https:\/\/api.w.org\/{rel}","templated":true}]}}