{"id":3099,"date":"2022-04-27T19:02:19","date_gmt":"2022-04-27T17:02:19","guid":{"rendered":"https:\/\/cleopatra.medialoods.com\/?post_type=product&#038;p=3099"},"modified":"2026-04-26T21:18:53","modified_gmt":"2026-04-26T19:18:53","slug":"extra-spa-jets","status":"publish","type":"product","link":"https:\/\/cleopatra.nl\/de\/shop\/extra-spa-jets\/","title":{"rendered":"Zus\u00e4tzliche Spa-D\u00fcsen"},"content":{"rendered":"<p><strong>Zus\u00e4tzliche Spa-D\u00fcsen<\/strong><\/p>\n<ul>\n<li>Im Spa-System<\/li>\n<li>Bei Whirlpools der Comfort- oder Deluxe-Linie sind zus\u00e4tzliche Whirlpool-D\u00fcsen m\u00f6glich.<\/li>\n<\/ul>\n<p>Zus\u00e4tzliche D\u00fcsen k\u00f6nnen paarweise installiert werden.<\/p>","protected":false},"excerpt":{"rendered":"<p>Zus\u00e4tzliche Whirlpool-D\u00fcsen mit Whirlpool-System Zus\u00e4tzliche Whirlpool-D\u00fcsen sind bei Whirlpools der Comfort- oder Deluxe-Linie m\u00f6glich. In diesem Fall erfolgt der Einbau zus\u00e4tzlicher D\u00fcsen in zwei Teilen.<\/p>","protected":false},"featured_media":3100,"template":"","format":"standard","meta":{"_acf_changed":false},"product_brand":[347],"product_cat":[71,72],"product_tag":[155],"class_list":{"0":"post-3099","1":"product","2":"type-product","3":"status-publish","4":"format-standard","5":"has-post-thumbnail","7":"product_brand-cleopatra","8":"product_cat-shop","9":"product_cat-ligbad-accessoires","10":"product_tag-spa-jets","12":"first","13":"instock","14":"taxable","15":"shipping-taxable","16":"purchasable","17":"product-type-simple"},"acf":[],"_links":{"self":[{"href":"https:\/\/cleopatra.nl\/de\/wp-json\/wp\/v2\/product\/3099","targetHints":{"allow":["GET"]}}],"collection":[{"href":"https:\/\/cleopatra.nl\/de\/wp-json\/wp\/v2\/product"}],"about":[{"href":"https:\/\/cleopatra.nl\/de\/wp-json\/wp\/v2\/types\/product"}],"wp:featuredmedia":[{"embeddable":true,"href":"https:\/\/cleopatra.nl\/de\/wp-json\/wp\/v2\/media\/3100"}],"wp:attachment":[{"href":"https:\/\/cleopatra.nl\/de\/wp-json\/wp\/v2\/media?parent=3099"}],"wp:term":[{"taxonomy":"product_brand","embeddable":true,"href":"https:\/\/cleopatra.nl\/de\/wp-json\/wp\/v2\/product_brand?post=3099"},{"taxonomy":"product_cat","embeddable":true,"href":"https:\/\/cleopatra.nl\/de\/wp-json\/wp\/v2\/product_cat?post=3099"},{"taxonomy":"product_tag","embeddable":true,"href":"https:\/\/cleopatra.nl\/de\/wp-json\/wp\/v2\/product_tag?post=3099"}],"curies":[{"name":"wp","href":"https:\/\/api.w.org\/{rel}","templated":true}]}}