{"id":3103,"date":"2022-04-27T19:02:19","date_gmt":"2022-04-27T17:02:19","guid":{"rendered":"https:\/\/cleopatra.medialoods.com\/?post_type=product&#038;p=3103"},"modified":"2025-01-02T11:31:46","modified_gmt":"2025-01-02T10:31:46","slug":"led-kleurverlichting-2-stuks-2","status":"publish","type":"product","link":"https:\/\/cleopatra.nl\/de\/shop\/led-kleurverlichting-2-stuks\/","title":{"rendered":"LED-Farblichter | 2 St\u00fcck"},"content":{"rendered":"<p><strong>LED-Farblicht (2 St\u00fcck)<\/strong><\/p>\n<p>&nbsp;<\/p>\n<p>Ein Highlight, w\u00e4hrend Sie in der Badewanne entspannen. Eine stimmungsvolle Option umgibt Ihren K\u00f6rper mit einem aufregenden Spiel aus glitzernden und bunten Lichtern:<\/p>\n<p>Die Farben Lila, Gelb, Blau, Rot und Gr\u00fcn k\u00f6nnen fortlaufend oder nacheinander bewundert werden.<\/p>","protected":false},"excerpt":{"rendered":"<p>LED-Farblicht (2 St\u00fcck) Ein Highlight, w\u00e4hrend Sie in der Badewanne entspannen. Eine stimmungsvolle Option umgibt Ihren K\u00f6rper mit einem aufregenden Spiel aus glitzernden und bunten Lichtern: Die Farben Lila, Gelb, Blau, Rot und Gr\u00fcn k\u00f6nnen entweder kontinuierlich oder nacheinander bewundert werden.<\/p>","protected":false},"featured_media":3104,"template":"","format":"standard","meta":{"_acf_changed":false},"product_brand":[],"product_cat":[71,72],"product_tag":[156],"class_list":{"0":"post-3103","1":"product","2":"type-product","3":"status-publish","4":"format-standard","5":"has-post-thumbnail","7":"product_cat-shop","8":"product_cat-ligbad-accessoires","9":"product_tag-kleurverlichting","11":"first","12":"instock","13":"taxable","14":"shipping-taxable","15":"purchasable","16":"product-type-simple"},"acf":[],"_links":{"self":[{"href":"https:\/\/cleopatra.nl\/de\/wp-json\/wp\/v2\/product\/3103","targetHints":{"allow":["GET"]}}],"collection":[{"href":"https:\/\/cleopatra.nl\/de\/wp-json\/wp\/v2\/product"}],"about":[{"href":"https:\/\/cleopatra.nl\/de\/wp-json\/wp\/v2\/types\/product"}],"wp:featuredmedia":[{"embeddable":true,"href":"https:\/\/cleopatra.nl\/de\/wp-json\/wp\/v2\/media\/3104"}],"wp:attachment":[{"href":"https:\/\/cleopatra.nl\/de\/wp-json\/wp\/v2\/media?parent=3103"}],"wp:term":[{"taxonomy":"product_brand","embeddable":true,"href":"https:\/\/cleopatra.nl\/de\/wp-json\/wp\/v2\/product_brand?post=3103"},{"taxonomy":"product_cat","embeddable":true,"href":"https:\/\/cleopatra.nl\/de\/wp-json\/wp\/v2\/product_cat?post=3103"},{"taxonomy":"product_tag","embeddable":true,"href":"https:\/\/cleopatra.nl\/de\/wp-json\/wp\/v2\/product_tag?post=3103"}],"curies":[{"name":"wp","href":"https:\/\/api.w.org\/{rel}","templated":true}]}}