{"id":3112,"date":"2022-04-25T14:18:00","date_gmt":"2022-04-25T12:18:00","guid":{"rendered":"https:\/\/cleopatra.medialoods.com\/?post_type=product&#038;p=3112"},"modified":"2026-04-26T16:03:23","modified_gmt":"2026-04-26T14:03:23","slug":"acryl-polish-500-ml","status":"publish","type":"product","link":"https:\/\/cleopatra.nl\/de\/shop\/bad-sauna-stoombad-geuren\/acryl-polish-500-ml\/","title":{"rendered":"Acrylpolitur | 500 ml"},"content":{"rendered":"<h4>ACRYL POLISH<\/h4>\n<p>Die Kleopatra\u00a0<strong>Acrylpolitur<\/strong>\u00a0wurde speziell f\u00fcr die sichere Reinigung der Oberfl\u00e4chen von Acrylb\u00e4dern, Dampfb\u00e4dern und Dampfduschen entwickelt.<\/p>\n<p>Leichte Sch\u00e4den wie kleine Kratzer und Flecken verschwinden und der urspr\u00fcngliche Glanz kehrt zur\u00fcck. Nach der Behandlung bleibt eine Schutzschicht zur\u00fcck, die die Bildung von Kalk und Schmutz verhindert.<\/p>\n<p>Der Inhalt einer Flasche Acrylpolitur: 500 ml<\/p>\n<h4>BENUTZERHANDBUCH<\/h4>\n<p>Flasche vor Gebrauch gut sch\u00fctteln.<\/p>\n<p>Verwenden Sie ein feuchtes Tuch, um das Produkt in kreisenden Bewegungen auf die Oberfl\u00e4che aufzutragen. Schenken Sie den tieferen Sch\u00e4den etwas mehr Aufmerksamkeit. Warten Sie ein paar Minuten, bis die Oberfl\u00e4che getrocknet ist. Anschlie\u00dfend mit einem trockenen Tuch polieren.<\/p>","protected":false},"excerpt":{"rendered":"<p>Die Kleopatra\u00a0<strong>Acrylpolitur<\/strong> wurde speziell f\u00fcr die sichere Reinigung der Oberfl\u00e4chen von Acryl-Badewannen, Dampfb\u00e4dern und Dampfduschen entwickelt. Leichte Sch\u00e4den wie kleine Kratzer und Flecken verschwinden und der urspr\u00fcngliche Glanz kehrt zur\u00fcck. Nach der Behandlung bleibt eine Schutzschicht zur\u00fcck, die die Bildung von Kalk und Schmutz verhindert. Inhalt einer Flasche Acryl-Politur: 500 ml<\/p>","protected":false},"featured_media":3113,"template":"","format":"standard","meta":{"_acf_changed":false},"product_brand":[],"product_cat":[77,71],"product_tag":[],"class_list":{"0":"post-3112","1":"product","2":"type-product","3":"status-publish","4":"format-standard","5":"has-post-thumbnail","7":"product_cat-bad-sauna-stoombad-geuren","8":"product_cat-shop","10":"first","11":"outofstock","12":"taxable","13":"shipping-taxable","14":"purchasable","15":"product-type-simple"},"acf":[],"_links":{"self":[{"href":"https:\/\/cleopatra.nl\/de\/wp-json\/wp\/v2\/product\/3112","targetHints":{"allow":["GET"]}}],"collection":[{"href":"https:\/\/cleopatra.nl\/de\/wp-json\/wp\/v2\/product"}],"about":[{"href":"https:\/\/cleopatra.nl\/de\/wp-json\/wp\/v2\/types\/product"}],"wp:featuredmedia":[{"embeddable":true,"href":"https:\/\/cleopatra.nl\/de\/wp-json\/wp\/v2\/media\/3113"}],"wp:attachment":[{"href":"https:\/\/cleopatra.nl\/de\/wp-json\/wp\/v2\/media?parent=3112"}],"wp:term":[{"taxonomy":"product_brand","embeddable":true,"href":"https:\/\/cleopatra.nl\/de\/wp-json\/wp\/v2\/product_brand?post=3112"},{"taxonomy":"product_cat","embeddable":true,"href":"https:\/\/cleopatra.nl\/de\/wp-json\/wp\/v2\/product_cat?post=3112"},{"taxonomy":"product_tag","embeddable":true,"href":"https:\/\/cleopatra.nl\/de\/wp-json\/wp\/v2\/product_tag?post=3112"}],"curies":[{"name":"wp","href":"https:\/\/api.w.org\/{rel}","templated":true}]}}