{"id":3114,"date":"2022-04-25T14:12:29","date_gmt":"2022-04-25T12:12:29","guid":{"rendered":"https:\/\/cleopatra.medialoods.com\/?post_type=product&#038;p=3114"},"modified":"2025-12-03T04:40:10","modified_gmt":"2025-12-03T03:40:10","slug":"bad-whirlpool-olie-set-5-x-250-ml","status":"publish","type":"product","link":"https:\/\/cleopatra.nl\/de\/shop\/bad-whirlpool-olie-set-5-x-250-ml\/","title":{"rendered":"Bade- &amp; Whirlpool-\u00d6l-Set | 5 x 250 ml"},"content":{"rendered":"<h3><b>CLEOPATRA BADE- UND WHIRLPOOL-\u00d6L-SET (5 D\u00dcFTE)<\/b><\/h3>\n<p>&nbsp;<\/p>\n<p>Die neue<b>\u00a0Cleopatra Bade\u00f6l<\/b>\u00a0ist eine speziell entwickelte Aromatherapie zur Verwendung in B\u00e4dern, Whirlpools und Outdoor-Spas. Das Bade\u00f6l ist aus sorgf\u00e4ltig ausgew\u00e4hlten \u00e4therischen \u00d6len und Kr\u00e4utern zusammengesetzt und l\u00f6st sich vollst\u00e4ndig im Badewasser auf.<\/p>\n<p>&nbsp;<\/p>\n<p>Das Produkt ist nicht fettig und beeintr\u00e4chtigt die Technik des Whirlpools nicht.<\/p>\n<p>&nbsp;<\/p>\n<p>Die folgenden k\u00f6stlichen D\u00fcfte sind in diesem Set enthalten.<\/p>\n<ul>\n<li><strong><em>BERGAMOT<\/em><\/strong>: Zitrusduft, der in der Aromatherapie verwendet wird, um Kraft und Energie zu wecken.<\/li>\n<\/ul>\n<ul>\n<li><strong><em>KLEOPATRAFRUCHT<\/em>:<\/strong> Eine einzigartige Kombination aus Yi Yi Ren (chinesisches Kraut) und wei\u00dfem Lotus. Das Ergebnis ist ein leicht s\u00fc\u00dflicher, weicher Duft, der beruhigend wirkt.<\/li>\n<\/ul>\n<ul>\n<li><strong><em>GETRIEBENES HOLZ<\/em>:<\/strong> Eine reizvolle Mischung aus Moschus und Holz. Dieser warme, holzige Duft wird ein St\u00fcck Natur in Ihr Badezimmer bringen!<\/li>\n<\/ul>\n<ul>\n<li><strong><em>EUCALYPTUS<\/em>:<\/strong> Eukalyptus mit einem Hauch von Rosmarin. Eukalyptus ist wirksam bei Erk\u00e4ltungen und hat eine belebende Wirkung.<\/li>\n<\/ul>\n<ul>\n<li><strong><em>MEDITERRANEAN<\/em>:<\/strong> Der erfrischende Duft von Algen, angereichert mit einem sanften Lotusduft. Hat eine entspannende und beruhigende Wirkung.<\/li>\n<\/ul>\n<p>&nbsp;<\/p>\n<h4>BENUTZERHANDBUCH<\/h4>\n<p><strong>INHALT<\/strong><\/p>\n<p>Der Inhalt einer Flasche Bade\u00f6l betr\u00e4gt 250 ml; die Flasche ist transparent und hat ein attraktives Design.<\/p>\n<p><strong>POTLIFE<\/strong><\/p>\n<p>In der Originalverpackung 12 Monate lang haltbar. Das Bade\u00f6l kann aufgrund von UV-Strahlung seine Farbe verlieren.<\/p>\n<p><strong>DOSIERUNG<\/strong><\/p>\n<p>Wassertemperatur von ca. 36\u00b0C voraussetzen, 25 ml Bade\u00f6l pro 200 Liter Badewasser zugeben.<\/p>\n<p><strong>LAGERUNG<\/strong><\/p>\n<p>Au\u00dferhalb der Reichweite von Kindern in der Originalverpackung aufbewahren.<\/p>\n<p><strong>IM FALLE VON AUGENKONTAKT<\/strong><\/p>\n<p>Einige Minuten lang sanft mit Wasser absp\u00fclen<\/p>\n<p><strong>\u00dcBEREMPFINDLICHKEIT<\/strong><\/p>\n<p>Kann bei Kontakt allergische Reaktionen beim Menschen hervorrufen<\/p>\n<p><strong>INHALTSSTOFFE INCI<\/strong><\/p>\n<p>Dipropylenglykol; Parf\u00fcm; CI 42090<\/p>\n<p>&nbsp;<\/p>","protected":false},"excerpt":{"rendered":"<p>Die neue<b>\u00a0Cleopatra Bade\u00f6l<\/b>\u00a0ist eine speziell entwickelte Aromatherapie zur Verwendung in B\u00e4dern, Whirlpools und Outdoor-Spas. Das Bade\u00f6l ist aus sorgf\u00e4ltig ausgew\u00e4hlten \u00e4therischen \u00d6len und Kr\u00e4utern zusammengesetzt und l\u00f6st sich vollst\u00e4ndig im Badewasser auf.<\/p>","protected":false},"featured_media":3115,"template":"","format":"standard","meta":{"_acf_changed":false},"product_brand":[],"product_cat":[71,77],"product_tag":[],"class_list":{"0":"post-3114","1":"product","2":"type-product","3":"status-publish","4":"format-standard","5":"has-post-thumbnail","7":"product_cat-shop","8":"product_cat-bad-sauna-stoombad-geuren","10":"first","11":"instock","12":"taxable","13":"shipping-taxable","14":"purchasable","15":"product-type-simple"},"acf":[],"_links":{"self":[{"href":"https:\/\/cleopatra.nl\/de\/wp-json\/wp\/v2\/product\/3114","targetHints":{"allow":["GET"]}}],"collection":[{"href":"https:\/\/cleopatra.nl\/de\/wp-json\/wp\/v2\/product"}],"about":[{"href":"https:\/\/cleopatra.nl\/de\/wp-json\/wp\/v2\/types\/product"}],"wp:featuredmedia":[{"embeddable":true,"href":"https:\/\/cleopatra.nl\/de\/wp-json\/wp\/v2\/media\/3115"}],"wp:attachment":[{"href":"https:\/\/cleopatra.nl\/de\/wp-json\/wp\/v2\/media?parent=3114"}],"wp:term":[{"taxonomy":"product_brand","embeddable":true,"href":"https:\/\/cleopatra.nl\/de\/wp-json\/wp\/v2\/product_brand?post=3114"},{"taxonomy":"product_cat","embeddable":true,"href":"https:\/\/cleopatra.nl\/de\/wp-json\/wp\/v2\/product_cat?post=3114"},{"taxonomy":"product_tag","embeddable":true,"href":"https:\/\/cleopatra.nl\/de\/wp-json\/wp\/v2\/product_tag?post=3114"}],"curies":[{"name":"wp","href":"https:\/\/api.w.org\/{rel}","templated":true}]}}