{"id":3116,"date":"2022-04-25T14:14:01","date_gmt":"2022-04-25T12:14:01","guid":{"rendered":"https:\/\/cleopatra.medialoods.com\/?post_type=product&#038;p=3116"},"modified":"2025-11-12T11:09:46","modified_gmt":"2025-11-12T10:09:46","slug":"sauna-opgietmiddel-set-3-x-250ml","status":"publish","type":"product","link":"https:\/\/cleopatra.nl\/de\/shop\/bad-sauna-stoombad-geuren\/sauna-opgietmiddel-set-5-x-250ml\/","title":{"rendered":"Sauna-Reinigungsmittel-Set | 3 x 250ml"},"content":{"rendered":"<h4>CLEOPATRA SAUNA LIQUID SET (5 D\u00dcFTE)<\/h4>\n<p>Die Kleopatra<strong>\u00a0Sauna mittel<\/strong>\u00a0besteht aus sorgf\u00e4ltig ausgew\u00e4hlten \u00e4therischen und naturidentischen \u00d6len mit ausgesuchten feinen Kr\u00e4utern, ohne Zusatz von synthetischen Stoffen. Der Saunazusatz ist ideal f\u00fcr die Aromatherapie in privaten oder professionellen Saunen geeignet.<\/p>\n<p>Das Set besteht aus den folgenden D\u00fcften:<\/p>\n<ul>\n<li>Bergamotte<\/li>\n<li>Mittelmeer-Eukalyptus<\/li>\n<li>Provence Lavendel<\/li>\n<\/ul>\n<p>&nbsp;<\/p>\n<p>Die Fl\u00fcssigkeit wird in einer eleganten, transparenten Flasche mit 250 ml Inhalt geliefert.<\/p>\n<p>Dosierung: Mischen Sie 25 ml des Verfl\u00fcssigers mit etwa 5 Litern Wasser. Sie k\u00f6nnen die Mischung vorsichtig in kleinen Mengen auf die Steine des Saunaofens gie\u00dfen. Das Sauna\u00f6l kann durch die UV-Strahlung seine Farbe verlieren.<\/p>","protected":false},"excerpt":{"rendered":"<p>Die Kleopatra<strong>\u00a0Sauna mittel<\/strong>\u00a0besteht aus sorgf\u00e4ltig ausgew\u00e4hlten \u00e4therischen und naturidentischen \u00d6len mit ausgesuchten feinen Kr\u00e4utern, ohne Zusatz von synthetischen Stoffen. Der Saunazusatz ist ideal f\u00fcr die Aromatherapie in privaten oder professionellen Saunen geeignet.<\/p>","protected":false},"featured_media":3117,"template":"","format":"standard","meta":{"_acf_changed":false},"product_brand":[],"product_cat":[77,71],"product_tag":[160],"class_list":{"0":"post-3116","1":"product","2":"type-product","3":"status-publish","4":"format-standard","5":"has-post-thumbnail","7":"product_cat-bad-sauna-stoombad-geuren","8":"product_cat-shop","9":"product_tag-sauna-opgietmiddel-250-ml","11":"first","12":"outofstock","13":"taxable","14":"shipping-taxable","15":"purchasable","16":"product-type-simple"},"acf":[],"_links":{"self":[{"href":"https:\/\/cleopatra.nl\/de\/wp-json\/wp\/v2\/product\/3116","targetHints":{"allow":["GET"]}}],"collection":[{"href":"https:\/\/cleopatra.nl\/de\/wp-json\/wp\/v2\/product"}],"about":[{"href":"https:\/\/cleopatra.nl\/de\/wp-json\/wp\/v2\/types\/product"}],"wp:featuredmedia":[{"embeddable":true,"href":"https:\/\/cleopatra.nl\/de\/wp-json\/wp\/v2\/media\/3117"}],"wp:attachment":[{"href":"https:\/\/cleopatra.nl\/de\/wp-json\/wp\/v2\/media?parent=3116"}],"wp:term":[{"taxonomy":"product_brand","embeddable":true,"href":"https:\/\/cleopatra.nl\/de\/wp-json\/wp\/v2\/product_brand?post=3116"},{"taxonomy":"product_cat","embeddable":true,"href":"https:\/\/cleopatra.nl\/de\/wp-json\/wp\/v2\/product_cat?post=3116"},{"taxonomy":"product_tag","embeddable":true,"href":"https:\/\/cleopatra.nl\/de\/wp-json\/wp\/v2\/product_tag?post=3116"}],"curies":[{"name":"wp","href":"https:\/\/api.w.org\/{rel}","templated":true}]}}