{"id":3118,"date":"2022-04-25T14:16:28","date_gmt":"2022-04-25T12:16:28","guid":{"rendered":"https:\/\/cleopatra.medialoods.com\/?post_type=product&#038;p=3118"},"modified":"2026-04-26T22:25:59","modified_gmt":"2026-04-26T20:25:59","slug":"whirlpool-reiniger-1-liter","status":"publish","type":"product","link":"https:\/\/cleopatra.nl\/de\/shop\/bad-sauna-stoombad-geuren\/whirlpool-reiniger-1-liter\/","title":{"rendered":"Whirlpool-Reiniger | 1 Liter"},"content":{"rendered":"<h4>WHIRLPOOLREINIGER<\/h4>\n<p>Die Kleopatra\u00a0<strong>Whirlpoolreiniger<\/strong>\u00a0wurde speziell f\u00fcr die Reinigung stark verschmutzter Whirlpoolsysteme entwickelt. Es lockert und gl\u00e4ttet festsitzende Teile im System. Verstopfte Rohre und Abfl\u00fcsse werden wieder ge\u00f6ffnet. Der Whirlpoolreiniger ist sicher f\u00fcr das Whirlpoolsystem und eignet sich sowohl f\u00fcr den Einsatz zu Hause als auch im professionellen Umfeld. Der Inhalt betr\u00e4gt 1 Liter pro Flasche. Je nach Nutzungsintensit\u00e4t und Wasserh\u00e4rte empfehlen wir eine Reinigung des Whirlpoolsystems in Abst\u00e4nden von 4 bis 6 Wochen.<\/p>\n<h4>BENUTZERHANDBUCH<\/h4>\n<p>Gebrauchsanweisung f\u00fcr Whirlpools ohne automatisches Reinigungssystem:<br \/>\n1. F\u00fcllen Sie das Bad mit warmem Wasser mit einer Mindesttemperatur von 35\u00b0C.<br \/>\n2. Gie\u00dfen Sie ca. 200 ml. WhirlpoolCleaner in das Wasser geben (Mischungsverh\u00e4ltnis 200 ml. auf 100 l Wasser).<br \/>\n3. Schlie\u00dfen Sie (falls vorhanden) den Luftregler oder Massendruckregler und starten Sie das Whirlpoolsystem. Lassen Sie das System etwa 5 Minuten einwirken, damit sich der WhirlpoolCleaner gut mit dem Badewasser vermischt.<br \/>\n4. Stoppen Sie das Whirlpoolsystem und lassen Sie es mindestens 10 Stunden lang einwirken.<br \/>\n5. Lassen Sie das Whirlpoolsystem weitere 5 Minuten laufen.<br \/>\n6. Lassen Sie das Wasser ablaufen und f\u00fcllen Sie die Wanne gegebenenfalls noch einmal mit kaltem Wasser f\u00fcr eine letzte Sp\u00fclung. Dies ist nur notwendig, wenn der Whirlpool stark verschmutzt ist.<br \/>\n7. Sp\u00fclen Sie leere Verpackungen vor der Entsorgung gem\u00e4\u00df den geltenden Vorschriften aus.<\/p>\n<p>Bitte beachten Sie! W\u00e4hrend des Reinigungszyklus sollten Sie das Bad auf keinen Fall benutzen.<\/p>","protected":false},"excerpt":{"rendered":"<p>Die Kleopatra\u00a0<strong>Whirlpoolreiniger<\/strong>\u00a0wurde speziell f\u00fcr die Reinigung stark verschmutzter Whirlpoolsysteme entwickelt. Es lockert und gl\u00e4ttet festsitzende Teile im System. Verstopfte Rohre und Abfl\u00fcsse werden wieder ge\u00f6ffnet. Der Whirlpoolreiniger ist sicher f\u00fcr das Whirlpoolsystem und eignet sich sowohl f\u00fcr den Einsatz zu Hause als auch im professionellen Umfeld. Der Inhalt betr\u00e4gt 1 Liter pro Flasche. Je nach Nutzungsintensit\u00e4t und Wasserh\u00e4rte empfehlen wir eine Reinigung des Whirlpoolsystems in Abst\u00e4nden von 4 bis 6 Wochen.<\/p>","protected":false},"featured_media":3120,"template":"","format":"standard","meta":{"_acf_changed":false},"product_brand":[347],"product_cat":[77,71],"product_tag":[],"class_list":{"0":"post-3118","1":"product","2":"type-product","3":"status-publish","4":"format-standard","5":"has-post-thumbnail","7":"product_brand-cleopatra","8":"product_cat-bad-sauna-stoombad-geuren","9":"product_cat-shop","11":"first","12":"instock","13":"sale","14":"taxable","15":"shipping-taxable","16":"purchasable","17":"product-type-simple"},"acf":[],"_links":{"self":[{"href":"https:\/\/cleopatra.nl\/de\/wp-json\/wp\/v2\/product\/3118","targetHints":{"allow":["GET"]}}],"collection":[{"href":"https:\/\/cleopatra.nl\/de\/wp-json\/wp\/v2\/product"}],"about":[{"href":"https:\/\/cleopatra.nl\/de\/wp-json\/wp\/v2\/types\/product"}],"wp:featuredmedia":[{"embeddable":true,"href":"https:\/\/cleopatra.nl\/de\/wp-json\/wp\/v2\/media\/3120"}],"wp:attachment":[{"href":"https:\/\/cleopatra.nl\/de\/wp-json\/wp\/v2\/media?parent=3118"}],"wp:term":[{"taxonomy":"product_brand","embeddable":true,"href":"https:\/\/cleopatra.nl\/de\/wp-json\/wp\/v2\/product_brand?post=3118"},{"taxonomy":"product_cat","embeddable":true,"href":"https:\/\/cleopatra.nl\/de\/wp-json\/wp\/v2\/product_cat?post=3118"},{"taxonomy":"product_tag","embeddable":true,"href":"https:\/\/cleopatra.nl\/de\/wp-json\/wp\/v2\/product_tag?post=3118"}],"curies":[{"name":"wp","href":"https:\/\/api.w.org\/{rel}","templated":true}]}}