{"id":3136,"date":"2022-04-25T14:27:18","date_gmt":"2022-04-25T12:27:18","guid":{"rendered":"https:\/\/cleopatra.medialoods.com\/?post_type=product&#038;p=3136"},"modified":"2025-01-02T11:31:40","modified_gmt":"2025-01-02T10:31:40","slug":"aromatische-zoutoplossing-5-liter","status":"publish","type":"product","link":"https:\/\/cleopatra.nl\/de\/shop\/bad-sauna-stoombad-geuren\/aromatische-zoutoplossing-5-liter\/","title":{"rendered":"Aromatische Kochsalzl\u00f6sung | 5 Liter"},"content":{"rendered":"<div id=\"tab-description\" class=\"woocommerce-Tabs-panel woocommerce-Tabs-panel--description panel entry-content wc-tab\" role=\"tabpanel\" aria-labelledby=\"tab-title-description\">\n<h4>AROMATISCHE KOCHSALZL\u00d6SUNG CLEOPATRA<\/h4>\n<p>5 Liter einer k\u00f6stlichen Salzl\u00f6sung zur Verwendung in Kombination mit einem Cleopatra-Dampfgenerator. Das im Dampf enthaltene Salz reinigt die Atemwege und beruhigt die Haut. Der Duft regt die Sinne an und beruhigt den Geist.<\/p>\n<p>Die L\u00f6sung ist in zwei verschiedenen Duftrichtungen erh\u00e4ltlich:<\/p>\n<ul>\n<li>Mittelmeer: Ein erfrischender Algenduft, angereichert mit einem zarten Lotusduft. Verst\u00e4rkt die Wirkung des Salzes auf die Atemwege und hat eine beruhigende Wirkung.<\/li>\n<\/ul>\n<ul>\n<li>Kleopatras Parf\u00fcm: eine einzigartige Kombination aus Yi Yi Ren (chinesisches Kraut) und wei\u00dfem Lotus. Das Ergebnis ist ein leicht s\u00fc\u00dflicher, weicher Duft, der in Verbindung mit dem Dampf eine sehr beruhigende Wirkung hat.<\/li>\n<\/ul>\n<\/div>","protected":false},"excerpt":{"rendered":"<p>5-Liter-Kanister mit einer k\u00f6stlichen salzigen L\u00f6sung zur Verwendung mit einem Cleopatra-Dampfgenerator. Das in den Dampf gemischte Salz befreit die Atemwege und beruhigt die Haut. Der Duft regt die Sinne an und beruhigt den Geist.<\/p>","protected":false},"featured_media":3141,"template":"","format":"standard","meta":{"_acf_changed":false},"product_brand":[],"product_cat":[77,71],"product_tag":[],"class_list":{"0":"post-3136","1":"product","2":"type-product","3":"status-publish","4":"format-standard","5":"has-post-thumbnail","7":"product_cat-bad-sauna-stoombad-geuren","8":"product_cat-shop","10":"first","11":"instock","12":"taxable","13":"shipping-taxable","14":"purchasable","15":"product-type-simple"},"acf":[],"_links":{"self":[{"href":"https:\/\/cleopatra.nl\/de\/wp-json\/wp\/v2\/product\/3136","targetHints":{"allow":["GET"]}}],"collection":[{"href":"https:\/\/cleopatra.nl\/de\/wp-json\/wp\/v2\/product"}],"about":[{"href":"https:\/\/cleopatra.nl\/de\/wp-json\/wp\/v2\/types\/product"}],"wp:featuredmedia":[{"embeddable":true,"href":"https:\/\/cleopatra.nl\/de\/wp-json\/wp\/v2\/media\/3141"}],"wp:attachment":[{"href":"https:\/\/cleopatra.nl\/de\/wp-json\/wp\/v2\/media?parent=3136"}],"wp:term":[{"taxonomy":"product_brand","embeddable":true,"href":"https:\/\/cleopatra.nl\/de\/wp-json\/wp\/v2\/product_brand?post=3136"},{"taxonomy":"product_cat","embeddable":true,"href":"https:\/\/cleopatra.nl\/de\/wp-json\/wp\/v2\/product_cat?post=3136"},{"taxonomy":"product_tag","embeddable":true,"href":"https:\/\/cleopatra.nl\/de\/wp-json\/wp\/v2\/product_tag?post=3136"}],"curies":[{"name":"wp","href":"https:\/\/api.w.org\/{rel}","templated":true}]}}