{"id":3151,"date":"2022-04-27T19:02:15","date_gmt":"2022-04-27T17:02:15","guid":{"rendered":"https:\/\/cleopatra.medialoods.com\/?post_type=product&#038;p=3151"},"modified":"2025-10-30T14:11:12","modified_gmt":"2025-10-30T13:11:12","slug":"harvia-sauna-stenen-5-10-cm","status":"publish","type":"product","link":"https:\/\/cleopatra.nl\/de\/shop\/sauna-accessoires\/overige-sauna-accessoires\/harvia-sauna-stenen-5-10-cm\/","title":{"rendered":"Harvia Saunasteine 5 - 10 cm"},"content":{"rendered":"<h4>Harvia-Sauna-Steine<\/h4>\n<ul>\n<li>Gr\u00f6\u00dfe 5 - 10 cm<\/li>\n<li>Gewicht: 20 kg<\/li>\n<\/ul>\n<p>Es ist ratsam, die Steine des Saunaofens regelm\u00e4\u00dfig zu ersetzen. Die Verwendung von Zusatzstoffen kann dazu f\u00fchren, dass die Steine verschmutzt werden, was wiederum die Heizleistung verringert. Hinweis: Setzen Sie die Steine vorsichtig ein, um die Heizelemente nicht zu besch\u00e4digen.<\/p>","protected":false},"excerpt":{"rendered":"<p>Harvia-Saunaofensteine Gr\u00f6\u00dfe 5 - 10 cm Gewicht: 20 kg Es wird empfohlen, die Saunaofensteine regelm\u00e4\u00dfig zu ersetzen. Durch die Verwendung von Fl\u00fcssigkeit werden die Steine verunreinigt, wodurch die W\u00e4rmeleistung verringert wird. Hinweis: Legen Sie die Steine vorsichtig ein, um eine Besch\u00e4digung der Heizelemente zu vermeiden.<\/p>","protected":false},"featured_media":3152,"template":"","format":"standard","meta":{"_acf_changed":false},"product_brand":[],"product_cat":[95,71,79],"product_tag":[],"class_list":{"0":"post-3151","1":"product","2":"type-product","3":"status-publish","4":"format-standard","5":"has-post-thumbnail","7":"product_cat-overige-sauna-accessoires","8":"product_cat-shop","9":"product_cat-sauna-accessoires","10":"product_shipping_class-stenen-sauna","12":"first","13":"instock","14":"taxable","15":"shipping-taxable","16":"purchasable","17":"product-type-simple"},"acf":[],"_links":{"self":[{"href":"https:\/\/cleopatra.nl\/de\/wp-json\/wp\/v2\/product\/3151","targetHints":{"allow":["GET"]}}],"collection":[{"href":"https:\/\/cleopatra.nl\/de\/wp-json\/wp\/v2\/product"}],"about":[{"href":"https:\/\/cleopatra.nl\/de\/wp-json\/wp\/v2\/types\/product"}],"wp:featuredmedia":[{"embeddable":true,"href":"https:\/\/cleopatra.nl\/de\/wp-json\/wp\/v2\/media\/3152"}],"wp:attachment":[{"href":"https:\/\/cleopatra.nl\/de\/wp-json\/wp\/v2\/media?parent=3151"}],"wp:term":[{"taxonomy":"product_brand","embeddable":true,"href":"https:\/\/cleopatra.nl\/de\/wp-json\/wp\/v2\/product_brand?post=3151"},{"taxonomy":"product_cat","embeddable":true,"href":"https:\/\/cleopatra.nl\/de\/wp-json\/wp\/v2\/product_cat?post=3151"},{"taxonomy":"product_tag","embeddable":true,"href":"https:\/\/cleopatra.nl\/de\/wp-json\/wp\/v2\/product_tag?post=3151"}],"curies":[{"name":"wp","href":"https:\/\/api.w.org\/{rel}","templated":true}]}}