{"id":3155,"date":"2022-04-27T19:02:01","date_gmt":"2022-04-27T17:02:01","guid":{"rendered":"https:\/\/cleopatra.medialoods.com\/?post_type=product&#038;p=3155"},"modified":"2026-04-26T21:18:56","modified_gmt":"2026-04-26T19:18:56","slug":"sauna-emmer-hout-5-liter-2","status":"publish","type":"product","link":"https:\/\/cleopatra.nl\/de\/shop\/sauna-accessoires\/emmers-lepels\/houten-sauna-emmer-5-liter\/","title":{"rendered":"Sauna-Eimer Holz 5 Liter"},"content":{"rendered":"<p>Saunak\u00fcbel aus Holz.<\/p>\n<ul>\n<li>Hergestellt aus Weichholz f\u00fcr die Sauna.<\/li>\n<li>Der Eimer ist mit 2 Eisenb\u00fcgeln f\u00fcr zus\u00e4tzliche Stabilit\u00e4t gebunden<\/li>\n<li>Fassungsverm\u00f6gen von ca. 5 Litern<\/li>\n<li>Inklusive Kunststoffeinsatz<\/li>\n<\/ul>","protected":false},"excerpt":{"rendered":"<p>Saunak\u00fcbel aus Holz. Hergestellt aus Weichholz f\u00fcr die Sauna. Der Eimer ist f\u00fcr zus\u00e4tzliche Stabilit\u00e4t mit 2 Eisenreifen gebunden Inhalt ca. 5 Liter Inklusive Kunststoffeinsatz<\/p>","protected":false},"featured_media":3156,"template":"","format":"standard","meta":{"_acf_changed":false},"product_brand":[347],"product_cat":[94,71,79],"product_tag":[],"class_list":{"0":"post-3155","1":"product","2":"type-product","3":"status-publish","4":"format-standard","5":"has-post-thumbnail","7":"product_brand-cleopatra","8":"product_cat-emmers-lepels","9":"product_cat-shop","10":"product_cat-sauna-accessoires","12":"first","13":"instock","14":"taxable","15":"shipping-taxable","16":"purchasable","17":"product-type-simple"},"acf":[],"_links":{"self":[{"href":"https:\/\/cleopatra.nl\/de\/wp-json\/wp\/v2\/product\/3155","targetHints":{"allow":["GET"]}}],"collection":[{"href":"https:\/\/cleopatra.nl\/de\/wp-json\/wp\/v2\/product"}],"about":[{"href":"https:\/\/cleopatra.nl\/de\/wp-json\/wp\/v2\/types\/product"}],"wp:featuredmedia":[{"embeddable":true,"href":"https:\/\/cleopatra.nl\/de\/wp-json\/wp\/v2\/media\/3156"}],"wp:attachment":[{"href":"https:\/\/cleopatra.nl\/de\/wp-json\/wp\/v2\/media?parent=3155"}],"wp:term":[{"taxonomy":"product_brand","embeddable":true,"href":"https:\/\/cleopatra.nl\/de\/wp-json\/wp\/v2\/product_brand?post=3155"},{"taxonomy":"product_cat","embeddable":true,"href":"https:\/\/cleopatra.nl\/de\/wp-json\/wp\/v2\/product_cat?post=3155"},{"taxonomy":"product_tag","embeddable":true,"href":"https:\/\/cleopatra.nl\/de\/wp-json\/wp\/v2\/product_tag?post=3155"}],"curies":[{"name":"wp","href":"https:\/\/api.w.org\/{rel}","templated":true}]}}