{"id":3162,"date":"2022-04-27T19:02:00","date_gmt":"2022-04-27T17:02:00","guid":{"rendered":"https:\/\/cleopatra.medialoods.com\/?post_type=product&#038;p=3162"},"modified":"2026-04-26T21:18:54","modified_gmt":"2026-04-26T19:18:54","slug":"houten-voetenbad-2","status":"publish","type":"product","link":"https:\/\/cleopatra.nl\/de\/shop\/sauna-accessoires\/emmers-lepels\/houten-voetenbadje\/","title":{"rendered":"Fu\u00dfbad aus Holz"},"content":{"rendered":"<h3>Fu\u00dfbad aus Holz<\/h3>\n<p>Fu\u00dfbad aus Holz mit Kunststoffeinsatz. Ideal zum Absp\u00fclen der F\u00fc\u00dfe mit kaltem Wasser in oder nach der Sauna; das kalte Wasser bringt den Blutkreislauf in Schwung.<\/p>\n<p>&nbsp;<\/p>\n<ul>\n<li>Fassungsverm\u00f6gen 17 Liter<\/li>\n<li>Abmessungen 400 x 200 mm<\/li>\n<li>Gewicht 3,3 kg<\/li>\n<\/ul>","protected":false},"excerpt":{"rendered":"<p>Fu\u00dfbad aus Holz Fu\u00dfbad aus Holz mit Kunststoffeinsatz. Ideal zum Absp\u00fclen der F\u00fc\u00dfe mit kaltem Wasser in oder nach der Sauna; das kalte Wasser bringt den Blutkreislauf in Schwung.   Inhalt 17 Liter Abmessungen 400 x 200 mm Gewicht 3,3 kg<\/p>","protected":false},"featured_media":3163,"template":"","format":"standard","meta":{"_acf_changed":false},"product_brand":[347],"product_cat":[94,71,79],"product_tag":[],"class_list":{"0":"post-3162","1":"product","2":"type-product","3":"status-publish","4":"format-standard","5":"has-post-thumbnail","7":"product_brand-cleopatra","8":"product_cat-emmers-lepels","9":"product_cat-shop","10":"product_cat-sauna-accessoires","12":"first","13":"instock","14":"taxable","15":"shipping-taxable","16":"purchasable","17":"product-type-simple"},"acf":[],"_links":{"self":[{"href":"https:\/\/cleopatra.nl\/de\/wp-json\/wp\/v2\/product\/3162","targetHints":{"allow":["GET"]}}],"collection":[{"href":"https:\/\/cleopatra.nl\/de\/wp-json\/wp\/v2\/product"}],"about":[{"href":"https:\/\/cleopatra.nl\/de\/wp-json\/wp\/v2\/types\/product"}],"wp:featuredmedia":[{"embeddable":true,"href":"https:\/\/cleopatra.nl\/de\/wp-json\/wp\/v2\/media\/3163"}],"wp:attachment":[{"href":"https:\/\/cleopatra.nl\/de\/wp-json\/wp\/v2\/media?parent=3162"}],"wp:term":[{"taxonomy":"product_brand","embeddable":true,"href":"https:\/\/cleopatra.nl\/de\/wp-json\/wp\/v2\/product_brand?post=3162"},{"taxonomy":"product_cat","embeddable":true,"href":"https:\/\/cleopatra.nl\/de\/wp-json\/wp\/v2\/product_cat?post=3162"},{"taxonomy":"product_tag","embeddable":true,"href":"https:\/\/cleopatra.nl\/de\/wp-json\/wp\/v2\/product_tag?post=3162"}],"curies":[{"name":"wp","href":"https:\/\/api.w.org\/{rel}","templated":true}]}}