{"id":3167,"date":"2022-04-25T14:53:37","date_gmt":"2022-04-25T12:53:37","guid":{"rendered":"https:\/\/cleopatra.medialoods.com\/?post_type=product&#038;p=3167"},"modified":"2025-04-25T15:33:31","modified_gmt":"2025-04-25T13:33:31","slug":"sauna-opgietmiddel-5-liter-eucalyptus-2","status":"publish","type":"product","link":"https:\/\/cleopatra.nl\/de\/shop\/bad-sauna-stoombad-geuren\/sauna-opgietmiddel-5-liter\/","title":{"rendered":"Sauna-Reinigungsmittel | 5 Liter | Eukalyptus"},"content":{"rendered":"<h4>CLEOPATRA SAUNA FL\u00dcSSIG | EUKALYPTUS ORIGINAL<\/h4>\n<p>Die Kleopatra<strong>\u00a0Sauna mittel<\/strong> besteht aus sorgf\u00e4ltig ausgew\u00e4hlten Kr\u00e4utern und \u00e4therischen \u00d6len. Der Saunawisch ist perfekt f\u00fcr die Aromatherapie in privaten oder professionellen Saunen. Die D\u00fcfte sind frisch und haben eine belebende Wirkung auf die Atemwege. Dies ist ein Originalduft von Cleopatra, der seit 40 Jahren im In- und Ausland verkauft wird.<\/p>\n<p>Die D\u00fcfte werden als Gie\u00dfkonzentrat geliefert. Das hei\u00dft, Sie k\u00f6nnen sie mit Wasser verd\u00fcnnen, bis die gew\u00fcnschte Duftst\u00e4rke erreicht ist.<\/p>\n<p>Neben dem Eukalyptusduft sind auch Kiefer, Lavendel und Rosmarin in diesem Sortiment erh\u00e4ltlich.<\/p>\n<p>Die Fl\u00fcssigkeit wird in einem 5-Liter-Fass geliefert.<\/p>\n<p>Dosierung: Eine Dosis Saunaduft\" wird mit 15 Dosen Wasser gemischt. Sie k\u00f6nnen die Mischung vorsichtig in kleinen Mengen auf die Steine des Ofens gie\u00dfen.<\/p>","protected":false},"excerpt":{"rendered":"<p>Die Kleopatra<strong>\u00a0Sauna mittel<\/strong> besteht aus sorgf\u00e4ltig ausgew\u00e4hlten Kr\u00e4utern und \u00e4therischen \u00d6len. Der Saunawisch ist perfekt f\u00fcr die Aromatherapie in privaten oder professionellen Saunen. Die D\u00fcfte sind frisch und haben eine belebende Wirkung auf die Atemwege. Dies ist ein Originalduft von Cleopatra, der seit 40 Jahren im In- und Ausland verkauft wird.<\/p>","protected":false},"featured_media":3171,"template":"","format":"standard","meta":{"_acf_changed":false},"product_brand":[],"product_cat":[77,71],"product_tag":[],"class_list":{"0":"post-3167","1":"product","2":"type-product","3":"status-publish","4":"format-standard","5":"has-post-thumbnail","7":"product_cat-bad-sauna-stoombad-geuren","8":"product_cat-shop","10":"first","11":"instock","12":"sale","13":"taxable","14":"shipping-taxable","15":"purchasable","16":"product-type-simple"},"acf":[],"_links":{"self":[{"href":"https:\/\/cleopatra.nl\/de\/wp-json\/wp\/v2\/product\/3167","targetHints":{"allow":["GET"]}}],"collection":[{"href":"https:\/\/cleopatra.nl\/de\/wp-json\/wp\/v2\/product"}],"about":[{"href":"https:\/\/cleopatra.nl\/de\/wp-json\/wp\/v2\/types\/product"}],"wp:featuredmedia":[{"embeddable":true,"href":"https:\/\/cleopatra.nl\/de\/wp-json\/wp\/v2\/media\/3171"}],"wp:attachment":[{"href":"https:\/\/cleopatra.nl\/de\/wp-json\/wp\/v2\/media?parent=3167"}],"wp:term":[{"taxonomy":"product_brand","embeddable":true,"href":"https:\/\/cleopatra.nl\/de\/wp-json\/wp\/v2\/product_brand?post=3167"},{"taxonomy":"product_cat","embeddable":true,"href":"https:\/\/cleopatra.nl\/de\/wp-json\/wp\/v2\/product_cat?post=3167"},{"taxonomy":"product_tag","embeddable":true,"href":"https:\/\/cleopatra.nl\/de\/wp-json\/wp\/v2\/product_tag?post=3167"}],"curies":[{"name":"wp","href":"https:\/\/api.w.org\/{rel}","templated":true}]}}