{"id":3170,"date":"2022-04-27T19:02:13","date_gmt":"2022-04-27T17:02:13","guid":{"rendered":"https:\/\/cleopatra.medialoods.com\/?post_type=product&#038;p=3170"},"modified":"2026-04-26T21:18:56","modified_gmt":"2026-04-26T19:18:56","slug":"sauna-geurstof-100-natuurlijk-2","status":"publish","type":"product","link":"https:\/\/cleopatra.nl\/de\/shop\/sauna-accessoires\/overige-sauna-accessoires\/sauna-infuuszak-100-natuurlijk\/","title":{"rendered":"Saunaduft 100% natur"},"content":{"rendered":"<p><strong>Sauna-Aufgussbeutel 100% natur<\/strong><\/p>\n<p id=\"tw-target-text\" class=\"tw-data-text tw-text-large XcVN5d tw-ta\" dir=\"ltr\" data-placeholder=\"Vertaling\"><span class=\"Y2IQFc\" lang=\"nl\">So funktioniert der Aufgussbeutel: Sauna-Aufgussbeutel mit nat\u00fcrlichem, getrocknetem Pflanzenmaterial in gepr\u00fcfter, lebensmittelechter Qualit\u00e4t. Ca. 1 Beutel auf 1 Liter warmes Wasser und ca. 5 Minuten ziehen lassen - f\u00fcr einen 100% nat\u00fcrlichen Saunaaufguss. Dann gie\u00dfen Sie den Duft in den Ofen.<\/span><\/p>\n<p dir=\"ltr\" data-placeholder=\"Vertaling\"><strong>Verschiedene D\u00fcfte:<\/strong><\/p>\n<p id=\"tw-target-text\" class=\"tw-data-text tw-text-large XcVN5d tw-ta\" data-placeholder=\"Vertaling\"><strong><span class=\"Y2IQFc\" lang=\"nl\">Birkenbl\u00e4tter<\/span><\/strong><\/p>\n<ul>\n<li class=\"tw-data-text tw-text-large XcVN5d tw-ta\" dir=\"ltr\" data-placeholder=\"Vertaling\"><span class=\"Y2IQFc\" lang=\"nl\">F\u00fcr alle, die den typisch finnischen Birkenduft lieben, denen aber das Hantieren mit Birkenb\u00fcndeln zu umst\u00e4ndlich ist. Verleiht nach dem Aufgie\u00dfen des Saunaofens einen wunderbaren Duft.<\/span><\/li>\n<\/ul>\n<p class=\"tw-data-text tw-text-large XcVN5d tw-ta\" data-placeholder=\"Vertaling\"><strong><span class=\"Y2IQFc\" lang=\"nl\">Lavendelbl\u00fcten<\/span><\/strong><\/p>\n<ul>\n<li class=\"tw-data-text tw-text-large XcVN5d tw-ta\" dir=\"ltr\" data-placeholder=\"Vertaling\"><span class=\"Y2IQFc\" lang=\"nl\">Ausgewogener, entspannender Duft.\u00a0<\/span><\/li>\n<\/ul>\n<p class=\"tw-data-text tw-text-large XcVN5d tw-ta\" data-placeholder=\"Vertaling\"><strong><span class=\"Y2IQFc\" lang=\"nl\">Winterzauber<\/span><\/strong><\/p>\n<ul>\n<li class=\"tw-data-text tw-text-large XcVN5d tw-ta\" dir=\"ltr\" data-placeholder=\"Vertaling\"><span class=\"Y2IQFc\" lang=\"nl\">(Zimt, Orangenschale, Anis, Gew\u00fcrznelke) - harmonisierend, erzeugt einen weihnachtlichen Duft. Gemischtes Set bestehend aus 3 Einzelbeuteln \u00e0 ca. 10 g Birkenblatt, Lavendelbl\u00fcte und Winterzauber<\/span><\/li>\n<\/ul>\n<p data-placeholder=\"Vertaling\"><strong>Gemischt<\/strong><\/p>\n<p>Gemischter Beutel mit 3 Beuteln von jedem Duft (3 Birkenbl\u00e4tter, 3 Lavendelbl\u00fcten und 3 Winterzauber)<\/p>","protected":false},"excerpt":{"rendered":"<p>Sauna Infuuszak 100% natuurlijk Hoe werkt de infuuszak: Sauna infusiezak met natuurlijk, gedroogd plantaardig materiaal in geteste voedselveilige kwaliteit. circa 1 zak per 1 liter warm water en laat ze\u00a0 circa 5 minuten trekken \u2013 voor een 100% natuurlijke sauna-infusie. Hierna kan men de geurstof op de kachel gieten. Verschillende geuren: Berken bladeren Voor iedereen [&hellip;]<\/p>\n","protected":false},"featured_media":3172,"template":"","format":"standard","meta":{"_acf_changed":false},"product_brand":[347],"product_cat":[95,71,79],"product_tag":[],"class_list":{"0":"post-3170","1":"product","2":"type-product","3":"status-publish","4":"format-standard","5":"has-post-thumbnail","7":"product_brand-cleopatra","8":"product_cat-overige-sauna-accessoires","9":"product_cat-shop","10":"product_cat-sauna-accessoires","12":"first","13":"instock","14":"taxable","15":"shipping-taxable","16":"purchasable","17":"product-type-simple"},"acf":[],"_links":{"self":[{"href":"https:\/\/cleopatra.nl\/de\/wp-json\/wp\/v2\/product\/3170","targetHints":{"allow":["GET"]}}],"collection":[{"href":"https:\/\/cleopatra.nl\/de\/wp-json\/wp\/v2\/product"}],"about":[{"href":"https:\/\/cleopatra.nl\/de\/wp-json\/wp\/v2\/types\/product"}],"wp:featuredmedia":[{"embeddable":true,"href":"https:\/\/cleopatra.nl\/de\/wp-json\/wp\/v2\/media\/3172"}],"wp:attachment":[{"href":"https:\/\/cleopatra.nl\/de\/wp-json\/wp\/v2\/media?parent=3170"}],"wp:term":[{"taxonomy":"product_brand","embeddable":true,"href":"https:\/\/cleopatra.nl\/de\/wp-json\/wp\/v2\/product_brand?post=3170"},{"taxonomy":"product_cat","embeddable":true,"href":"https:\/\/cleopatra.nl\/de\/wp-json\/wp\/v2\/product_cat?post=3170"},{"taxonomy":"product_tag","embeddable":true,"href":"https:\/\/cleopatra.nl\/de\/wp-json\/wp\/v2\/product_tag?post=3170"}],"curies":[{"name":"wp","href":"https:\/\/api.w.org\/{rel}","templated":true}]}}