{"id":3173,"date":"2022-04-25T14:58:31","date_gmt":"2022-04-25T12:58:31","guid":{"rendered":"https:\/\/cleopatra.medialoods.com\/?post_type=product&#038;p=3173"},"modified":"2026-04-26T21:18:58","modified_gmt":"2026-04-26T19:18:58","slug":"stoombad-melk-5-liter-eucalyptus-original-2","status":"publish","type":"product","link":"https:\/\/cleopatra.nl\/de\/shop\/bad-sauna-stoombad-geuren\/stoombad-melk-5-liter-original\/","title":{"rendered":"Dampfbad Milch 5 Liter | Eukalyptus (Original)"},"content":{"rendered":"<p>Cleopatra Dampfbad-Milch - das einzig Wahre!<\/p>\n<p>Die Kleopatra\u00a0<strong>Dampfbadmilch<\/strong> sind hochwertige Parf\u00fcms, die sowohl von Privatpersonen als auch von Fachleuten verwendet werden. Die Dampfbadd\u00fcfte werden aus 100% reinem \u00e4therischem \u00d6l und duftstofffreien Hilfsstoffen hergestellt. Ideal f\u00fcr die Aromatherapie in einem Dampfbad oder Hammam. Dies ist eine<strong> Original<\/strong> Version - unverd\u00fcnnt, und auch ein gesch\u00fctztes Rezept, das Cleopatra seit 40 Jahren vertreibt. Und man merkt es sofort - man braucht weniger Duft f\u00fcr ein leckeres Ergebnis. Der Zusatz Milch zeigt eine wei\u00dfe Substanz an; aufgrund der Intensit\u00e4t des Duftes empfehlen wir, die Milch mit Wasser zu verd\u00fcnnen.<\/p>\n<p>Eukalyptusmilch ist ein herrlich frischer Duft.<\/p>\n<p>Die Milch wird in einem 5-Liter-Fass geliefert.<\/p>\n<p>Dosierung: Mit Wasser verd\u00fcnnen (1 Teil Duftstoff auf 5 Teile Wasser).<\/p>\n<p>Haltbarkeitsdauer: 12 Monate.<\/p>","protected":false},"excerpt":{"rendered":"<p>Cleopatra Stoombad melk &#8211; de echte! De Cleopatra\u00a0stoombad melk zijn een hoogwaardige geuren die zowel door particulieren als door professionele partijen gebruikt worden. De stoombadgeuren zijn gemaakt uit 100% zuivere etherische olie en geurloze hulpstoffen. Ideaal voor aromatherapie in een stoombad en of Hammam. Het betreft hier een original uitvoering \u2013 onverdund, en bovendien een [&hellip;]<\/p>\n","protected":false},"featured_media":3175,"template":"","format":"standard","meta":{"_acf_changed":false},"product_brand":[347],"product_cat":[77,71],"product_tag":[],"class_list":{"0":"post-3173","1":"product","2":"type-product","3":"status-publish","4":"format-standard","5":"has-post-thumbnail","7":"product_brand-cleopatra","8":"product_cat-bad-sauna-stoombad-geuren","9":"product_cat-shop","11":"first","12":"instock","13":"sale","14":"taxable","15":"shipping-taxable","16":"purchasable","17":"product-type-simple"},"acf":[],"_links":{"self":[{"href":"https:\/\/cleopatra.nl\/de\/wp-json\/wp\/v2\/product\/3173","targetHints":{"allow":["GET"]}}],"collection":[{"href":"https:\/\/cleopatra.nl\/de\/wp-json\/wp\/v2\/product"}],"about":[{"href":"https:\/\/cleopatra.nl\/de\/wp-json\/wp\/v2\/types\/product"}],"wp:featuredmedia":[{"embeddable":true,"href":"https:\/\/cleopatra.nl\/de\/wp-json\/wp\/v2\/media\/3175"}],"wp:attachment":[{"href":"https:\/\/cleopatra.nl\/de\/wp-json\/wp\/v2\/media?parent=3173"}],"wp:term":[{"taxonomy":"product_brand","embeddable":true,"href":"https:\/\/cleopatra.nl\/de\/wp-json\/wp\/v2\/product_brand?post=3173"},{"taxonomy":"product_cat","embeddable":true,"href":"https:\/\/cleopatra.nl\/de\/wp-json\/wp\/v2\/product_cat?post=3173"},{"taxonomy":"product_tag","embeddable":true,"href":"https:\/\/cleopatra.nl\/de\/wp-json\/wp\/v2\/product_tag?post=3173"}],"curies":[{"name":"wp","href":"https:\/\/api.w.org\/{rel}","templated":true}]}}