{"id":3174,"date":"2022-04-27T19:02:13","date_gmt":"2022-04-27T17:02:13","guid":{"rendered":"https:\/\/cleopatra.medialoods.com\/?post_type=product&#038;p=3174"},"modified":"2026-04-26T21:18:56","modified_gmt":"2026-04-26T19:18:56","slug":"sauna-peeling-salt-300-gram-2","status":"publish","type":"product","link":"https:\/\/cleopatra.nl\/de\/shop\/sauna-accessoires\/overige-sauna-accessoires\/sauna-peeling-salt\/","title":{"rendered":"Sauna-Peeling-Salz (300 Gramm)"},"content":{"rendered":"<p><strong>Sauna-Peeling-Salz<\/strong><\/p>\n<ul>\n<li>Feuchtigkeitsspendendes Peeling f\u00fcr den ganzen K\u00f6rper mit dem Duft von Birkenbl\u00e4ttern.<\/li>\n<li>Das Peelingsalz enth\u00e4lt Kokosnuss- und Mandel\u00f6l und hinterl\u00e4sst einen sch\u00fctzenden Film auf der Haut.<\/li>\n<li>Befeuchtet und reinigt die Haut, wird mit Wasser abgesp\u00fclt.<\/li>\n<\/ul>\n<p><strong>Gebrauchsanweisung:<\/strong><\/p>\n<ul>\n<li>Befeuchten Sie die Haut mit Wasser oder durch Schwitzen in einer Sauna.<\/li>\n<li>Mit der Hand oder einem Waschhandschuh 2-4 Essl\u00f6ffel Peelingzucker auf dem ganzen K\u00f6rper verreiben.<\/li>\n<li>Sp\u00fclen Sie die Haut ab und trocknen Sie sie.<\/li>\n<li><strong>Nicht auf gesch\u00e4digter oder gereizter Haut verwenden, nicht f\u00fcr das Gesicht.<\/strong><\/li>\n<\/ul>","protected":false},"excerpt":{"rendered":"<p>Sauna Peeling Salt Hydraterende peeling voor het hele lichaam met de geur van berkenblad. De peeling salt bevat kokos- en amandelolie en laat een beschermend laagje op de huid achter. Hydrateert en reinigt de huid, spoelt af met water. Gebruiksaanwijzing: Bevochtig de huid met water of door te zweten in een sauna. Wrijf met de [&hellip;]<\/p>\n","protected":false},"featured_media":3177,"template":"","format":"standard","meta":{"_acf_changed":false},"product_brand":[347],"product_cat":[95,71,79],"product_tag":[],"class_list":{"0":"post-3174","1":"product","2":"type-product","3":"status-publish","4":"format-standard","5":"has-post-thumbnail","7":"product_brand-cleopatra","8":"product_cat-overige-sauna-accessoires","9":"product_cat-shop","10":"product_cat-sauna-accessoires","12":"first","13":"instock","14":"taxable","15":"shipping-taxable","16":"purchasable","17":"product-type-simple"},"acf":[],"_links":{"self":[{"href":"https:\/\/cleopatra.nl\/de\/wp-json\/wp\/v2\/product\/3174","targetHints":{"allow":["GET"]}}],"collection":[{"href":"https:\/\/cleopatra.nl\/de\/wp-json\/wp\/v2\/product"}],"about":[{"href":"https:\/\/cleopatra.nl\/de\/wp-json\/wp\/v2\/types\/product"}],"wp:featuredmedia":[{"embeddable":true,"href":"https:\/\/cleopatra.nl\/de\/wp-json\/wp\/v2\/media\/3177"}],"wp:attachment":[{"href":"https:\/\/cleopatra.nl\/de\/wp-json\/wp\/v2\/media?parent=3174"}],"wp:term":[{"taxonomy":"product_brand","embeddable":true,"href":"https:\/\/cleopatra.nl\/de\/wp-json\/wp\/v2\/product_brand?post=3174"},{"taxonomy":"product_cat","embeddable":true,"href":"https:\/\/cleopatra.nl\/de\/wp-json\/wp\/v2\/product_cat?post=3174"},{"taxonomy":"product_tag","embeddable":true,"href":"https:\/\/cleopatra.nl\/de\/wp-json\/wp\/v2\/product_tag?post=3174"}],"curies":[{"name":"wp","href":"https:\/\/api.w.org\/{rel}","templated":true}]}}