{"id":3176,"date":"2022-04-25T15:02:55","date_gmt":"2022-04-25T13:02:55","guid":{"rendered":"https:\/\/cleopatra.medialoods.com\/?post_type=product&#038;p=3176"},"modified":"2026-04-26T21:54:20","modified_gmt":"2026-04-26T19:54:20","slug":"stoombad-parfum-1-liter","status":"publish","type":"product","link":"https:\/\/cleopatra.nl\/de\/shop\/bad-sauna-stoombad-geuren\/stoombad-parfum-1-liter\/","title":{"rendered":"Stoombadmelk Eucalyptus | 1 Liter"},"content":{"rendered":"<h4>CLEOPATRA STOOMBAD MELK<\/h4>\n<p>Die Kleopatra\u00a0<strong>Dampfbad-Parf\u00fcm<\/strong> ist ein innovativer Duft, der sehr sparsam im Verbrauch ist. Das Dampfbadparf\u00fcm wird aus 100% reinem \u00e4therischem \u00d6l und geruchlosen Hilfsstoffen hergestellt. Es ist f\u00fcr den privaten und professionellen Gebrauch geeignet. Der Namenszusatz \"Milch\" weist darauf hin, dass das Produkt wei\u00df ist.<\/p>\n<p>Die folgenden D\u00fcfte sind erh\u00e4ltlich:<\/p>\n<ul>\n<li>Eukalyptusmilch<\/li>\n<li>Eucamint Milch<\/li>\n<\/ul>\n<p>Das Dampfbadparf\u00fcm wird in eleganten 1-Liter-Flaschen geliefert.<\/p>\n<p>Dosierung: Mit Wasser verd\u00fcnnen (1 Teil Duftstoff auf 4 Teile Wasser).<\/p>","protected":false},"excerpt":{"rendered":"<p>Die Kleopatra\u00a0<strong>Dampfbad-Parf\u00fcm<\/strong> ist ein innovativer Duft, der sehr sparsam im Verbrauch ist. Das Dampfbadparf\u00fcm wird aus 100% reinem \u00e4therischem \u00d6l und geruchlosen Hilfsstoffen hergestellt. Es ist f\u00fcr den privaten und professionellen Gebrauch geeignet. Der Namenszusatz \"Milch\" weist darauf hin, dass das Produkt wei\u00df ist.<\/p>","protected":false},"featured_media":3181,"template":"","format":"standard","meta":{"_acf_changed":false},"product_brand":[347],"product_cat":[77,71],"product_tag":[],"class_list":{"0":"post-3176","1":"product","2":"type-product","3":"status-publish","4":"format-standard","5":"has-post-thumbnail","7":"product_brand-cleopatra","8":"product_cat-bad-sauna-stoombad-geuren","9":"product_cat-shop","11":"first","12":"instock","13":"taxable","14":"shipping-taxable","15":"purchasable","16":"product-type-simple"},"acf":[],"_links":{"self":[{"href":"https:\/\/cleopatra.nl\/de\/wp-json\/wp\/v2\/product\/3176","targetHints":{"allow":["GET"]}}],"collection":[{"href":"https:\/\/cleopatra.nl\/de\/wp-json\/wp\/v2\/product"}],"about":[{"href":"https:\/\/cleopatra.nl\/de\/wp-json\/wp\/v2\/types\/product"}],"wp:featuredmedia":[{"embeddable":true,"href":"https:\/\/cleopatra.nl\/de\/wp-json\/wp\/v2\/media\/3181"}],"wp:attachment":[{"href":"https:\/\/cleopatra.nl\/de\/wp-json\/wp\/v2\/media?parent=3176"}],"wp:term":[{"taxonomy":"product_brand","embeddable":true,"href":"https:\/\/cleopatra.nl\/de\/wp-json\/wp\/v2\/product_brand?post=3176"},{"taxonomy":"product_cat","embeddable":true,"href":"https:\/\/cleopatra.nl\/de\/wp-json\/wp\/v2\/product_cat?post=3176"},{"taxonomy":"product_tag","embeddable":true,"href":"https:\/\/cleopatra.nl\/de\/wp-json\/wp\/v2\/product_tag?post=3176"}],"curies":[{"name":"wp","href":"https:\/\/api.w.org\/{rel}","templated":true}]}}