{"id":3192,"date":"2022-04-27T19:01:59","date_gmt":"2022-04-27T17:01:59","guid":{"rendered":"https:\/\/cleopatra.medialoods.com\/?post_type=product&#038;p=3192"},"modified":"2025-01-02T11:31:26","modified_gmt":"2025-01-02T10:31:26","slug":"wandaansluiting-hoekstopkranen-2","status":"publish","type":"product","link":"https:\/\/cleopatra.nl\/de\/shop\/sauna-accessoires\/douches-slangen\/wandaansluiting-hoekstopkranen\/","title":{"rendered":"Wandanschluss-Winkelh\u00e4hne"},"content":{"rendered":"<p><strong>Eckabsperrh\u00e4hne f\u00fcr Wandausl\u00e4sse<\/strong><\/p>\n<ul>\n<li id=\"tw-target-text\" class=\"tw-data-text tw-text-large XcVN5d tw-ta\" dir=\"ltr\" data-placeholder=\"Vertaling\"><span class=\"Y2IQFc\" lang=\"nl\">Aus hochglanzverchromtem Messing, Qualit\u00e4tsprodukt mit R\u00fcckflussverhinderer. <\/span><\/li>\n<li class=\"tw-data-text tw-text-large XcVN5d tw-ta\" dir=\"ltr\" data-placeholder=\"Vertaling\"><span class=\"Y2IQFc\" lang=\"nl\">Wenn kein eigensicheres Absperrventil verwendet wird, muss bauseits eine zus\u00e4tzliche Rohrentl\u00fcftung installiert werden!<\/span><\/li>\n<\/ul>\n<p id=\"tw-target-text\" class=\"tw-data-text tw-text-large XcVN5d tw-ta\" dir=\"ltr\" data-placeholder=\"Vertaling\"><strong><span class=\"Y2IQFc\" lang=\"nl\">Wandanschluss-Winkelhahn 1\/2\u2033x 1\/2\u2033<\/span><\/strong><\/p>\n<div>\n<ul>\n<li id=\"tw-target-text\" class=\"tw-data-text tw-text-large XcVN5d tw-ta\" dir=\"ltr\" data-placeholder=\"Vertaling\"><span class=\"Y2IQFc\" lang=\"nl\">Abmessungen: \u00d8 ca. 54 mm<\/span><\/li>\n<li class=\"tw-data-text tw-text-large XcVN5d tw-ta\" dir=\"ltr\" data-placeholder=\"Vertaling\"><span class=\"Y2IQFc\" lang=\"nl\">H\u00f6he ca. 32 mm<\/span><\/li>\n<li class=\"tw-data-text tw-text-large XcVN5d tw-ta\" dir=\"ltr\" data-placeholder=\"Vertaling\"><span class=\"Y2IQFc\" lang=\"nl\">Gewicht ca. 150 g<\/span><\/li>\n<\/ul>\n<\/div>\n<h4 id=\"tw-target-text\" class=\"tw-data-text tw-text-large XcVN5d tw-ta\" dir=\"ltr\" data-placeholder=\"Vertaling\"><strong><span class=\"Y2IQFc\" lang=\"nl\">Wandanschluss-Winkelhahn 3\/4\u2033 x 3\/4\u2033<\/span><\/strong><\/h4>\n<div>\n<ul>\n<li id=\"tw-target-text\" class=\"tw-data-text tw-text-large XcVN5d tw-ta\" dir=\"ltr\" data-placeholder=\"Vertaling\"><span class=\"Y2IQFc\" lang=\"nl\">inkl. austauschbarem Gewindeaufsatz f\u00fcr Wasseranschluss 1\/2\u2033 statt 3\/4<\/span><\/li>\n<li dir=\"ltr\" data-placeholder=\"Vertaling\">Abmessungen: \u00d8 ca. 50 mm<\/li>\n<li dir=\"ltr\" data-placeholder=\"Vertaling\">H\u00f6he ca. 55 mm<\/li>\n<li dir=\"ltr\" data-placeholder=\"Vertaling\">Gewicht: ca. 700 Gramm<\/li>\n<\/ul>\n<\/div>","protected":false},"excerpt":{"rendered":"<p>Wandaansluiting hoekstopkranen Gemaakt van hoog gepolijst verchroomd messing, hoogwaardig product met terugstroombeveiliging. Als er geen intrinsiek veilige afsluiter wordt gebruikt, moet u ter plaatse een extra leidingontluchting installeren! Wandaansluiting hoekstopkraan 1\/2&#8243;x 1\/2&#8243; Afmeting: \u00d8 ca. 54 mm Hoogte ca. 32 mm Gewicht ca. 150 gram Wandaansluiting hoekstopkraan 3\/4&#8243; x 3\/4&#8243; incl. verwisselbare schroefdraadbevestiging voor wateraansluiting [&hellip;]<\/p>\n","protected":false},"featured_media":3193,"template":"","format":"standard","meta":{"_acf_changed":false},"product_brand":[],"product_cat":[93,71,79],"product_tag":[],"class_list":{"0":"post-3192","1":"product","2":"type-product","3":"status-publish","4":"format-standard","5":"has-post-thumbnail","7":"product_cat-douches-slangen","8":"product_cat-shop","9":"product_cat-sauna-accessoires","11":"first","12":"instock","13":"taxable","14":"shipping-taxable","15":"purchasable","16":"product-type-simple"},"acf":[],"_links":{"self":[{"href":"https:\/\/cleopatra.nl\/de\/wp-json\/wp\/v2\/product\/3192","targetHints":{"allow":["GET"]}}],"collection":[{"href":"https:\/\/cleopatra.nl\/de\/wp-json\/wp\/v2\/product"}],"about":[{"href":"https:\/\/cleopatra.nl\/de\/wp-json\/wp\/v2\/types\/product"}],"wp:featuredmedia":[{"embeddable":true,"href":"https:\/\/cleopatra.nl\/de\/wp-json\/wp\/v2\/media\/3193"}],"wp:attachment":[{"href":"https:\/\/cleopatra.nl\/de\/wp-json\/wp\/v2\/media?parent=3192"}],"wp:term":[{"taxonomy":"product_brand","embeddable":true,"href":"https:\/\/cleopatra.nl\/de\/wp-json\/wp\/v2\/product_brand?post=3192"},{"taxonomy":"product_cat","embeddable":true,"href":"https:\/\/cleopatra.nl\/de\/wp-json\/wp\/v2\/product_cat?post=3192"},{"taxonomy":"product_tag","embeddable":true,"href":"https:\/\/cleopatra.nl\/de\/wp-json\/wp\/v2\/product_tag?post=3192"}],"curies":[{"name":"wp","href":"https:\/\/api.w.org\/{rel}","templated":true}]}}