{"id":3198,"date":"2022-04-27T19:02:10","date_gmt":"2022-04-27T17:02:10","guid":{"rendered":"https:\/\/cleopatra.medialoods.com\/?post_type=product&#038;p=3198"},"modified":"2026-04-26T23:15:00","modified_gmt":"2026-04-26T21:15:00","slug":"backwall-steam-shower-deluxe-plus","status":"publish","type":"product","link":"https:\/\/cleopatra.nl\/de\/shop\/stoomtechniek-prive\/stoomtechniek-stoomtechniek-prive\/backwall-steam-shower-brain-plus\/","title":{"rendered":"R\u00fcckwand Dampf &amp; Dusche Deluxe Plus"},"content":{"rendered":"<h4>INTERNER DAMPF- UND WELLNESSGENERATOR MIT DUSCHE<\/h4>\n<p>Die BackWall Steam &amp; Shower ist ein installationsfreundliches System, mit dem ein Dampf- und Wellnessgenerator zusammen mit einer Dusche in einem verfliesbaren Raum installiert werden kann.<\/p>\n<p>Die BackWall besteht aus einem verstellbaren Aluminiumrahmen, in dem alle Dampf-, Wellness- und Duschkomponenten vormontiert sind. Nach dem Anschluss an Wasser und Strom ist die BackWall bereit f\u00fcr die Verfliesung. Die BackWall kann an der Wand oder b\u00fcndig mit der Wand angebracht werden. Auf diese Weise werden Dampfgenerator und Dusche vollst\u00e4ndig in den Raum integriert. Die BackWall verf\u00fcgt \u00fcber ein attraktives Servicepanel mit einer Abdeckplatte aus Sicherheitsglas.<\/p>\n<p>Sie haben die M\u00f6glichkeit, einen Mischer Ihrer Wahl von Ihrem Installateur einbauen zu lassen. Eine besonders sch\u00f6ne und zuverl\u00e4ssige Armatur bieten wir mit der Marke Hansgrohe: entweder nur mit Handbrause oder mit einer Kombination aus Hand- und Dachbrause.<\/p>\n<p>M\u00f6chten Sie einen Dampfgenerator ohne Dusche in Ihrer Kabine? Dann ist die BackWall Steam genau das Richtige f\u00fcr Sie. Klicken Sie auf\u00a0<a href=\"https:\/\/cleopatra.nl\/de\/interne-stoom-generator-backwall.html\/\">hier<\/a>\u00a0f\u00fcr weitere Informationen.<\/p>\n<h4><a name=\"_Toc69125702\"><\/a><br \/>\nDAMPFERZEUGER<\/h4>\n<p><strong>Die Cleo Steam Deluxe <\/strong>bietet ein umfassendes Wellness-Erlebnis in der Dampfkabine. Es handelt sich nicht nur um einen hochmodernen Dampfgenerator, der f\u00fcr eine stabile Temperatur in der Kabine sorgt, sondern auch um einen, der spezielle Wellnessfunktionen wie Halotherapie (Salzl\u00f6sung im Dampf), K\u00e4ltetherapie (kalter Nebel), Aromatherapie (bis zu 4 verschiedene D\u00fcfte) und Ultrastoom (sehr hohe Dampfdichte) bietet. Der Steam Deluxe verf\u00fcgt au\u00dferdem \u00fcber super moderne und sch\u00f6ne Bedienelemente. Der Cleo Deluxe ist also ein einzigartiger Generator f\u00fcr alle, die Zugang zu hochwertigen und vielf\u00e4ltigen Wellness-Erlebnissen haben m\u00f6chten und sch\u00f6ne Produkte lieben.<\/p>\n<p>Die erforderliche Leistung wird wie folgt berechnet: Kabinenl\u00e4nge x Breite x H\u00f6he x 1,25 = erforderliche kW.<\/p>\n<p>Wir gehen hier davon aus, dass die Kabine gut isoliert ist und eine maximale Innenh\u00f6he von 220 cm hat. Leistungsstrom wird ab 4,5 kW ben\u00f6tigt.<\/p>\n<h4>R\u00dcCKWANDOPTIONEN<\/h4>\n<p>Der BackWall Steam verf\u00fcgt \u00fcber einen verstellbaren Aluminiumrahmen, der in der Wand oder an der Wand montiert wird.<\/p>\n<p><em><strong>Sie m\u00fcssen eine Wartungsplatte aus Sicherheitsglas bestellen<\/strong><\/em>. Die Platte ist in den Farben Schwarz, Grau und Wei\u00df erh\u00e4ltlich.<\/p>\n<p>Wenn Sie die Arbeiten am Wasserhahn inbegriffen haben m\u00f6chten, bieten wir Ihnen die folgenden zwei Optionen an:<\/p>\n<ul>\n<li>Thermostatmischer, Hansgrohe ShowerSelect Handbrause und Gleitstange<\/li>\n<li>Thermostatmischer, Hansgrohe ShowerSelect Handbrause, Schiebestange und Anschlussdachbrause. Sie k\u00f6nnen aus den folgenden Dachbrausen w\u00e4hlen: Rainmaker, Raindance Select und Raindance Air.<\/li>\n<\/ul>","protected":false},"excerpt":{"rendered":"<p>Die BackWall Steam &amp; Shower ist ein installationsfreundliches System, mit dem ein Dampf- und Wellnessgenerator zusammen mit einer Dusche in einem verfliesbaren Raum installiert werden kann.<\/p>","protected":false},"featured_media":3202,"template":"","format":"standard","meta":{"_acf_changed":false},"product_brand":[347],"product_cat":[99,71,80],"product_tag":[],"class_list":{"0":"post-3198","1":"product","2":"type-product","3":"status-publish","4":"format-standard","5":"has-post-thumbnail","7":"product_brand-cleopatra","8":"product_cat-stoomtechniek-stoomtechniek-prive","9":"product_cat-shop","10":"product_cat-stoomtechniek-prive","12":"first","13":"instock","14":"taxable","15":"shipping-taxable","16":"purchasable","17":"product-type-simple"},"acf":[],"_links":{"self":[{"href":"https:\/\/cleopatra.nl\/de\/wp-json\/wp\/v2\/product\/3198","targetHints":{"allow":["GET"]}}],"collection":[{"href":"https:\/\/cleopatra.nl\/de\/wp-json\/wp\/v2\/product"}],"about":[{"href":"https:\/\/cleopatra.nl\/de\/wp-json\/wp\/v2\/types\/product"}],"wp:featuredmedia":[{"embeddable":true,"href":"https:\/\/cleopatra.nl\/de\/wp-json\/wp\/v2\/media\/3202"}],"wp:attachment":[{"href":"https:\/\/cleopatra.nl\/de\/wp-json\/wp\/v2\/media?parent=3198"}],"wp:term":[{"taxonomy":"product_brand","embeddable":true,"href":"https:\/\/cleopatra.nl\/de\/wp-json\/wp\/v2\/product_brand?post=3198"},{"taxonomy":"product_cat","embeddable":true,"href":"https:\/\/cleopatra.nl\/de\/wp-json\/wp\/v2\/product_cat?post=3198"},{"taxonomy":"product_tag","embeddable":true,"href":"https:\/\/cleopatra.nl\/de\/wp-json\/wp\/v2\/product_tag?post=3198"}],"curies":[{"name":"wp","href":"https:\/\/api.w.org\/{rel}","templated":true}]}}