{"id":3203,"date":"2022-04-27T19:02:11","date_gmt":"2022-04-27T17:02:11","guid":{"rendered":"https:\/\/cleopatra.medialoods.com\/?post_type=product&#038;p=3203"},"modified":"2026-04-27T13:46:05","modified_gmt":"2026-04-27T11:46:05","slug":"backwall-steam-shower-deluxe","status":"publish","type":"product","link":"https:\/\/cleopatra.nl\/de\/shop\/backwall-steam-shower-smart-plus\/","title":{"rendered":"Backwall Steam &#038; Shower Smart"},"content":{"rendered":"<h4>INTERNER DAMPF- UND WELLNESSGENERATOR MIT DUSCHE<\/h4>\n<p>Die BackWall Steam &amp; Shower ist ein installationsfreundliches System, das die einfache Montage eines Dampf- und Wellnessgenerators zusammen mit einer Dusche in einem verfliesbaren Raum erm\u00f6glicht. Die BackWall besteht aus einem verstellbaren Aluminiumrahmen, an dem alle Dampf-, Wellness- und Duschkomponenten vormontiert sind. Nach dem Anschluss von Wasser und Strom ist die BackWall bereit f\u00fcr die Verfliesung. Die BackWall kann an der Wand oder b\u00fcndig mit der Wand angebracht werden. Auf diese Weise werden Dampfgenerator und Dusche vollst\u00e4ndig in den Raum integriert.<\/p>\n<p>Die BackWall verf\u00fcgt \u00fcber ein attraktives Bedienfeld mit einer Abdeckplatte aus Sicherheitsglas.<\/p>\n<p>U kunt ervoor kiezen om een kraanwerk naar keuze door uw monteur te laten installeren. We bieden ook een bijzonder mooi en betrouwbaar kraanwerk met merknaam Hansgrohe aan.<\/p>\n<p>M\u00f6chten Sie einen Dampfgenerator ohne Dusche in Ihrer Kabine? Dann ist die BackWall Steam genau das Richtige f\u00fcr Sie. Klicken Sie auf\u00a0<a href=\"https:\/\/cleopatra.nl\/de\/interne-stoom-generator-backwall.html\/\">hier<\/a>\u00a0f\u00fcr weitere Informationen.<\/p>\n<h4><strong><br \/>\nBESCHREIBUNG<\/strong><\/h4>\n<p>- Erh\u00e4ltlich in 5 verschiedenen Kapazit\u00e4ten.<br \/>\n- Vollst\u00e4ndig vormontiert auf Aluminiumrahmen.<br \/>\n\u2022 Uitvoering met Steam Smart<br \/>\n- Dampfeinlass und Glasabdeckung in wei\u00df, grau oder schwarz.<br \/>\n- Ausgestattet mit Thermostatarmatur und Handbrause.<\/p>\n<h4><strong><br \/>\nSPEZIFIKATIONEN<\/strong><\/h4>\n<ul>\n<li>Einbaurahmen aus Aluminium<\/li>\n<li>Stromerzeuger<\/li>\n<li>Dosierung des Geruchs<\/li>\n<li>Bauplatte<\/li>\n<li>Dosierung des Geruchs<\/li>\n<\/ul>\n<h4><strong><br \/>\nANMERKUNGEN<\/strong><\/h4>\n<p>Erforderliche kW = Kabinenh\u00f6he x Breite x L\u00e4nge x 1,25 (Ma\u00dfe in Metern). Stellen Sie sicher, dass die Kabine vorschriftsm\u00e4\u00dfig isoliert ist und eine maximale Innenh\u00f6he von 220 cm hat. Gute Dampfproduktion erfordert Bel\u00fcftung<br \/>\nnotwendig.<\/p>\n<h4><strong><br \/>\nMANUELL<\/strong><\/h4>\n<p>Klicken Sie hier: <a href=\"https:\/\/cleopatra.nl\/wp-content\/uploads\/Backwall-installatie-handleiding-2022-r03-90548850.pdf\">R\u00fcckwand Dampf &amp; Dusche<\/a><\/p>","protected":false},"excerpt":{"rendered":"<p>Die BackWall Steam &amp; Shower ist ein installationsfreundliches System, mit dem ein Dampf- und Wellnessgenerator zusammen mit einer Dusche in einem verfliesbaren Raum installiert werden kann.<\/p>","protected":false},"featured_media":5461,"template":"","format":"standard","meta":{"_acf_changed":false},"product_brand":[347],"product_cat":[71,99,80],"product_tag":[],"class_list":{"0":"post-3203","1":"product","2":"type-product","3":"status-publish","4":"format-standard","5":"has-post-thumbnail","7":"product_brand-cleopatra","8":"product_cat-shop","9":"product_cat-stoomtechniek-stoomtechniek-prive","10":"product_cat-stoomtechniek-prive","12":"first","13":"instock","14":"taxable","15":"shipping-taxable","16":"purchasable","17":"product-type-simple"},"acf":[],"_links":{"self":[{"href":"https:\/\/cleopatra.nl\/de\/wp-json\/wp\/v2\/product\/3203","targetHints":{"allow":["GET"]}}],"collection":[{"href":"https:\/\/cleopatra.nl\/de\/wp-json\/wp\/v2\/product"}],"about":[{"href":"https:\/\/cleopatra.nl\/de\/wp-json\/wp\/v2\/types\/product"}],"wp:featuredmedia":[{"embeddable":true,"href":"https:\/\/cleopatra.nl\/de\/wp-json\/wp\/v2\/media\/5461"}],"wp:attachment":[{"href":"https:\/\/cleopatra.nl\/de\/wp-json\/wp\/v2\/media?parent=3203"}],"wp:term":[{"taxonomy":"product_brand","embeddable":true,"href":"https:\/\/cleopatra.nl\/de\/wp-json\/wp\/v2\/product_brand?post=3203"},{"taxonomy":"product_cat","embeddable":true,"href":"https:\/\/cleopatra.nl\/de\/wp-json\/wp\/v2\/product_cat?post=3203"},{"taxonomy":"product_tag","embeddable":true,"href":"https:\/\/cleopatra.nl\/de\/wp-json\/wp\/v2\/product_tag?post=3203"}],"curies":[{"name":"wp","href":"https:\/\/api.w.org\/{rel}","templated":true}]}}