{"id":3204,"date":"2022-04-27T19:02:10","date_gmt":"2022-04-27T17:02:10","guid":{"rendered":"https:\/\/cleopatra.medialoods.com\/?post_type=product&#038;p=3204"},"modified":"2026-04-27T13:06:26","modified_gmt":"2026-04-27T11:06:26","slug":"cleo-steam-deluxe","status":"publish","type":"product","link":"https:\/\/cleopatra.nl\/de\/shop\/stoomtechniek-prive\/stoomtechniek-stoomtechniek-prive-shop\/cleo-steam-deluxe\/","title":{"rendered":"Cleo Dampf Deluxe"},"content":{"rendered":"<p>Der Cleo Steam Deluxe bietet eine vollst\u00e4ndige <b>Wellness im Dampfbad<\/b>. Es handelt sich nicht nur um einen hochmodernen Dampfgenerator, der f\u00fcr eine stabile Temperatur in der Kabine sorgt, sondern auch um einen, der besondere Wellness-Funktionen wie Halotherapie (Salzl\u00f6sung im Dampf), Aromatherapie (bis zu 3 verschiedene D\u00fcfte) und Ultrasteam (sehr hohe Dampfdichte) bietet. Au\u00dferdem verf\u00fcgt der Steam Deluxe \u00fcber eine super moderne und sch\u00f6ne Steuerung. Der Cleo Steam Deluxe ist also ein einzigartiger Generator f\u00fcr alle, die ein hochwertiges und abwechslungsreiches Wellness-Erlebnis suchen und sch\u00f6ne Produkte lieben.<\/p>\n<h4><b><br \/>\nWELLNESS-GENERATOR<\/b><\/h4>\n<p>Der Cleo Steam Deluxe verf\u00fcgt standardm\u00e4\u00dfig \u00fcber die folgenden Funktionen:<\/p>\n<ul>\n<li>Dampferzeugung ein\/aus.<\/li>\n<li>Temperatur stufenlos einstellbar.<\/li>\n<li>Einstellung, Drehung und Dimmen des Farblichts (wenn Farblicht in der Kabine vorhanden ist).<\/li>\n<\/ul>\n<div><\/div>\n<div>Die folgenden Wellness-Funktionen sind Optionen mit Aufpreis:<\/div>\n<ul>\n<li>Aromatherapie (Auswahl von 1 bis 3 D\u00fcften): D\u00fcfte k\u00f6nnen Ihre Stimmung beeinflussen. Mit dem Steam Deluxe k\u00f6nnen Sie zwischen einem und drei verschiedenen D\u00fcften w\u00e4hlen. Sie k\u00f6nnen auch die Intensit\u00e4t der einzelnen D\u00fcfte einstellen.<\/li>\n<li>UltraSteam: Die Exklusivit\u00e4t von Cleopatra, die die Dampfst\u00e4rke auf ein Maximum bringt. Ein Paradies f\u00fcr Dampfliebhaber. UltraSteam ist die ideale L\u00f6sung f\u00fcr die Erzeugung voller Dampfwolken in einer feuchten Umgebung, z. B. in der N\u00e4he eines Schwimmbads.<\/li>\n<li>HaloSteam: Eine kleine Dosis Salz wird dem Dampf beigemischt. Sie sp\u00fcren es sofort: Ihre Nase f\u00fchlt sich belebt an, Ihre Atemwege f\u00fchlen sich an, als w\u00fcrden sie sich wieder \u00f6ffnen und Ihre Haut f\u00fchlt sich besonders weich an.<\/li>\n<li>Soundmodul (Lautsprecher m\u00fcssen in der Kabine installiert sein): H\u00f6ren Sie Ihre Lieblingsmusik in Ihrer Wellness-Kabine. Das Steam Deluxe verbindet sich \u00fcber Bluetooth mit Ihrem Mobilger\u00e4t und l\u00e4sst Sie Ihre Lieblingssender und Wiedergabelisten durchsuchen.<\/li>\n<\/ul>\n<p>M\u00f6chten Sie mehr \u00fcber diesen einzigartigen Generator erfahren? Sehen Sie sich die Brosch\u00fcre am Ende dieser Produktbeschreibung an und\u00a0<a href=\"https:\/\/cleopatra.nl\/de\/contact-cleopatra\/\">Kontakt<\/a>\u00a0mit uns!<\/p>\n<p>&nbsp;<\/p>\n<h4><b>SPEZIFIKATIONEN DES WELLNESS-GENERATORS<\/b><\/h4>\n<p>Der Cleo Steam Deluxe ist ein modernes <strong>Dampf- und Wellnessgenerator<\/strong> ausgestattet mit der Cleopatra Steam Logic<sup>\u00ae<\/sup>\u00a0System. Die Kleopatra-Dampflogik<sup>\u00ae <\/sup>System sorgt f\u00fcr ein konstantes Klima in der Kabine. Der Cleo Steam Deluxe ist in den folgenden Kapazit\u00e4ten erh\u00e4ltlich und kann sowohl innerhalb als auch au\u00dferhalb der Kabine montiert werden:<\/p>\n<ul>\n<li>3,0 kW 230V<\/li>\n<li>4,5 kW 400 V (optional als 2 x 230 V erh\u00e4ltlich)<\/li>\n<li>6,0 kW 400 V (optional als 2 x 230 V erh\u00e4ltlich)<\/li>\n<li>7,5 kW 400 V<\/li>\n<li>9,0 kW 400V<\/li>\n<\/ul>\n<p>&nbsp;<\/p>\n<h4><strong>ANMERKUNGEN<\/strong><\/h4>\n<ul>\n<li>Die erforderliche Leistung wird wie folgt berechnet: Kabinenl\u00e4nge x Breite x H\u00f6he x 1,25 = erforderliche kW(Leistung).<\/li>\n<li>Wir gehen hier davon aus, dass die Kabine vorschriftsm\u00e4\u00dfig isoliert ist und eine Innenh\u00f6he von max. 220 cm hat.<\/li>\n<li>Ab 4,5 kW ist Starkstrom (400 V) erforderlich.<\/li>\n<li>Die Abmessungen des Generators sind wie folgt: 591 (H) x 470 (B) x 209 (T) mm<\/li>\n<li>Bitte beachten Sie! Wenn Sie die Option UltraSteam bestellen, ist ein separater Generator erforderlich (230VA-1N-50Hz). Dieser zweite Generator hat die Abmessungen 591 (H) x 470 (B) x 209 (T) mm.<\/li>\n<li>Bitte beachten Sie! F\u00fcr jede Duftdosierung wird ein Flakon mit einer Breite und L\u00e4nge von 90 mm ben\u00f6tigt. Sie sollten daher f\u00fcr jeden Duftstoff 90 mm zur Tiefe des Generators hinzuf\u00fcgen.<\/li>\n<li>Wenn Sie die Option HaloSteam bestellen, muss eine zus\u00e4tzliche Pumpe mit Flasche zusammen mit dem Generator installiert werden. Auch hier m\u00fcssen Sie 90 mm zur Tiefe des Generators hinzuf\u00fcgen.<\/li>\n<li>Der Cleo Steam Deluxe wird mit einer 2-Jahres-Garantie gegen Herstellungsfehler geliefert.<\/li>\n<\/ul>\n<p>&nbsp;<\/p>\n<h4><strong>MANUELL<\/strong><\/h4>\n<p>In der Anleitung finden Sie alle wichtigen Informationen zu diesem Produkt. Hier finden Sie die Installationsanleitung:<\/p>\n<p>Klicken Sie hier: <a href=\"https:\/\/cleopatra.nl\/wp-content\/uploads\/Cleopatra-Steam-Deluxe-9017-99-90.pdf\">Steam Deluxe Installationsanleitung<\/a><\/p>\n<p>Klicken Sie hier: <a href=\"https:\/\/cleopatra.nl\/wp-content\/uploads\/Cleo-Steam-Deluxe-GHL-DE-EN-NL-90548880.pdf\">Steam Deluxe Benutzerhandbuch<\/a><\/p>\n<h4><\/h4>\n<p>&nbsp;<\/p>\n<h4><strong>CHECKLISTE F\u00dcR DIE INSTALLATION (lesen Sie das Handbuch)<\/strong><\/h4>\n<p>RAUM \u00dcBER DER KABINE<br \/>\nF\u00fcr den Anschluss von L\u00fcftung und Beleuchtung sind mindestens 150 mm zum Nettoh\u00f6henma\u00df hinzuzurechnen.<\/p>\n<p>BODEN &amp; ENTW\u00c4SSERUNG<br \/>\nUnter der T\u00fcr des Dampfbads befindet sich eine kleine Aussparung, durch die Luft angesaugt werden kann. Pflege<br \/>\ndass der Boden ausreichend abflie\u00dft, um das Duschwasser abzuleiten. Tipp: Machen Sie eine niedrige etwas unter der Glast\u00fcr<br \/>\nAuf diese Weise l\u00e4uft das Kondenswasser von der T\u00fcr zur\u00fcck in die Kabine. F\u00fcr<br \/>\nZum Schutz der Verfliesung wird die Entw\u00e4sserungsrinne vorzugsweise am Boden des Dampfeinlasses angebracht.<\/p>\n<p>NAT\u00dcRLICHE BEL\u00dcFTUNG<br \/>\nSorgen Sie f\u00fcr eine Bel\u00fcftung im Dach oder in der Kabinenwand. Oder nat\u00fcrliche oder mechanische Bel\u00fcftung in einem niedrigen<br \/>\nPosition. Die Entl\u00fcftung darf nicht \u00fcber dem Dampfeinlass angebracht werden.<\/p>\n<p>STROM UND WASSER<br \/>\nBerechnung der Leistung des Dampferzeugers: Kabinenl\u00e4nge x Breite x H\u00f6he (max. 220 cm) x 1,25 und das ist<br \/>\nbis zu einem Kabinenvolumen von 7,2 m3. \u00dcber dieses Volumen hinaus ist es m\u00f6glich, einen Slave-Generator zu bestellen<br \/>\n(3 oder 6 kW). Achten Sie bei der Wahl der Leistung bei einer Glasfront darauf, nicht abzurunden.<br \/>\nBei einem 3 kW-Dampferzeuger gen\u00fcgt ein 230 V-Anschluss, ab 4,5 kW sind 400 V oder 2x 230 V erforderlich<br \/>\nben\u00f6tigt. Je nach gew\u00e4hltem Generator und Beleuchtung muss festgelegt werden, ob das Licht durch den Generator<br \/>\ngesteuert werden kann oder ob eine zweite Stromversorgung f\u00fcr die Leuchten notwendig ist. Wir empfehlen<br \/>\nBitte beachten Sie dies. Die Abmessungen der Generatoren gelten f\u00fcr alle Leistungen; Dampfleitung und Einbauteile<br \/>\nsind 28 mm. Am Standort des Generators sind erforderlich: Wasser, hitzebest\u00e4ndiger Siphon, Arbeitsschalter und elektrische Anlage.<br \/>\nStromzufuhr. Der Wasserdruck sollte normal sein. Bei hartem Wasser wird die Verwendung eines Wasserenth\u00e4rters f\u00fcr die<br \/>\nDampferzeuger zu platzieren.<\/p>\n<p>LEITUNG VOM GENERATOR<br \/>\nWenn ein externer Dampferzeuger verwendet wird, kann die Dampfleitung vom Generator zum Dampfeinlass<br \/>\nmax. 3,5 m. Vom Dampferzeuger aus sollte das Rohr zun\u00e4chst ansteigen (45 cm) und dann nach<br \/>\nnach unten zum Dampfeinlass. Das Dampfrohr sollte isoliert sein, B\u00f6gen - nicht verwenden<br \/>\ndie Knie und machen weite Kurven.<\/p>\n<p>VERBINDUNGSST\u00dcCK DUFT<br \/>\nWenn die Duftstoffdosierung gew\u00e4hlt wurde: Der Anschlussstutzen sollte zug\u00e4nglich bleiben und im Bereich<br \/>\nder zu montierenden Dampfleitung, die mit Gef\u00e4lle verl\u00e4uft. Dadurch kann der Geruch<br \/>\nBetreten Sie niemals den Dampfgenerator.<\/p>\n<p>GARANTIE<br \/>\nAlle Cleopatra-Generatoren werden standardm\u00e4\u00dfig mit einer 2-j\u00e4hrigen Herstellergarantie geliefert.<\/p>\n<p>GEB\u00c4UDE<\/p>\n<p>Cleopatra bietet Einbauteile f\u00fcr Sensoren, Steuerungen und Dampfeinlass, die von Dritten in W\u00e4nden und Fliesen verarbeitet werden m\u00fcssen. Informationen zu den Abmessungen und zur Verarbeitung finden Sie in der Anleitung.<\/p>","protected":false},"excerpt":{"rendered":"<p>Der Cleo Steam Deluxe bietet eine vollst\u00e4ndige <b>Wellness im Dampfbad<\/b>. Es handelt sich nicht nur um einen hochmodernen Dampferzeuger, der eine stabile Temperatur in der Kabine gew\u00e4hrleistet, sondern auch um einen Dampferzeuger, der besondere Wellness-Funktionen wie Halotherapie (Salzl\u00f6sung im Dampf), Aromatherapie (bis zu 3 verschiedene D\u00fcfte) und Ultrasteam (sehr hohe Dampfdichte) bietet.<\/p>","protected":false},"featured_media":3205,"template":"","format":"standard","meta":{"_acf_changed":false},"product_brand":[347],"product_cat":[98,71,80],"product_tag":[],"class_list":{"0":"post-3204","1":"product","2":"type-product","3":"status-publish","4":"format-standard","5":"has-post-thumbnail","7":"product_brand-cleopatra","8":"product_cat-stoomtechniek-stoomtechniel-prive-shop","9":"product_cat-shop","10":"product_cat-stoomtechniek-prive","12":"first","13":"instock","14":"taxable","15":"shipping-taxable","16":"purchasable","17":"product-type-simple"},"acf":[],"_links":{"self":[{"href":"https:\/\/cleopatra.nl\/de\/wp-json\/wp\/v2\/product\/3204","targetHints":{"allow":["GET"]}}],"collection":[{"href":"https:\/\/cleopatra.nl\/de\/wp-json\/wp\/v2\/product"}],"about":[{"href":"https:\/\/cleopatra.nl\/de\/wp-json\/wp\/v2\/types\/product"}],"wp:featuredmedia":[{"embeddable":true,"href":"https:\/\/cleopatra.nl\/de\/wp-json\/wp\/v2\/media\/3205"}],"wp:attachment":[{"href":"https:\/\/cleopatra.nl\/de\/wp-json\/wp\/v2\/media?parent=3204"}],"wp:term":[{"taxonomy":"product_brand","embeddable":true,"href":"https:\/\/cleopatra.nl\/de\/wp-json\/wp\/v2\/product_brand?post=3204"},{"taxonomy":"product_cat","embeddable":true,"href":"https:\/\/cleopatra.nl\/de\/wp-json\/wp\/v2\/product_cat?post=3204"},{"taxonomy":"product_tag","embeddable":true,"href":"https:\/\/cleopatra.nl\/de\/wp-json\/wp\/v2\/product_tag?post=3204"}],"curies":[{"name":"wp","href":"https:\/\/api.w.org\/{rel}","templated":true}]}}