{"id":3207,"date":"2022-04-27T19:02:10","date_gmt":"2022-04-27T17:02:10","guid":{"rendered":"https:\/\/cleopatra.medialoods.com\/?post_type=product&#038;p=3207"},"modified":"2025-12-03T04:40:10","modified_gmt":"2025-12-03T03:40:10","slug":"cleo-steam-one-2","status":"publish","type":"product","link":"https:\/\/cleopatra.nl\/de\/shop\/stoomtechniek-prive\/stoomtechniek-stoomtechniel-prive-shop\/cleo-steam-one\/","title":{"rendered":"Cleo Steam One"},"content":{"rendered":"<p>Die\u00a0<b>Dampferzeuger<\/b>\u00a0Cleo Steam One ist ein hochwertiger Dampferzeuger f\u00fcr den privaten und semiprofessionellen Gebrauch. Der Cleo Steam One wird au\u00dferhalb der Dampfkabine installiert. F\u00fcr die Installation innerhalb der Dampfkabine wird die BackWall Steam One angeboten; siehe\u00a0<a href=\"https:\/\/cleopatra.nl\/de\/shop\/backwall-steam-one\/\" target=\"_blank\" rel=\"noopener\">hier<\/a>\u00a0f\u00fcr weitere Informationen.<\/p>\n<h4>Was k\u00f6nnen Sie von der Steam One erwarten?<\/h4>\n<ul>\n<li>Gut kontrollierter Dampfprozess \u00fcber Temperatursensor und Sicherheitssensor.  Sobald die Temperatur 48 Grad Celsius erreicht, stoppt die Dampfproduktion. Wenn die Temperatur wieder gesunken ist, wird die Dampfproduktion wieder aufgenommen.<\/li>\n<li>Dampftank aus Edelstahl mit manueller Sp\u00fclfunktion f\u00fcr eine lange Nutzungsdauer.<\/li>\n<li>Einfach zu bedienende Ber\u00fchrungstaste, die folgende Funktionen steuert: Dampf ein\/aus, wei\u00dfes Licht ein\/aus, Duft ein\/aus (wenn die Duftdosierung bestellt wurde). Die Steuerung kann entweder innerhalb oder au\u00dferhalb des Dampfbads angebracht werden.<\/li>\n<\/ul>\n<div>Wenn Sie ein Farblicht in Ihrer Kabine w\u00fcnschen, wird ein separater Lichtschalter zusammen mit dem Licht geliefert.<\/div>\n<div><\/div>\n<h4><b><br \/>\nSPEZIFIKATIONEN DER DAMPFTECHNIK<\/b><\/h4>\n<p>Die Cleo Steam One\u00a0<b>Dampftechnik\u00a0<\/b>ist mit den nachstehenden Befugnissen verf\u00fcgbar.<\/p>\n<ul>\n<li>3,0 kW 230V<\/li>\n<li>4,5 kW 400 V (kann auch als 2 x 230 V angeschlossen werden)<\/li>\n<li>6 kW 400V (kann auch als 2 x 230V angeschlossen werden)<\/li>\n<li>7,5 kW 400 V<\/li>\n<li>9,0 kW 400V<\/li>\n<\/ul>\n<p>&nbsp;<\/p>\n<h4><strong>ANMERKUNGEN<\/strong><\/h4>\n<ul>\n<li>Die erforderliche Leistung wird wie folgt berechnet: Kabinenl\u00e4nge x Breite x H\u00f6he x 1,25 = erforderliche kW(Leistung).<\/li>\n<li>Wir gehen hier davon aus, dass die Kabine vorschriftsm\u00e4\u00dfig isoliert ist und eine Innenh\u00f6he von max. 220 cm hat.<\/li>\n<li>Ab 4,5 kW wird Leistungsstrom ben\u00f6tigt.<\/li>\n<li>Die Abmessungen des Generators sind wie folgt: Ohne Duftstoffdosierer: 591 (H) x 470 (B) x 209 (T) mm<\/li>\n<\/ul>\n<p>&nbsp;<\/p>\n<h4><strong>DAMPFERZEUGER-OPTIONEN<\/strong><\/h4>\n<p>Die folgenden Optionen k\u00f6nnen mit dem Cleo Steam One bestellt werden:<\/p>\n<ul>\n<li><em>Dampfeinlass:\u00a0<\/em>Jeder Dampferzeuger hat einen Dampfeinlass.<\/li>\n<li><em>Entkalker<\/em>: Es wird empfohlen, die Lebensdauer des Generators in Gebieten zu verl\u00e4ngern, in denen das Wasser eine hohe Kalkkonzentration aufweist.<\/li>\n<li><em>Einzelne Duftstoffdosierung<\/em>Sie schalten die automatische Duftdosierung ein und regulieren die Intensit\u00e4t des Duftes. So werden Ihre Dampfb\u00e4der noch angenehmer und Sie k\u00f6nnen die Aromatherapie in vollen Z\u00fcgen genie\u00dfen!<\/li>\n<li><em>D\u00fcfte<\/em>: wenn Sie den Duftspender kaufen. Eine Auswahl an k\u00f6stlichen D\u00fcften!<\/li>\n<\/ul>\n<p>&nbsp;<\/p>\n<h4><strong>MANUELL<\/strong><\/h4>\n<p>In der Anleitung finden Sie alle wichtigen Informationen zu diesem Produkt. Hier finden Sie die Installationsanleitung:<\/p>\n<p>Klicken Sie hier: <a href=\"https:\/\/cleopatra.nl\/wp-content\/uploads\/90187010-STEAM-ONE-MHL-2021-07-R02.pdf\">Steam One Installationshandbuch<\/a><\/p>\n<p>Klicken Sie hier: <a href=\"https:\/\/cleopatra.nl\/wp-content\/uploads\/90187011-STEAM-ONE-GHL-2021-07-R02.pdf\">Steam One Benutzerhandbuch<\/a><\/p>\n<p>&nbsp;<\/p>\n<h4><strong>CHECKLISTE F\u00dcR DIE INSTALLATION (lesen Sie das Handbuch)<\/strong><\/h4>\n<p>RAUM \u00dcBER DER KABINE<br \/>\nF\u00fcr den Anschluss von L\u00fcftung und Beleuchtung sind mindestens 150 mm zum Nettoh\u00f6henma\u00df hinzuzurechnen.<\/p>\n<p>BODEN &amp; ENTW\u00c4SSERUNG<br \/>\nUnter der T\u00fcr des Dampfbads befindet sich eine kleine Aussparung, durch die Luft angesaugt werden kann. Pflege<br \/>\ndass der Boden ausreichend abflie\u00dft, um das Duschwasser abzuleiten. Tipp: Machen Sie eine niedrige etwas unter der Glast\u00fcr<br \/>\nAuf diese Weise l\u00e4uft das Kondenswasser von der T\u00fcr zur\u00fcck in die Kabine. F\u00fcr<br \/>\nZum Schutz der Verfliesung wird die Entw\u00e4sserungsrinne vorzugsweise am Boden des Dampfeinlasses angebracht.<\/p>\n<p>NAT\u00dcRLICHE BEL\u00dcFTUNG<br \/>\nSorgen Sie f\u00fcr eine Bel\u00fcftung im Dach oder in der Kabinenwand. Oder nat\u00fcrliche oder mechanische Bel\u00fcftung in einem niedrigen<br \/>\nPosition. Die Entl\u00fcftung darf nicht \u00fcber dem Dampfeinlass angebracht werden.<\/p>\n<p>STROM UND WASSER<br \/>\nBerechnung der Leistung des Dampferzeugers: Kabinenl\u00e4nge x Breite x H\u00f6he (max. 220 cm) x 1,25 und das ist<br \/>\nbis zu einem Kabinenvolumen von 7,2 m3. \u00dcber dieses Volumen hinaus ist es m\u00f6glich, einen Slave-Generator zu bestellen<br \/>\n(3 oder 6 kW). Achten Sie bei der Wahl der Leistung bei einer Glasfront darauf, nicht abzurunden.<br \/>\nBei einem 3 kW-Dampferzeuger gen\u00fcgt ein 230 V-Anschluss, ab 4,5 kW sind 400 V oder 2x 230 V erforderlich<br \/>\nben\u00f6tigt. Je nach gew\u00e4hltem Generator und Beleuchtung muss festgelegt werden, ob das Licht durch den Generator<br \/>\ngesteuert werden kann oder ob eine zweite Stromversorgung f\u00fcr die Leuchten notwendig ist. Wir empfehlen<br \/>\nBitte beachten Sie dies. Die Abmessungen der Generatoren gelten f\u00fcr alle Leistungen; Dampfleitung und Einbauteile<br \/>\nsind 28 mm. Am Standort des Generators sind erforderlich: Wasser, hitzebest\u00e4ndiger Siphon, Arbeitsschalter und elektrische Anlage.<br \/>\nStromzufuhr. Der Wasserdruck sollte normal sein. Bei hartem Wasser wird die Verwendung eines Wasserenth\u00e4rters f\u00fcr die<br \/>\nDampferzeuger zu platzieren.<\/p>\n<p>LEITUNG VOM GENERATOR<br \/>\nWenn ein externer Dampferzeuger verwendet wird, kann die Dampfleitung vom Generator zum Dampfeinlass<br \/>\nmax. 3,5 m. Vom Dampferzeuger aus sollte das Rohr zun\u00e4chst ansteigen (45 cm) und dann nach<br \/>\nnach unten zum Dampfeinlass. Das Dampfrohr sollte isoliert sein, B\u00f6gen - nicht verwenden<br \/>\ndie Knie und machen weite Kurven.<\/p>\n<p>VERBINDUNGSST\u00dcCK DUFT<br \/>\nWenn die Duftstoffdosierung gew\u00e4hlt wurde: Der Anschlussstutzen sollte zug\u00e4nglich bleiben und im Bereich<br \/>\nder zu montierenden Dampfleitung, die mit Gef\u00e4lle verl\u00e4uft. Dadurch kann der Geruch<br \/>\nBetreten Sie niemals den Dampfgenerator.<\/p>\n<p>GARANTIE<br \/>\nAlle Cleopatra-Generatoren werden standardm\u00e4\u00dfig mit einer 2-j\u00e4hrigen Herstellergarantie geliefert.<\/p>\n<p>GEB\u00c4UDE<\/p>\n<p>Cleopatra bietet Einbauteile f\u00fcr Sensoren, Steuerungen und Dampfeinlass, die von Dritten in W\u00e4nden und Fliesen verarbeitet werden m\u00fcssen. Informationen zu den Abmessungen und zur Verarbeitung finden Sie in der Anleitung.<\/p>","protected":false},"excerpt":{"rendered":"<p>Die\u00a0<b>Dampferzeuger<\/b>\u00a0Cleo Steam One ist ein hochwertiger Dampferzeuger f\u00fcr den privaten und semiprofessionellen Gebrauch. Der Cleo Steam One wird au\u00dferhalb des Dampfbads aufgestellt.<\/p>","protected":false},"featured_media":3205,"template":"","format":"standard","meta":{"_acf_changed":false},"product_brand":[],"product_cat":[98,71,80],"product_tag":[],"class_list":{"0":"post-3207","1":"product","2":"type-product","3":"status-publish","4":"format-standard","5":"has-post-thumbnail","7":"product_cat-stoomtechniek-stoomtechniel-prive-shop","8":"product_cat-shop","9":"product_cat-stoomtechniek-prive","11":"first","12":"instock","13":"taxable","14":"shipping-taxable","15":"purchasable","16":"product-type-simple"},"acf":[],"_links":{"self":[{"href":"https:\/\/cleopatra.nl\/de\/wp-json\/wp\/v2\/product\/3207","targetHints":{"allow":["GET"]}}],"collection":[{"href":"https:\/\/cleopatra.nl\/de\/wp-json\/wp\/v2\/product"}],"about":[{"href":"https:\/\/cleopatra.nl\/de\/wp-json\/wp\/v2\/types\/product"}],"wp:featuredmedia":[{"embeddable":true,"href":"https:\/\/cleopatra.nl\/de\/wp-json\/wp\/v2\/media\/3205"}],"wp:attachment":[{"href":"https:\/\/cleopatra.nl\/de\/wp-json\/wp\/v2\/media?parent=3207"}],"wp:term":[{"taxonomy":"product_brand","embeddable":true,"href":"https:\/\/cleopatra.nl\/de\/wp-json\/wp\/v2\/product_brand?post=3207"},{"taxonomy":"product_cat","embeddable":true,"href":"https:\/\/cleopatra.nl\/de\/wp-json\/wp\/v2\/product_cat?post=3207"},{"taxonomy":"product_tag","embeddable":true,"href":"https:\/\/cleopatra.nl\/de\/wp-json\/wp\/v2\/product_tag?post=3207"}],"curies":[{"name":"wp","href":"https:\/\/api.w.org\/{rel}","templated":true}]}}