{"id":3209,"date":"2022-04-27T19:01:58","date_gmt":"2022-04-27T17:01:58","guid":{"rendered":"https:\/\/cleopatra.medialoods.com\/?post_type=product&#038;p=3209"},"modified":"2026-04-27T13:03:33","modified_gmt":"2026-04-27T11:03:33","slug":"cleo-steam-smart-2","status":"publish","type":"product","link":"https:\/\/cleopatra.nl\/de\/shop\/stoomtechniek-prive\/stoomtechniek-stoomtechniel-prive-shop\/cleo-steam-smart\/","title":{"rendered":"Cleo Dampf Smart"},"content":{"rendered":"<p>Die\u00a0<b>Dampferzeuger<\/b>\u00a0Cleo Steam Smart ist ein moderner und zuverl\u00e4ssiger Dampferzeuger, der sich f\u00fcr den Gebrauch zu Hause oder in einem semiprofessionellen Dampfbad eignet.<\/p>\n<h4>Was bietet der Cleo Steam Smart?<\/h4>\n<ul>\n<li><em>Kontinuierlicher D\u00e4mpfungsprozess<\/em> f\u00fcr ein optimales Dampfbad. Charakteristisch f\u00fcr den Cleo Steam Smart ist die Steam Logic<sup>\u00ae <\/sup> Software: Durch eine sehr genaue Messung des Klimas in der Kabine kann die Steam Logic<sup>\u00ae <\/sup>Software die perfekte Dampfkurve f\u00fcr Ihre Kabine. Das Ergebnis ist: (1) das gew\u00fcnschte Klima wird schnell erreicht, (2) das Klima ist sehr stabil (anders als bei den meisten Dampfgeneratoren auf dem Markt gibt es keine Momente ohne Dampfproduktion in der Kabine) und (3) der Dampfprozess ist gleichm\u00e4\u00dfig.<\/li>\n<\/ul>\n<ul>\n<li><em>\u00c4sthetik.\u00a0<\/em>Der Cleo Steam Smart wird \u00fcber die elegante Cleo Touch Steuerung bedient, eine flache Glassteuerung mit wei\u00df beleuchteten Symbolen. Der Regler kann innerhalb oder au\u00dferhalb des Dampfbades angebracht werden. Sie steuert die folgenden Funktionen: (1) Dampf ein\/aus, (2) wei\u00dfes oder farbiges Licht ein\/aus, (3) Duft ein\/aus und in drei Stufen einstellbar, und (4) Temperatur in drei Stufen einstellbar.<\/li>\n<\/ul>\n<ul>\n<li><em>Optionale Lichttherapie<\/em>. Mit dem Cleo Steam Smart k\u00f6nnen Sie optionale Farblichter steuern. Sie k\u00f6nnen die Farben wechseln, anhalten oder eine bestimmte Farbe einstellen. So k\u00f6nnen Sie die vielen bew\u00e4hrten physischen und psychologischen Effekte verschiedener Lichtfarben zu Hause genie\u00dfen....<\/li>\n<\/ul>\n<ul>\n<li><em>Zus\u00e4tzliche Sicherheit<\/em> \u00fcber den Sicherheitsf\u00fchler (nach neuester Norm); sollte der Temperaturf\u00fchler in der Kabine defekt sein, schaltet der Sicherheitsf\u00fchler die Dampftechnik ab.<\/li>\n<\/ul>\n<p>&nbsp;<\/p>\n<h4><b>SPEZIFIKATIONEN DER DAMPFTECHNIK<\/b><\/h4>\n<p>Die Cleo Steam Smart-Dampftechnologie ist mit den unten aufgef\u00fchrten Kapazit\u00e4ten erh\u00e4ltlich:<\/p>\n<ul>\n<li>3,0 kW 230V<\/li>\n<li>4,5 kW 400 V (eventuell als 2 x 230 V erh\u00e4ltlich)<\/li>\n<li>6,0 kW 400 V (optional als 2 x 230 V erh\u00e4ltlich)<\/li>\n<li>7,5 kW 400 V<\/li>\n<li>9,0 kW 400V<\/li>\n<\/ul>\n<h4><strong><br \/>\nANMERKUNGEN<\/strong><\/h4>\n<ul>\n<li>Die erforderliche Leistung wird wie folgt berechnet: Kabinenl\u00e4nge x Breite x H\u00f6he x 1,25 = erforderliche kW(Leistung).<\/li>\n<li>Wir gehen hier davon aus, dass die Kabine vorschriftsm\u00e4\u00dfig isoliert ist und eine Innenh\u00f6he von max. 220 cm hat.<\/li>\n<li>Ab 4,5 kW wird Starkstrom (3 x 400V) ben\u00f6tigt.<\/li>\n<li>Die Abmessungen des Generators sind wie folgt: ohne Geruchsdosierung: 591 (H) x 470 (B) x 209 (T) mm<\/li>\n<\/ul>\n<p>&nbsp;<\/p>\n<h4><strong>DAMPFERZEUGER-OPTIONEN<\/strong><\/h4>\n<p>Die folgenden Optionen k\u00f6nnen zusammen mit dem Cleo Steam Smart bestellt werden:<\/p>\n<ul>\n<li><em>Dampfeinlass:\u00a0<\/em>Jeder Dampferzeuger hat einen Dampfeinlass.<\/li>\n<li><em>Entkalker<\/em>: Es wird empfohlen, die Lebensdauer des Generators in Gebieten zu verl\u00e4ngern, in denen das Wasser eine hohe Kalkkonzentration aufweist.<\/li>\n<li><em>Einzelne Duftstoffdosierung<\/em>Sie schalten die automatische Duftdosierung ein und regulieren die Intensit\u00e4t des Duftes. So werden Ihre Dampfb\u00e4der noch angenehmer und Sie k\u00f6nnen die Aromatherapie in vollen Z\u00fcgen genie\u00dfen!<\/li>\n<li><em>D\u00fcfte<\/em>: wenn Sie den Duftspender kaufen. Eine Auswahl an k\u00f6stlichen D\u00fcften!<\/li>\n<\/ul>\n<h4><strong><br \/>\nMANUELL<\/strong><\/h4>\n<p>In der Anleitung finden Sie alle wichtigen Informationen zu diesem Produkt. Hier finden Sie die Installationsanleitung:<\/p>\n<p>Klicken Sie hier: <a href=\"https:\/\/cleopatra.nl\/wp-content\/uploads\/90187003-STEAM-SMART-MHL-2021-07-R02.pdf\">Steam Smart Installationshandbuch<\/a><\/p>\n<p>Klicken Sie hier: <a href=\"https:\/\/cleopatra.nl\/wp-content\/uploads\/90187001-STEAM-SMART-GHL-2021-07-R01.pdf\">Steam Smart Benutzerhandbuch<\/a><\/p>\n<p>&nbsp;<\/p>\n<h4><strong>CHECKLISTE F\u00dcR DIE INSTALLATION (lesen Sie das Handbuch)<\/strong><\/h4>\n<p>RAUM \u00dcBER DER KABINE<br \/>\nF\u00fcr den Anschluss von L\u00fcftung und Beleuchtung sind mindestens 150 mm zum Nettoh\u00f6henma\u00df hinzuzurechnen.<\/p>\n<p>BODEN &amp; ENTW\u00c4SSERUNG<br \/>\nUnter der T\u00fcr des Dampfbads befindet sich eine kleine Aussparung, durch die Luft angesaugt werden kann. Pflege<br \/>\ndass der Boden ausreichend abflie\u00dft, um das Duschwasser abzuleiten. Tipp: Machen Sie eine niedrige etwas unter der Glast\u00fcr<br \/>\nAuf diese Weise l\u00e4uft das Kondenswasser von der T\u00fcr zur\u00fcck in die Kabine. F\u00fcr<br \/>\nZum Schutz der Verfliesung wird die Entw\u00e4sserungsrinne vorzugsweise am Boden des Dampfeinlasses angebracht.<\/p>\n<p>NAT\u00dcRLICHE BEL\u00dcFTUNG<br \/>\nSorgen Sie f\u00fcr eine Bel\u00fcftung im Dach oder in der Kabinenwand. Oder nat\u00fcrliche oder mechanische Bel\u00fcftung in einem niedrigen<br \/>\nPosition. Die Entl\u00fcftung darf nicht \u00fcber dem Dampfeinlass angebracht werden.<\/p>\n<p>STROM UND WASSER<br \/>\nBerechnung der Leistung des Dampferzeugers: Kabinenl\u00e4nge x Breite x H\u00f6he (max. 220 cm) x 1,25 und das ist<br \/>\nbis zu einem Kabinenvolumen von 7,2 m3. \u00dcber dieses Volumen hinaus ist es m\u00f6glich, einen Slave-Generator zu bestellen<br \/>\n(3 oder 6 kW). Achten Sie bei der Wahl der Leistung bei einer Glasfront darauf, nicht abzurunden.<br \/>\nBei einem 3 kW-Dampferzeuger gen\u00fcgt ein 230 V-Anschluss, ab 4,5 kW sind 400 V oder 2x 230 V erforderlich<br \/>\nben\u00f6tigt. Je nach gew\u00e4hltem Generator und Beleuchtung muss festgelegt werden, ob das Licht durch den Generator<br \/>\ngesteuert werden kann oder ob eine zweite Stromversorgung f\u00fcr die Leuchten notwendig ist. Wir empfehlen<br \/>\nBitte beachten Sie dies. Die Abmessungen der Generatoren gelten f\u00fcr alle Leistungen; Dampfleitung und Einbauteile<br \/>\nsind 28 mm. Am Standort des Generators sind erforderlich: Wasser, hitzebest\u00e4ndiger Siphon, Arbeitsschalter und elektrische Anlage.<br \/>\nStromzufuhr. Der Wasserdruck sollte normal sein. Bei hartem Wasser wird die Verwendung eines Wasserenth\u00e4rters f\u00fcr die<br \/>\nDampferzeuger zu platzieren.<\/p>\n<p>LEITUNG VOM GENERATOR<br \/>\nWenn ein externer Dampferzeuger verwendet wird, kann die Dampfleitung vom Generator zum Dampfeinlass<br \/>\nmax. 3,5 m. Vom Dampferzeuger aus sollte das Rohr zun\u00e4chst ansteigen (45 cm) und dann nach<br \/>\nnach unten zum Dampfeinlass. Das Dampfrohr sollte isoliert sein, B\u00f6gen - nicht verwenden<br \/>\ndie Knie und machen weite Kurven.<\/p>\n<p>VERBINDUNGSST\u00dcCK DUFT<br \/>\nWenn die Duftstoffdosierung gew\u00e4hlt wurde: Der Anschlussstutzen sollte zug\u00e4nglich bleiben und im Bereich<br \/>\nder zu montierenden Dampfleitung, die mit Gef\u00e4lle verl\u00e4uft. Dadurch kann der Geruch<br \/>\nBetreten Sie niemals den Dampfgenerator.<\/p>\n<p>GARANTIE<br \/>\nAlle Cleopatra-Generatoren werden standardm\u00e4\u00dfig mit einer 2-j\u00e4hrigen Herstellergarantie geliefert.<\/p>\n<p>GEB\u00c4UDE<\/p>\n<p>Cleopatra bietet Einbauteile f\u00fcr Sensoren, Steuerungen und Dampfeinlass, die von Dritten in W\u00e4nden und Fliesen verarbeitet werden m\u00fcssen. Informationen zu den Abmessungen und zur Verarbeitung finden Sie in der Anleitung.<\/p>","protected":false},"excerpt":{"rendered":"<p>Die\u00a0<b>Dampferzeuger<\/b>\u00a0Cleo Steam Smart ist ein moderner und zuverl\u00e4ssiger Dampferzeuger, der sich f\u00fcr den Gebrauch zu Hause oder in einem semiprofessionellen Dampfbad eignet.<\/p>","protected":false},"featured_media":3205,"template":"","format":"standard","meta":{"_acf_changed":false},"product_brand":[347],"product_cat":[98,71,80],"product_tag":[],"class_list":{"0":"post-3209","1":"product","2":"type-product","3":"status-publish","4":"format-standard","5":"has-post-thumbnail","7":"product_brand-cleopatra","8":"product_cat-stoomtechniek-stoomtechniel-prive-shop","9":"product_cat-shop","10":"product_cat-stoomtechniek-prive","12":"first","13":"instock","14":"taxable","15":"shipping-taxable","16":"purchasable","17":"product-type-simple"},"acf":[],"_links":{"self":[{"href":"https:\/\/cleopatra.nl\/de\/wp-json\/wp\/v2\/product\/3209","targetHints":{"allow":["GET"]}}],"collection":[{"href":"https:\/\/cleopatra.nl\/de\/wp-json\/wp\/v2\/product"}],"about":[{"href":"https:\/\/cleopatra.nl\/de\/wp-json\/wp\/v2\/types\/product"}],"wp:featuredmedia":[{"embeddable":true,"href":"https:\/\/cleopatra.nl\/de\/wp-json\/wp\/v2\/media\/3205"}],"wp:attachment":[{"href":"https:\/\/cleopatra.nl\/de\/wp-json\/wp\/v2\/media?parent=3209"}],"wp:term":[{"taxonomy":"product_brand","embeddable":true,"href":"https:\/\/cleopatra.nl\/de\/wp-json\/wp\/v2\/product_brand?post=3209"},{"taxonomy":"product_cat","embeddable":true,"href":"https:\/\/cleopatra.nl\/de\/wp-json\/wp\/v2\/product_cat?post=3209"},{"taxonomy":"product_tag","embeddable":true,"href":"https:\/\/cleopatra.nl\/de\/wp-json\/wp\/v2\/product_tag?post=3209"}],"curies":[{"name":"wp","href":"https:\/\/api.w.org\/{rel}","templated":true}]}}