{"id":3214,"date":"2022-04-27T19:01:57","date_gmt":"2022-04-27T17:01:57","guid":{"rendered":"https:\/\/cleopatra.medialoods.com\/?post_type=product&#038;p=3214"},"modified":"2026-04-27T13:09:28","modified_gmt":"2026-04-27T11:09:28","slug":"ultrasteam-2","status":"publish","type":"product","link":"https:\/\/cleopatra.nl\/de\/shop\/stoomtechniek-prive\/stoomtechniek-stoomtechniel-prive-shop\/ultrasteam\/","title":{"rendered":"Ultrasteam"},"content":{"rendered":"<h4><strong>BESCHREIBUNG<\/strong><\/h4>\n<p>Das Ultrateam<sup>\u00ae<\/sup>\u00a0 Generator wurde f\u00fcr das ultimative Dampferlebnis konzipiert und entwickelt: dichte Dampfwolken und eine wunderbare Temperatur von etwa 48 Grad Celsius. Der Ultrasteam<sup>\u00ae<\/sup> Generator kann mit verschiedenen Cleopatra-Dampfgeneratoren zusammenarbeiten, so dass auch der Ultrasteam<sup>\u00ae<\/sup> zu bestehenden Anlagen. Der ideale Dampfprozess besteht aus zwei Faktoren: Temperatur und Feuchtigkeit. Bei unzureichender Luftfeuchtigkeit, die durch schlechte Bel\u00fcftung oder ein zu hei\u00dfes Klima verursacht wird, ist kein Dampf sichtbar. Das Ultrasteam<sup>\u00ae<\/sup> gleicht den Feuchtigkeitsmangel aus und schafft so ein wunderbares Dampfbad, wie Sie es noch nie gesehen haben. Diese patentierte L\u00f6sung hat sich bereits in verschiedenen renommierten Wellness-Einrichtungen im In- und Ausland bew\u00e4hrt.<\/p>\n<p>&nbsp;<\/p>\n<p><strong>ENERGIE SICHER<\/strong><\/p>\n<p>F\u00fcr Hotels, Schwimmb\u00e4der und \u00f6ffentliche Einrichtungen ist es m\u00f6glich, durch die Standby-Steuerung mit Druckkopf erheblich Energiekosten zu sparen. Das Ultrasteam<sup>\u00ae<\/sup> und die Cleopatra-Dampfgeneratoren k\u00f6nnen so eingestellt werden, dass sie eine kurze Aufheizzeit und volle Dampfwolken erzeugen. Dadurch muss die Anlage nicht mehr den ganzen Tag laufen. Das spart Wartungs- und Energiekosten.<\/p>\n<p>&nbsp;<\/p>\n<p><strong>BETRIEB<\/strong><\/p>\n<p>Das Ultrateam<sup>\u00ae<\/sup> Generator erzeugt sehr feine Kaltwassertr\u00f6pfchen, die von einem Gebl\u00e4se in die Kabine geblasen werden. In dem Moment, in dem diese Wassertr\u00f6pfchen mit hei\u00dfem Wasserdampf in Ber\u00fchrung kommen, setzt sofort ein beschleunigter Kondensationsprozess ein: Dies verursacht<br \/>\nwerden dichte Dampfwolken erzeugt. Je nach gew\u00e4hlter Steuerung und Dampferzeuger ist es m\u00f6glich, den Ultrasteam zu verwenden<sup>\u00ae<\/sup> kontinuierlich oder teilweise zusammen mit dem Dampfprozess. Der Ultrasteam verwendet Wasserfilter, um eine optimale Wasserhygiene zu gew\u00e4hrleisten. Nach dem Gebrauch entleert sich das Ultrasteam<sup>\u00ae<\/sup> Generator selbst, so dass kein Restwasser zur\u00fcckbleibt.<\/p>\n<p>&nbsp;<\/p>\n<p><strong>VERBINDUNGEN<\/strong><\/p>\n<p>F\u00fcr den Anschluss des Ultrasteam<sup>\u00ae<\/sup> Generator ben\u00f6tigen Sie nur einen Kaltwasseranschluss, Abfluss und einen Stromanschluss (230 V - 1N). Das Ultrasteam<sup>\u00ae<\/sup> ist optional mit dem Steam Deluxe und dem professionellen Generator Vital &amp; Elite pro. Hier ist ein Eindruck davon, wie das Ultrasteam funktioniert<sup>\u00ae<\/sup>.<\/p>\n<p>&nbsp;<\/p>\n<p><strong>MANUELL<\/strong><\/p>\n<p>In der Anleitung finden Sie alle wichtigen Informationen zu diesem Produkt. Hier finden Sie die Installationsanleitung:<\/p>\n<p>Klicken Sie hier: Ultrasteam<a href=\"https:\/\/cleopatra.nl\/wp-content\/uploads\/ULTRASTEAM-MHL-2023-90179007.pdf\">\u00a0Installationshandbuch<\/a><\/p>\n<p>&nbsp;<\/p>","protected":false},"excerpt":{"rendered":"<p>OMSCHRIJVING De Ultrasteam\u00ae\u00a0 generator is bedacht en ontworpen om de ultieme stoombeleving te realiseren: dikke wolken stoom en een heerlijke temperatuur van rond de 48 graden Celsius. De Ultrasteam\u00ae generator kan met diverse Cleopatra stoom generatoren samenwerken waardoor het ook mogelijk is om de Ultrasteam\u00ae op bestaande installaties aan te sluiten. Het ideale stoomproces bestaat [&hellip;]<\/p>\n","protected":false},"featured_media":3215,"template":"","format":"standard","meta":{"_acf_changed":false},"product_brand":[347],"product_cat":[98,71,80,81],"product_tag":[],"class_list":{"0":"post-3214","1":"product","2":"type-product","3":"status-publish","4":"format-standard","5":"has-post-thumbnail","7":"product_brand-cleopatra","8":"product_cat-stoomtechniek-stoomtechniel-prive-shop","9":"product_cat-shop","10":"product_cat-stoomtechniek-prive","11":"product_cat-stoomtechniek-professioneel","13":"first","14":"instock","15":"taxable","16":"shipping-taxable","17":"purchasable","18":"product-type-simple"},"acf":[],"_links":{"self":[{"href":"https:\/\/cleopatra.nl\/de\/wp-json\/wp\/v2\/product\/3214","targetHints":{"allow":["GET"]}}],"collection":[{"href":"https:\/\/cleopatra.nl\/de\/wp-json\/wp\/v2\/product"}],"about":[{"href":"https:\/\/cleopatra.nl\/de\/wp-json\/wp\/v2\/types\/product"}],"wp:featuredmedia":[{"embeddable":true,"href":"https:\/\/cleopatra.nl\/de\/wp-json\/wp\/v2\/media\/3215"}],"wp:attachment":[{"href":"https:\/\/cleopatra.nl\/de\/wp-json\/wp\/v2\/media?parent=3214"}],"wp:term":[{"taxonomy":"product_brand","embeddable":true,"href":"https:\/\/cleopatra.nl\/de\/wp-json\/wp\/v2\/product_brand?post=3214"},{"taxonomy":"product_cat","embeddable":true,"href":"https:\/\/cleopatra.nl\/de\/wp-json\/wp\/v2\/product_cat?post=3214"},{"taxonomy":"product_tag","embeddable":true,"href":"https:\/\/cleopatra.nl\/de\/wp-json\/wp\/v2\/product_tag?post=3214"}],"curies":[{"name":"wp","href":"https:\/\/api.w.org\/{rel}","templated":true}]}}