{"id":3220,"date":"2022-04-25T16:59:19","date_gmt":"2022-04-25T14:59:19","guid":{"rendered":"https:\/\/cleopatra.medialoods.com\/?post_type=product&#038;p=3220"},"modified":"2025-01-02T11:30:44","modified_gmt":"2025-01-02T10:30:44","slug":"betegelbare-bank-model-10","status":"publish","type":"product","link":"https:\/\/cleopatra.nl\/de\/shop\/modulair-stoom\/acryl-betegelbare-banken\/betegelbare-bank-model-2\/","title":{"rendered":"Befliesbare Bank Modell 2"},"content":{"rendered":"<ul>\n<li><span data-contrast=\"auto\">Die Cleopatra-Dampfbadb\u00e4nke sind wasserdicht und k\u00f6nnen direkt verfliest werden.<\/span><span data-ccp-props=\"{&quot;201341983&quot;:0,&quot;335559738&quot;:100,&quot;335559739&quot;:200,&quot;335559740&quot;:276}\">\u00a0<\/span><\/li>\n<li><span data-contrast=\"auto\">Diese<\/span><b><span data-contrast=\"auto\">Dampfbad-Bank<\/span><\/b><span data-contrast=\"auto\">kann nicht nur mit Mosaik, sondern auch mit Formatfliesen ausgef\u00fchrt werden. Ideal f\u00fcr die Auswahl der f\u00fcr das Dampfbad am besten geeigneten Oberfl\u00e4che!<\/span><span data-ccp-props=\"{&quot;201341983&quot;:0,&quot;335559738&quot;:100,&quot;335559739&quot;:200,&quot;335559740&quot;:276}\">\u00a0<\/span><\/li>\n<li><span data-contrast=\"auto\">Das Sofa wird nach Ma\u00df gefertigt; Sie bestimmen und bestellen die Gr\u00f6\u00dfe des Sofas in Metern.<\/span><span data-ccp-props=\"{&quot;201341983&quot;:0,&quot;335559738&quot;:100,&quot;335559739&quot;:200,&quot;335559740&quot;:276}\">\u00a0<\/span><\/li>\n<li><span data-contrast=\"auto\">Abgebildet mit optionaler LED-Schiene.<\/span><span data-ccp-props=\"{&quot;201341983&quot;:0,&quot;335559738&quot;:100,&quot;335559739&quot;:200,&quot;335559740&quot;:276}\">\u00a0<\/span><\/li>\n<li><span data-contrast=\"auto\">Die Ecken der Bank werden mit einer Gehrung geliefert.<\/span><span data-ccp-props=\"{&quot;201341983&quot;:0,&quot;335559738&quot;:100,&quot;335559739&quot;:200,&quot;335559740&quot;:276}\">\u00a0<\/span><\/li>\n<\/ul>\n<p>&nbsp;<\/p>\n<h4><strong>ABMESSUNGEN<\/strong><\/h4>\n<p>500 x 1000 mm<\/p>\n<h4><strong>MANUELL<\/strong><\/h4>\n<p>Herunterladen der <a href=\"https:\/\/cleopatra.nl\/wp-content\/uploads\/Handleiding-betegelbare-banken-90212305-R02.pdf\">Anleitung f\u00fcr die verfliesbare Bank<\/a><\/p>","protected":false},"excerpt":{"rendered":"<p><span data-contrast=\"auto\">Die Cleopatra-Dampfbadb\u00e4nke sind wasserdicht und k\u00f6nnen direkt verfliest werden.<\/span><span data-ccp-props=\"{&quot;201341983&quot;:0,&quot;335559738&quot;:100,&quot;335559739&quot;:200,&quot;335559740&quot;:276}\">\u00a0<\/span><\/p>","protected":false},"featured_media":3221,"template":"","format":"standard","meta":{"_acf_changed":false},"product_brand":[],"product_cat":[276,78,71],"product_tag":[],"class_list":{"0":"post-3220","1":"product","2":"type-product","3":"status-publish","4":"format-standard","5":"has-post-thumbnail","7":"product_cat-betegelbare-banken","8":"product_cat-modulair-stoom","9":"product_cat-shop","11":"first","12":"instock","13":"taxable","14":"shipping-taxable","15":"purchasable","16":"product-type-simple"},"acf":[],"_links":{"self":[{"href":"https:\/\/cleopatra.nl\/de\/wp-json\/wp\/v2\/product\/3220","targetHints":{"allow":["GET"]}}],"collection":[{"href":"https:\/\/cleopatra.nl\/de\/wp-json\/wp\/v2\/product"}],"about":[{"href":"https:\/\/cleopatra.nl\/de\/wp-json\/wp\/v2\/types\/product"}],"wp:featuredmedia":[{"embeddable":true,"href":"https:\/\/cleopatra.nl\/de\/wp-json\/wp\/v2\/media\/3221"}],"wp:attachment":[{"href":"https:\/\/cleopatra.nl\/de\/wp-json\/wp\/v2\/media?parent=3220"}],"wp:term":[{"taxonomy":"product_brand","embeddable":true,"href":"https:\/\/cleopatra.nl\/de\/wp-json\/wp\/v2\/product_brand?post=3220"},{"taxonomy":"product_cat","embeddable":true,"href":"https:\/\/cleopatra.nl\/de\/wp-json\/wp\/v2\/product_cat?post=3220"},{"taxonomy":"product_tag","embeddable":true,"href":"https:\/\/cleopatra.nl\/de\/wp-json\/wp\/v2\/product_tag?post=3220"}],"curies":[{"name":"wp","href":"https:\/\/api.w.org\/{rel}","templated":true}]}}