{"id":3239,"date":"2022-04-27T19:02:06","date_gmt":"2022-04-27T17:02:06","guid":{"rendered":"https:\/\/cleopatra.medialoods.com\/?post_type=product&#038;p=3239"},"modified":"2026-04-27T17:49:47","modified_gmt":"2026-04-27T15:49:47","slug":"luidsprekers-2-stuks","status":"publish","type":"product","link":"https:\/\/cleopatra.nl\/de\/shop\/modulair-stoom\/opties-specificaties\/luidspreker\/","title":{"rendered":"Lautsprecher | 2 St\u00fcck"},"content":{"rendered":"<p>Zwei hochwertige\u00a0<strong>Dampfbad-Lautsprecher<\/strong>\u00a0speziell f\u00fcr den Einbau in die D\u00e4cher der Cleopatra-Dampfb\u00e4der entwickelt.<\/p>\n<p>Zum Anschluss an ein Soundsystem Ihrer Wahl. 8 Ohm.<\/p>\n<p>Sie passen perfekt zu allen D\u00e4chern und sind in zwei verschiedenen Farben erh\u00e4ltlich:<\/p>\n<ul>\n<li>Wei\u00df<\/li>\n<li>Grau<\/li>\n<\/ul>\n<p>Belangrijke eigenschap is dat deze speaker waterdicht en tegen warmte kan.<\/p>","protected":false},"excerpt":{"rendered":"<p>Twee hoogwaardige\u00a0stoombad speakers\u00a0speciaal ontwikkeld voor plaatsing in de Cleopatra stoombad daken. Te verbinden aan een geluidsinstallatie naar keuze. 8 ohms. Passen perfect in alle daken en zijn verkrijgbaar in twee verschillende kleuren: Wit Grijs Belangrijke eigenschap is dat deze speaker waterdicht en tegen warmte kan.<\/p>","protected":false},"featured_media":3240,"template":"","format":"standard","meta":{"_acf_changed":false},"product_brand":[347],"product_cat":[90,78,71],"product_tag":[],"class_list":{"0":"post-3239","1":"product","2":"type-product","3":"status-publish","4":"format-standard","5":"has-post-thumbnail","7":"product_brand-cleopatra","8":"product_cat-opties-specificaties","9":"product_cat-modulair-stoom","10":"product_cat-shop","12":"first","13":"instock","14":"taxable","15":"shipping-taxable","16":"purchasable","17":"product-type-simple"},"acf":[],"_links":{"self":[{"href":"https:\/\/cleopatra.nl\/de\/wp-json\/wp\/v2\/product\/3239","targetHints":{"allow":["GET"]}}],"collection":[{"href":"https:\/\/cleopatra.nl\/de\/wp-json\/wp\/v2\/product"}],"about":[{"href":"https:\/\/cleopatra.nl\/de\/wp-json\/wp\/v2\/types\/product"}],"wp:featuredmedia":[{"embeddable":true,"href":"https:\/\/cleopatra.nl\/de\/wp-json\/wp\/v2\/media\/3240"}],"wp:attachment":[{"href":"https:\/\/cleopatra.nl\/de\/wp-json\/wp\/v2\/media?parent=3239"}],"wp:term":[{"taxonomy":"product_brand","embeddable":true,"href":"https:\/\/cleopatra.nl\/de\/wp-json\/wp\/v2\/product_brand?post=3239"},{"taxonomy":"product_cat","embeddable":true,"href":"https:\/\/cleopatra.nl\/de\/wp-json\/wp\/v2\/product_cat?post=3239"},{"taxonomy":"product_tag","embeddable":true,"href":"https:\/\/cleopatra.nl\/de\/wp-json\/wp\/v2\/product_tag?post=3239"}],"curies":[{"name":"wp","href":"https:\/\/api.w.org\/{rel}","templated":true}]}}