{"id":3243,"date":"2022-04-27T19:02:06","date_gmt":"2022-04-27T17:02:06","guid":{"rendered":"https:\/\/cleopatra.medialoods.com\/?post_type=product&#038;p=3243"},"modified":"2026-04-27T17:51:07","modified_gmt":"2026-04-27T15:51:07","slug":"ontluchting-kunststof-wit-2","status":"publish","type":"product","link":"https:\/\/cleopatra.nl\/de\/shop\/modulair-stoom\/opties-specificaties\/ontluchting-kunststof-wit\/","title":{"rendered":"Ontluchting Kunststof 100 mm | wit"},"content":{"rendered":"<p><strong>Entl\u00fcftungsventil<\/strong> der in alle Cleopatra-D\u00e4cher passt. Mit einem Durchmesser von 100 mm. Die Bel\u00fcftung ist in einem Dampfbad unerl\u00e4sslich, denn eine unzureichende Bel\u00fcftung f\u00fchrt zu unangenehmen Ger\u00fcchen. Dar\u00fcber hinaus ist die Bel\u00fcftung wichtig f\u00fcr einen guten Dampfprozess.<\/p>\n<p>Dieses Entl\u00fcftungsventil ist auch in RAL-Farbe erh\u00e4ltlich (gegen Aufpreis).<\/p>","protected":false},"excerpt":{"rendered":"<p>Entl\u00fcftungsventil, das auf alle Cleopatra-D\u00e4cher passt. Mit einem Durchmesser von 100 mm. Die Bel\u00fcftung ist in einem Dampfbad unerl\u00e4sslich, denn eine unzureichende Bel\u00fcftung f\u00fchrt zu unangenehmen Ger\u00fcchen. Dar\u00fcber hinaus ist die Entl\u00fcftung wichtig f\u00fcr einen guten Dampfprozess. Dieses Entl\u00fcftungsventil ist auch in RAL-Farbe erh\u00e4ltlich (gegen Aufpreis).<\/p>","protected":false},"featured_media":3244,"template":"","format":"standard","meta":{"_acf_changed":false},"product_brand":[347],"product_cat":[90,78,71],"product_tag":[],"class_list":{"0":"post-3243","1":"product","2":"type-product","3":"status-publish","4":"format-standard","5":"has-post-thumbnail","7":"product_brand-cleopatra","8":"product_cat-opties-specificaties","9":"product_cat-modulair-stoom","10":"product_cat-shop","12":"first","13":"instock","14":"taxable","15":"shipping-taxable","16":"purchasable","17":"product-type-simple"},"acf":[],"_links":{"self":[{"href":"https:\/\/cleopatra.nl\/de\/wp-json\/wp\/v2\/product\/3243","targetHints":{"allow":["GET"]}}],"collection":[{"href":"https:\/\/cleopatra.nl\/de\/wp-json\/wp\/v2\/product"}],"about":[{"href":"https:\/\/cleopatra.nl\/de\/wp-json\/wp\/v2\/types\/product"}],"wp:featuredmedia":[{"embeddable":true,"href":"https:\/\/cleopatra.nl\/de\/wp-json\/wp\/v2\/media\/3244"}],"wp:attachment":[{"href":"https:\/\/cleopatra.nl\/de\/wp-json\/wp\/v2\/media?parent=3243"}],"wp:term":[{"taxonomy":"product_brand","embeddable":true,"href":"https:\/\/cleopatra.nl\/de\/wp-json\/wp\/v2\/product_brand?post=3243"},{"taxonomy":"product_cat","embeddable":true,"href":"https:\/\/cleopatra.nl\/de\/wp-json\/wp\/v2\/product_cat?post=3243"},{"taxonomy":"product_tag","embeddable":true,"href":"https:\/\/cleopatra.nl\/de\/wp-json\/wp\/v2\/product_tag?post=3243"}],"curies":[{"name":"wp","href":"https:\/\/api.w.org\/{rel}","templated":true}]}}