{"id":3255,"date":"2022-04-27T19:02:04","date_gmt":"2022-04-27T17:02:04","guid":{"rendered":"https:\/\/cleopatra.medialoods.com\/?post_type=product&#038;p=3255"},"modified":"2026-04-26T21:18:53","modified_gmt":"2026-04-26T19:18:53","slug":"geluidsmodule-bluetooth","status":"publish","type":"product","link":"https:\/\/cleopatra.nl\/de\/shop\/stoomtechniek-prive\/stoomtechniek-opties-stoomtechniek-prive\/geluidsmodule-bluetooth-2-speakers-voor-cleo-steam\/","title":{"rendered":"Bluetooth-Soundmodul"},"content":{"rendered":"<h4><strong>BLUETOOTH-SOUNDMODUL MIT 2 LAUTSPRECHERN<\/strong><\/h4>\n<p>Dieses Soundmodul funktioniert \u00fcber Bluetooth und hat einen sch\u00f6nen und klaren Klang in Ihrem Badezimmer oder Dampfbad. Die 2 Lautsprecher sind kabelgebunden und k\u00f6nnen in eine Decke oder Wand eingebaut werden. Das Soundmodul kann nur in Kombination mit dem Steam Deluxe verwendet werden.<\/p>\n<p>Die Lautsprecher sind wasserdicht und k\u00f6nnen gegen Aufpreis in einer RAL-Farbe lackiert werden.<\/p>\n<p>&nbsp;<\/p>\n<h4><strong>SPEZIFIKATIONEN<\/strong><\/h4>\n<ul>\n<li>4 Ohm<\/li>\n<li>Nennleistung 60 W<\/li>\n<li>Maximale Leistung 80 W<\/li>\n<\/ul>","protected":false},"excerpt":{"rendered":"<p>Dieses Soundmodul funktioniert \u00fcber Bluetooth und hat einen sch\u00f6nen und klaren Klang in Ihrem Badezimmer oder Dampfbad. Die 2 Lautsprecher sind kabelgebunden und k\u00f6nnen in eine Decke oder Wand eingebaut werden. Das Soundmodul kann nur in Kombination mit dem Steam Deluxe verwendet werden.<\/p>","protected":false},"featured_media":3256,"template":"","format":"standard","meta":{"_acf_changed":false},"product_brand":[347],"product_cat":[100,71,80],"product_tag":[],"class_list":{"0":"post-3255","1":"product","2":"type-product","3":"status-publish","4":"format-standard","5":"has-post-thumbnail","7":"product_brand-cleopatra","8":"product_cat-stoomtechniek-opties-stoomtechniek-prive","9":"product_cat-shop","10":"product_cat-stoomtechniek-prive","12":"first","13":"instock","14":"taxable","15":"shipping-taxable","16":"purchasable","17":"product-type-simple"},"acf":[],"_links":{"self":[{"href":"https:\/\/cleopatra.nl\/de\/wp-json\/wp\/v2\/product\/3255","targetHints":{"allow":["GET"]}}],"collection":[{"href":"https:\/\/cleopatra.nl\/de\/wp-json\/wp\/v2\/product"}],"about":[{"href":"https:\/\/cleopatra.nl\/de\/wp-json\/wp\/v2\/types\/product"}],"wp:featuredmedia":[{"embeddable":true,"href":"https:\/\/cleopatra.nl\/de\/wp-json\/wp\/v2\/media\/3256"}],"wp:attachment":[{"href":"https:\/\/cleopatra.nl\/de\/wp-json\/wp\/v2\/media?parent=3255"}],"wp:term":[{"taxonomy":"product_brand","embeddable":true,"href":"https:\/\/cleopatra.nl\/de\/wp-json\/wp\/v2\/product_brand?post=3255"},{"taxonomy":"product_cat","embeddable":true,"href":"https:\/\/cleopatra.nl\/de\/wp-json\/wp\/v2\/product_cat?post=3255"},{"taxonomy":"product_tag","embeddable":true,"href":"https:\/\/cleopatra.nl\/de\/wp-json\/wp\/v2\/product_tag?post=3255"}],"curies":[{"name":"wp","href":"https:\/\/api.w.org\/{rel}","templated":true}]}}