{"id":3257,"date":"2022-04-27T19:02:04","date_gmt":"2022-04-27T17:02:04","guid":{"rendered":"https:\/\/cleopatra.medialoods.com\/?post_type=product&#038;p=3257"},"modified":"2026-04-27T13:10:08","modified_gmt":"2026-04-27T11:10:08","slug":"halosteam-zoutoplossing","status":"publish","type":"product","link":"https:\/\/cleopatra.nl\/de\/shop\/stoomtechniek-prive\/stoomtechniek-opties-stoomtechniek-prive\/halosteam-stomen-in-zoutoplossing\/","title":{"rendered":"Halosteam-Kochsalzl\u00f6sung"},"content":{"rendered":"<h4><strong>HALOSTEAM<\/strong><\/h4>\n<p>Das Dampfen in einer Kochsalzl\u00f6sung ist eine wunderbare Erfahrung. Das Salz macht die Haut weich und geschmeidig und erleichtert das Atmen. Das Einatmen einer Salzl\u00f6sung wirkt unter anderem gut bei Erk\u00e4ltungen. Die Technik funktioniert mit einer Dosierpumpe, die eine Salzl\u00f6sung in die Dampfleitung einspeist, bevor sie in die Kabine gelangt. In dem Moment, in dem der Dampf die Salzl\u00f6sung passiert, verwandelt sie sich vollst\u00e4ndig in Dampf. Auf diese Weise werden der Duft und das Salz in der Dampfwolke mitgef\u00fchrt und k\u00f6nnen leicht eingeatmet werden.<\/p>\n<p>&nbsp;<\/p>\n<h4><strong>ANMERKUNGEN<\/strong><\/h4>\n<ul>\n<li>Halosteam kann mit den 5-Liter-Beh\u00e4ltern leicht nachgef\u00fcllt werden.<\/li>\n<li>Bis zu 3 Dosierpumpen k\u00f6nnen in Kombination mit Mehrzweckstaub eingesetzt werden.<\/li>\n<\/ul>","protected":false},"excerpt":{"rendered":"<p>Das Dampfen in einer Kochsalzl\u00f6sung ist eine wunderbare Erfahrung. Das Salz macht die Haut weich und geschmeidig und erleichtert das Atmen. Das Einatmen einer Salzl\u00f6sung wirkt unter anderem gut bei Erk\u00e4ltungen. Die Technik funktioniert mit einer Dosierpumpe, die eine Salzl\u00f6sung in die Dampfleitung einspeist, bevor sie in die Kabine gelangt. In dem Moment, in dem der Dampf die Salzl\u00f6sung passiert, verwandelt sie sich vollst\u00e4ndig in Dampf. Auf diese Weise werden der Duft und das Salz in der Dampfwolke mitgef\u00fchrt und k\u00f6nnen leicht eingeatmet werden.<\/p>","protected":false},"featured_media":3258,"template":"","format":"standard","meta":{"_acf_changed":false},"product_brand":[347],"product_cat":[100,71,80],"product_tag":[],"class_list":{"0":"post-3257","1":"product","2":"type-product","3":"status-publish","4":"format-standard","5":"has-post-thumbnail","7":"product_brand-cleopatra","8":"product_cat-stoomtechniek-opties-stoomtechniek-prive","9":"product_cat-shop","10":"product_cat-stoomtechniek-prive","12":"first","13":"instock","14":"taxable","15":"shipping-taxable","16":"purchasable","17":"product-type-simple"},"acf":[],"_links":{"self":[{"href":"https:\/\/cleopatra.nl\/de\/wp-json\/wp\/v2\/product\/3257","targetHints":{"allow":["GET"]}}],"collection":[{"href":"https:\/\/cleopatra.nl\/de\/wp-json\/wp\/v2\/product"}],"about":[{"href":"https:\/\/cleopatra.nl\/de\/wp-json\/wp\/v2\/types\/product"}],"wp:featuredmedia":[{"embeddable":true,"href":"https:\/\/cleopatra.nl\/de\/wp-json\/wp\/v2\/media\/3258"}],"wp:attachment":[{"href":"https:\/\/cleopatra.nl\/de\/wp-json\/wp\/v2\/media?parent=3257"}],"wp:term":[{"taxonomy":"product_brand","embeddable":true,"href":"https:\/\/cleopatra.nl\/de\/wp-json\/wp\/v2\/product_brand?post=3257"},{"taxonomy":"product_cat","embeddable":true,"href":"https:\/\/cleopatra.nl\/de\/wp-json\/wp\/v2\/product_cat?post=3257"},{"taxonomy":"product_tag","embeddable":true,"href":"https:\/\/cleopatra.nl\/de\/wp-json\/wp\/v2\/product_tag?post=3257"}],"curies":[{"name":"wp","href":"https:\/\/api.w.org\/{rel}","templated":true}]}}