{"id":3261,"date":"2022-04-27T19:02:04","date_gmt":"2022-04-27T17:02:04","guid":{"rendered":"https:\/\/cleopatra.medialoods.com\/?post_type=product&#038;p=3261"},"modified":"2026-04-27T13:08:31","modified_gmt":"2026-04-27T11:08:31","slug":"kleurlicht-led-strip","status":"publish","type":"product","link":"https:\/\/cleopatra.nl\/de\/shop\/stoomtechniek-prive\/stoomtechniek-opties-stoomtechniek-prive\/kleurlicht-led-strip-rgb-5-meter\/","title":{"rendered":"Farblicht | LED-Streifen"},"content":{"rendered":"<h4><strong>FARBIGES LICHT LED STREIFEN RGB (MAX 5 METER)<\/strong><\/h4>\n<p>M\u00f6chten Sie in Ihrem Dampfbad eine sch\u00f6ne gleichm\u00e4\u00dfige Beleuchtung schaffen, zum Beispiel unter einer Bank? Dann ist die LED-Leiste von Cleopatra eine ideale Option. Sie wird in einem Aluminiumprofil mit Dichtung geliefert und ist einfach zu verarbeiten.<\/p>\n<p>&nbsp;<\/p>\n<p><strong>SPEZIFIKATIONEN<\/strong><\/p>\n<ul>\n<li>Inklusive Aluminiumprofil mit Opaldichtung<\/li>\n<li>Zur Verwendung mit dem Steam One, Smart, Deluxe<\/li>\n<li>Inklusive separatem 230V-Anschlusskasten<\/li>\n<\/ul>","protected":false},"excerpt":{"rendered":"<p>M\u00f6chten Sie in Ihrem Dampfbad eine sch\u00f6ne gleichm\u00e4\u00dfige Beleuchtung schaffen, zum Beispiel unter einer Bank? Dann ist die LED-Leiste von Cleopatra eine ideale Option. Sie wird in einem Aluminiumprofil mit Dichtung geliefert und ist einfach zu verarbeiten.<\/p>","protected":false},"featured_media":3262,"template":"","format":"standard","meta":{"_acf_changed":false},"product_brand":[347],"product_cat":[100,71,80],"product_tag":[],"class_list":{"0":"post-3261","1":"product","2":"type-product","3":"status-publish","4":"format-standard","5":"has-post-thumbnail","7":"product_brand-cleopatra","8":"product_cat-stoomtechniek-opties-stoomtechniek-prive","9":"product_cat-shop","10":"product_cat-stoomtechniek-prive","12":"first","13":"instock","14":"taxable","15":"shipping-taxable","16":"purchasable","17":"product-type-simple"},"acf":[],"_links":{"self":[{"href":"https:\/\/cleopatra.nl\/de\/wp-json\/wp\/v2\/product\/3261","targetHints":{"allow":["GET"]}}],"collection":[{"href":"https:\/\/cleopatra.nl\/de\/wp-json\/wp\/v2\/product"}],"about":[{"href":"https:\/\/cleopatra.nl\/de\/wp-json\/wp\/v2\/types\/product"}],"wp:featuredmedia":[{"embeddable":true,"href":"https:\/\/cleopatra.nl\/de\/wp-json\/wp\/v2\/media\/3262"}],"wp:attachment":[{"href":"https:\/\/cleopatra.nl\/de\/wp-json\/wp\/v2\/media?parent=3261"}],"wp:term":[{"taxonomy":"product_brand","embeddable":true,"href":"https:\/\/cleopatra.nl\/de\/wp-json\/wp\/v2\/product_brand?post=3261"},{"taxonomy":"product_cat","embeddable":true,"href":"https:\/\/cleopatra.nl\/de\/wp-json\/wp\/v2\/product_cat?post=3261"},{"taxonomy":"product_tag","embeddable":true,"href":"https:\/\/cleopatra.nl\/de\/wp-json\/wp\/v2\/product_tag?post=3261"}],"curies":[{"name":"wp","href":"https:\/\/api.w.org\/{rel}","templated":true}]}}