{"id":3265,"date":"2022-04-27T19:02:03","date_gmt":"2022-04-27T17:02:03","guid":{"rendered":"https:\/\/cleopatra.medialoods.com\/?post_type=product&#038;p=3265"},"modified":"2026-04-27T13:08:53","modified_gmt":"2026-04-27T11:08:53","slug":"waterontharder","status":"publish","type":"product","link":"https:\/\/cleopatra.nl\/de\/shop\/stoomtechniek-prive\/stoomtechniek-opties-stoomtechniek-prive\/waterontharder-incl-reserve-patroon\/","title":{"rendered":"Waterontharder | incl. patroon"},"content":{"rendered":"<h4><strong>WASSERENTH\u00c4RTER INKLUSIVE ERSATZKARTUSCHE<\/strong><\/h4>\n<p>Ein Wasserenth\u00e4rter f\u00fcr einen Dampfgenerator ist kein Luxus. Er sorgt daf\u00fcr, dass die Kalkablagerungen im Generator auf ein Minimum reduziert werden. Auch wenn die Generatoren von Cleopatra sp\u00fclbar sind, kann immer Kalk zur\u00fcckbleiben. Zu viel Kalk verhindert, dass der Dampfprozess ordnungsgem\u00e4\u00df abl\u00e4uft, und kann eine Fehlfunktion verursachen. Lassen Sie Ihren Generator daher regelm\u00e4\u00dfig warten, je nach Nutzung.<\/p>","protected":false},"excerpt":{"rendered":"<p>Ein Wasserenth\u00e4rter f\u00fcr einen Dampfgenerator ist kein Luxus. Er sorgt daf\u00fcr, dass die Kalkablagerungen im Generator auf ein Minimum reduziert werden. Obwohl die Generatoren von Cleopatra sp\u00fclbar sind, kann immer Kalk zur\u00fcckbleiben.<\/p>","protected":false},"featured_media":3266,"template":"","format":"standard","meta":{"_acf_changed":false},"product_brand":[347],"product_cat":[100,71,80],"product_tag":[],"class_list":{"0":"post-3265","1":"product","2":"type-product","3":"status-publish","4":"format-standard","5":"has-post-thumbnail","7":"product_brand-cleopatra","8":"product_cat-stoomtechniek-opties-stoomtechniek-prive","9":"product_cat-shop","10":"product_cat-stoomtechniek-prive","12":"first","13":"instock","14":"taxable","15":"shipping-taxable","16":"purchasable","17":"product-type-simple"},"acf":[],"_links":{"self":[{"href":"https:\/\/cleopatra.nl\/de\/wp-json\/wp\/v2\/product\/3265","targetHints":{"allow":["GET"]}}],"collection":[{"href":"https:\/\/cleopatra.nl\/de\/wp-json\/wp\/v2\/product"}],"about":[{"href":"https:\/\/cleopatra.nl\/de\/wp-json\/wp\/v2\/types\/product"}],"wp:featuredmedia":[{"embeddable":true,"href":"https:\/\/cleopatra.nl\/de\/wp-json\/wp\/v2\/media\/3266"}],"wp:attachment":[{"href":"https:\/\/cleopatra.nl\/de\/wp-json\/wp\/v2\/media?parent=3265"}],"wp:term":[{"taxonomy":"product_brand","embeddable":true,"href":"https:\/\/cleopatra.nl\/de\/wp-json\/wp\/v2\/product_brand?post=3265"},{"taxonomy":"product_cat","embeddable":true,"href":"https:\/\/cleopatra.nl\/de\/wp-json\/wp\/v2\/product_cat?post=3265"},{"taxonomy":"product_tag","embeddable":true,"href":"https:\/\/cleopatra.nl\/de\/wp-json\/wp\/v2\/product_tag?post=3265"}],"curies":[{"name":"wp","href":"https:\/\/api.w.org\/{rel}","templated":true}]}}