{"id":3267,"date":"2022-04-27T19:02:03","date_gmt":"2022-04-27T17:02:03","guid":{"rendered":"https:\/\/cleopatra.medialoods.com\/?post_type=product&#038;p=3267"},"modified":"2026-04-26T21:19:00","modified_gmt":"2026-04-26T19:19:00","slug":"wit-licht-led-spots-2","status":"publish","type":"product","link":"https:\/\/cleopatra.nl\/de\/shop\/stoomtechniek-prive\/stoomtechniek-opties-stoomtechniek-prive\/wit-licht-led-sport-2-stuks\/","title":{"rendered":"Wei\u00dfes Licht | LED-Strahler"},"content":{"rendered":"<h4><strong>WEISSLICHT-LED-STRAHLER 2 ST\u00dcCK<\/strong><\/h4>\n<p>Diese wei\u00dfen Lichtspots geben ein sch\u00f6nes helles und warmes Licht ab. Sie werden pro 2 St\u00fcck verkauft und k\u00f6nnen leicht mit zus\u00e4tzlichen Erweiterungsboxen erweitert werden. Diese Spots k\u00f6nnen von den Cleopatra-Dampfgeneratoren \u00fcber die Bedienelemente gesteuert werden. Die LED-Spots sind au\u00dferdem auf die gew\u00fcnschte Intensit\u00e4t dimmbar.<\/p>\n<p>&nbsp;<\/p>\n<h4><strong>SPEZIFIKATIONEN<\/strong><\/h4>\n<ul>\n<li>4 Watt - 12 Volt<\/li>\n<li>Erweiterbar \u00fcber RS485.<\/li>\n<li>Bitte beachten Sie, dass diese Scheinwerfer, wenn sie separat bestellt werden, immer einen separaten Transformator ben\u00f6tigen. Dieser ist nicht im Lieferumfang enthalten.<\/li>\n<\/ul>","protected":false},"excerpt":{"rendered":"<p>Diese wei\u00dfen Lichtspots geben ein sch\u00f6nes helles und warmes Licht ab. Sie werden pro 2 St\u00fcck verkauft und k\u00f6nnen leicht mit zus\u00e4tzlichen Erweiterungsboxen erweitert werden. Diese Strahler k\u00f6nnen von den Cleopatra-Dampfgeneratoren gesteuert werden.<\/p>","protected":false},"featured_media":3268,"template":"","format":"standard","meta":{"_acf_changed":false},"product_brand":[347],"product_cat":[100,71,80],"product_tag":[],"class_list":{"0":"post-3267","1":"product","2":"type-product","3":"status-publish","4":"format-standard","5":"has-post-thumbnail","7":"product_brand-cleopatra","8":"product_cat-stoomtechniek-opties-stoomtechniek-prive","9":"product_cat-shop","10":"product_cat-stoomtechniek-prive","12":"first","13":"instock","14":"taxable","15":"shipping-taxable","16":"purchasable","17":"product-type-simple"},"acf":[],"_links":{"self":[{"href":"https:\/\/cleopatra.nl\/de\/wp-json\/wp\/v2\/product\/3267","targetHints":{"allow":["GET"]}}],"collection":[{"href":"https:\/\/cleopatra.nl\/de\/wp-json\/wp\/v2\/product"}],"about":[{"href":"https:\/\/cleopatra.nl\/de\/wp-json\/wp\/v2\/types\/product"}],"wp:featuredmedia":[{"embeddable":true,"href":"https:\/\/cleopatra.nl\/de\/wp-json\/wp\/v2\/media\/3268"}],"wp:attachment":[{"href":"https:\/\/cleopatra.nl\/de\/wp-json\/wp\/v2\/media?parent=3267"}],"wp:term":[{"taxonomy":"product_brand","embeddable":true,"href":"https:\/\/cleopatra.nl\/de\/wp-json\/wp\/v2\/product_brand?post=3267"},{"taxonomy":"product_cat","embeddable":true,"href":"https:\/\/cleopatra.nl\/de\/wp-json\/wp\/v2\/product_cat?post=3267"},{"taxonomy":"product_tag","embeddable":true,"href":"https:\/\/cleopatra.nl\/de\/wp-json\/wp\/v2\/product_tag?post=3267"}],"curies":[{"name":"wp","href":"https:\/\/api.w.org\/{rel}","templated":true}]}}