{"id":3281,"date":"2022-04-27T19:01:56","date_gmt":"2022-04-27T17:01:56","guid":{"rendered":"https:\/\/cleopatra.medialoods.com\/?post_type=product&#038;p=3281"},"modified":"2026-04-26T21:18:52","modified_gmt":"2026-04-26T19:18:52","slug":"backwall-steam-smart-2","status":"publish","type":"product","link":"https:\/\/cleopatra.nl\/de\/shop\/backwall-steam-smart\/","title":{"rendered":"R\u00fcckwand Dampf Smart"},"content":{"rendered":"<h4><strong>INNENDAMPFTECHNIK<\/strong><\/h4>\n<p>Das Cleopatra BackWall Steam Smart ist ein installationsfreundliches System, das die einfache Installation eines <strong>Dampf- oder Wellnessgenerator in der Dampfkabine<\/strong>\u00a0montiert werden k\u00f6nnen.<\/p>\n<p>Die BackWall besteht aus einem verstellbaren Aluminiumrahmen, in dem alle Dampfkomponenten vormontiert sind. Nach dem Anschluss an Wasser und Strom ist die BackWall bereit zum Verfliesen. Die BackWall kann gegen oder b\u00fcndig mit der Wand aufgestellt werden. Auf diese Weise wird der Dampfgenerator vollst\u00e4ndig in Ihr Dampfbad integriert. F\u00fcr eine optimale Abdichtung ist die BackWall mit einem attraktiven Servicepaneel ausgestattet, das mit einer Glasabdeckung versehen ist. Diese Glasplatte ist in den Farben Wei\u00df, Grau oder Anthrazit erh\u00e4ltlich.<\/p>\n<p>Die Zeichnungen und weitere Informationen \u00fcber die Cleopatra BackWall Steam finden Sie in der BackWall-Brosch\u00fcre am Ende dieser Produktbeschreibung.<\/p>\n<p>M\u00f6chten Sie auch eine Dusche in Ihrer Kabine? Dann ist die BackWall Steam &amp; Shower genau das Richtige f\u00fcr Sie. Klicken Sie auf\u00a0<a href=\"https:\/\/cleopatra.nl\/de\/stoomtechniek\/backwall-steam\/\">hier<\/a>\u00a0f\u00fcr weitere Informationen.<\/p>\n<h4><strong><br \/>\nDAMPFERZEUGER<\/strong><\/h4>\n<p>Mit der BackWall haben Sie die Wahl zwischen drei hochwertigen\u00a0<strong>Dampferzeuger\u00a0<\/strong>unten. Bitte beachten Sie, dass nur Generatoren mit einer Leistung von bis zu 9,0 kW auf der BackWall platziert werden k\u00f6nnen.<\/p>\n<p>Die\u00a0<a href=\"https:\/\/cleopatra.nl\/de\/cleopatra-stoom-generator-cleo-steam-smart.html\/\">Cleo Dampf Smart <\/a>ist ein moderner und zuverl\u00e4ssiger Dampferzeuger, der f\u00fcr den privaten oder semiprofessionellen Einsatz im Dampfbad geeignet ist. Was bietet der Cleo Steam Smart?<\/p>\n<ul>\n<li><em>Kontinuierlicher D\u00e4mpfungsprozess<\/em>\u00a0f\u00fcr ein optimales Dampfbad. Der Cleo Steam Smart zeichnet sich durch die SteamLogic-Software aus: Durch sehr genaue Messungen des Kabinenklimas findet die SteamLogic-Software die perfekte Dampfkurve f\u00fcr Ihre Kabine. Das Ergebnis ist: (1) das gew\u00fcnschte Klima wird schnell erreicht, (2) das Klima ist sehr stabil (im Gegensatz zu den meisten Dampfgeneratoren auf dem Markt gibt es keine Momente ohne Dampfproduktion in der Kabine), und (3) der Dampfprozess ist gleichm\u00e4\u00dfig.<\/li>\n<li><em>\u00c4sthetik.\u00a0<\/em>Der Cleo Steam Smart wird \u00fcber die elegante Cleo Touch Steuerung bedient, eine flache Glassteuerung mit wei\u00df beleuchteten Symbolen. Der Regler kann innerhalb oder au\u00dferhalb des Dampfbades angebracht werden. Sie steuert die folgenden Funktionen: (1) Dampf ein\/aus, (2) wei\u00dfes oder farbiges Licht ein\/aus, (3) Duft ein\/aus und in drei Stufen einstellbar, und (4) Temperatur in drei Stufen einstellbar.<\/li>\n<li><em>Optionale Lichttherapie<\/em>. Mit dem Cleo Steam Smart k\u00f6nnen Sie optionale Farblichter steuern. Sie k\u00f6nnen die Farben wechseln, anhalten oder eine bestimmte Farbe einstellen. So k\u00f6nnen Sie die vielen bew\u00e4hrten physischen und psychologischen Effekte verschiedener Lichtfarben zu Hause genie\u00dfen.<\/li>\n<li><em>Zus\u00e4tzliche Sicherheit<\/em>\u00a0\u00fcber den Sicherheitsf\u00fchler (nach neuester Norm); sollte der Temperaturf\u00fchler in der Kabine defekt sein, schaltet der Sicherheitsf\u00fchler die Dampftechnik ab.<\/li>\n<\/ul>\n<h4><strong><br \/>\nANMERKUNGEN<\/strong><\/h4>\n<ul>\n<li>Die erforderliche Leistung wird wie folgt berechnet: Kabinenl\u00e4nge x Breite x H\u00f6he x 1,25 = erforderliche kW(Leistung).<\/li>\n<li>Wir gehen hier davon aus, dass die Kabine vorschriftsm\u00e4\u00dfig isoliert ist und eine Innenh\u00f6he von max. 220 cm hat.<\/li>\n<li>Ab 4,5 kW ist Starkstrom (400 V) erforderlich.<\/li>\n<\/ul>\n<h4><strong><br \/>\nMANUELL<\/strong><\/h4>\n<p>Klicken Sie hier: <a href=\"https:\/\/cleopatra.nl\/wp-content\/uploads\/Backwall-installatie-handleiding-2022-r03-90548850-web.pdf\">R\u00fcckwand Dampf\u00a0<\/a><\/p>","protected":false},"excerpt":{"rendered":"<p>Das Cleopatra BackWall Steam Smart ist ein installationsfreundliches System, das die einfache Installation eines <strong>Dampf- oder Wellnessgenerator in der Dampfkabine<\/strong>\u00a0montiert werden k\u00f6nnen.<\/p>","protected":false},"featured_media":5466,"template":"","format":"standard","meta":{"_acf_changed":false},"product_brand":[347],"product_cat":[71,99,80],"product_tag":[],"class_list":{"0":"post-3281","1":"product","2":"type-product","3":"status-publish","4":"format-standard","5":"has-post-thumbnail","7":"product_brand-cleopatra","8":"product_cat-shop","9":"product_cat-stoomtechniek-stoomtechniek-prive","10":"product_cat-stoomtechniek-prive","12":"first","13":"instock","14":"taxable","15":"shipping-taxable","16":"purchasable","17":"product-type-simple"},"acf":[],"_links":{"self":[{"href":"https:\/\/cleopatra.nl\/de\/wp-json\/wp\/v2\/product\/3281","targetHints":{"allow":["GET"]}}],"collection":[{"href":"https:\/\/cleopatra.nl\/de\/wp-json\/wp\/v2\/product"}],"about":[{"href":"https:\/\/cleopatra.nl\/de\/wp-json\/wp\/v2\/types\/product"}],"wp:featuredmedia":[{"embeddable":true,"href":"https:\/\/cleopatra.nl\/de\/wp-json\/wp\/v2\/media\/5466"}],"wp:attachment":[{"href":"https:\/\/cleopatra.nl\/de\/wp-json\/wp\/v2\/media?parent=3281"}],"wp:term":[{"taxonomy":"product_brand","embeddable":true,"href":"https:\/\/cleopatra.nl\/de\/wp-json\/wp\/v2\/product_brand?post=3281"},{"taxonomy":"product_cat","embeddable":true,"href":"https:\/\/cleopatra.nl\/de\/wp-json\/wp\/v2\/product_cat?post=3281"},{"taxonomy":"product_tag","embeddable":true,"href":"https:\/\/cleopatra.nl\/de\/wp-json\/wp\/v2\/product_tag?post=3281"}],"curies":[{"name":"wp","href":"https:\/\/api.w.org\/{rel}","templated":true}]}}