{"id":3297,"date":"2022-04-27T19:01:54","date_gmt":"2022-04-27T17:01:54","guid":{"rendered":"https:\/\/cleopatra.medialoods.com\/?post_type=product&#038;p=3297"},"modified":"2026-04-27T10:09:33","modified_gmt":"2026-04-27T08:09:33","slug":"reunion-290-180x80cm","status":"publish","type":"product","link":"https:\/\/cleopatra.nl\/de\/shop\/ligbaden-whirlpools\/vrijstaande-baden\/reunion-290\/","title":{"rendered":"Wiedersehen 290 | 180x80cm"},"content":{"rendered":"<h4>FREISTEHENDE BACK-TO-WALL-BADEWANNE<\/h4>\n<p>Die\u00a0<b>freistehende Badewanne<\/b>\u00a0Reunion ist eine freistehende Badewanne von hoher Qualit\u00e4t, die an der Wand platziert werden kann. Mit ihren gro\u00dfz\u00fcgigen Abmessungen ist die Badewanne sowohl f\u00fcr kleinere als auch f\u00fcr gr\u00f6\u00dfere Menschen bequem. Die Badewanne hat ein elegantes Aussehen aufgrund der sanften, abgerundeten Linien.<\/p>\n<p>Die Au\u00dfenma\u00dfe der Badewanne sind: 1800 x 800 x 425 mm und die Bodenl\u00e4nge betr\u00e4gt 1290 mm.<\/p>\n<div>Am Ende dieser Produktbeschreibung finden Sie die Zeichnungen der einzelnen Versionen der Badewanne.<\/div>\n<p>Die Badewanne wird mit einer Badewannengarnitur und einer \u00dcberlauf-\/Leerungskombination geliefert.<\/p>\n<p>M\u00f6chten Sie dieses Bad sehen? Sie sind herzlich willkommen im Cleopatra\u00a0<a href=\"https:\/\/cleopatra.nl\/de\/contact\/\" target=\"_blank\" rel=\"noopener\">Ausstellungsraum<\/a> in Zaandam!<\/p>\n<p>&nbsp;<\/p>\n<h4>BATTERIE-BAND<\/h4>\n<p>Es ist m\u00f6glich, eine sch\u00f6ne Badewannenrandkombination auf die Madeira Badewanne zu montieren.<\/p>\n<p><strong>Bitte beachten Sie! Es ist nicht m\u00f6glich, das EasyFill S oder E auf dem Madeira zu montieren.<\/strong><\/p>\n<p>&nbsp;<\/p>\n<h4>FREISTEHENDE WHIRLPOOL-BADEWANNE<\/h4>\n<p>Die Reunion-Badewanne ist auch erh\u00e4ltlich als\u00a0<strong>freistehende Whirlpool-Badewanne<\/strong>! Sie haben die Wahl zwischen 4 Whirlpoolsystemen:<\/p>\n<ul>\n<li>Wellness Spa Mini: 24 Minid\u00fcsen geben eine gro\u00dfe Menge an Miniblasen vom Wannenboden ab, die Ihren K\u00f6rper noch sanfter anregen als die Whirlpoolblasen. Kribbelnde Wirkung auf Haut und Muskeln.<\/li>\n<\/ul>\n<ul>\n<li>Weitere Informationen zu den verschiedenen Whirlpoolsystemen f\u00fcr diese Badewanne finden Sie hier <strong><em><a title=\"freistehende Whirlpool-Badewanne\" href=\"https:\/\/cleopatra.nl\/de\/bubbelbaden\/\" target=\"_blank\" rel=\"noopener noreferrer\">hier<\/a><\/em><\/strong>.<\/li>\n<\/ul>\n<p>&nbsp;<\/p>\n<h4>LICHT IM BAD<\/h4>\n<p>Die Reunion-Badewanne ist mit Licht erh\u00e4ltlich: eine einfache M\u00f6glichkeit, mehr Atmosph\u00e4re im Bad zu schaffen. Sie k\u00f6nnen w\u00e4hlen zwischen <a title=\"Farbige Beleuchtung der Badewanne\" href=\"https:\/\/cleopatra.nl\/de\/catalog\/product\/view\/id\/43\/s\/ligbad-kleurverlichting\/\" target=\"_blank\" rel=\"noopener noreferrer\">Farbbeleuchtung<\/a>\u00a0mit vier verschiedenen Farben.<\/p>","protected":false},"excerpt":{"rendered":"<p>Die\u00a0<b>freistehende Badewanne<\/b>\u00a0Reunion ist eine freistehende Badewanne von hoher Qualit\u00e4t, die an der Wand platziert werden kann. Mit ihren gro\u00dfz\u00fcgigen Abmessungen ist die Badewanne sowohl f\u00fcr kleinere als auch f\u00fcr gr\u00f6\u00dfere Menschen bequem. Die Badewanne hat ein elegantes Aussehen aufgrund der sanften, abgerundeten Linien.<\/p>","protected":false},"featured_media":3298,"template":"","format":"standard","meta":{"_acf_changed":false},"product_brand":[347],"product_cat":[87,76,71],"product_tag":[],"class_list":{"0":"post-3297","1":"product","2":"type-product","3":"status-publish","4":"format-standard","5":"has-post-thumbnail","7":"product_brand-cleopatra","8":"product_cat-vrijstaande-baden","9":"product_cat-ligbaden-whirlpools","10":"product_cat-shop","12":"first","13":"instock","14":"taxable","15":"shipping-taxable","16":"purchasable","17":"product-type-simple"},"acf":[],"_links":{"self":[{"href":"https:\/\/cleopatra.nl\/de\/wp-json\/wp\/v2\/product\/3297","targetHints":{"allow":["GET"]}}],"collection":[{"href":"https:\/\/cleopatra.nl\/de\/wp-json\/wp\/v2\/product"}],"about":[{"href":"https:\/\/cleopatra.nl\/de\/wp-json\/wp\/v2\/types\/product"}],"wp:featuredmedia":[{"embeddable":true,"href":"https:\/\/cleopatra.nl\/de\/wp-json\/wp\/v2\/media\/3298"}],"wp:attachment":[{"href":"https:\/\/cleopatra.nl\/de\/wp-json\/wp\/v2\/media?parent=3297"}],"wp:term":[{"taxonomy":"product_brand","embeddable":true,"href":"https:\/\/cleopatra.nl\/de\/wp-json\/wp\/v2\/product_brand?post=3297"},{"taxonomy":"product_cat","embeddable":true,"href":"https:\/\/cleopatra.nl\/de\/wp-json\/wp\/v2\/product_cat?post=3297"},{"taxonomy":"product_tag","embeddable":true,"href":"https:\/\/cleopatra.nl\/de\/wp-json\/wp\/v2\/product_tag?post=3297"}],"curies":[{"name":"wp","href":"https:\/\/api.w.org\/{rel}","templated":true}]}}