{"id":3304,"date":"2022-04-27T19:01:53","date_gmt":"2022-04-27T17:01:53","guid":{"rendered":"https:\/\/cleopatra.medialoods.com\/?post_type=product&#038;p=3304"},"modified":"2025-01-02T11:30:25","modified_gmt":"2025-01-02T10:30:25","slug":"spa-cushion-1504","status":"publish","type":"product","link":"https:\/\/cleopatra.nl\/de\/shop\/spa-furniture\/spa-cushion-1500\/","title":{"rendered":"Spa-Kissen 1500"},"content":{"rendered":"<h4>WELLNESS-KISSEN 1500<\/h4>\n<h4><a name=\"_Toc69125851\"><\/a>SPA-SITZKISSEN<\/h4>\n<p>Das Cleopatra-Bad<strong>\u00a0Sitzkissen\u00a0<\/strong>macht das Duschen und Dampfen wirklich bequem.<\/p>\n<p>Das Sitzkissen wurde speziell f\u00fcr den Einsatz in feuchten und warmen Umgebungen wie Dampfb\u00e4dern, Duschen, Spas und Badezimmern entwickelt.<\/p>\n<p>Das Sitzkissen ist mit einem Tuch und Sp\u00fclmittel leicht zu reinigen.<br \/>\nWartungs- und Sicherheitsunterlagen finden Sie am Ende der Seite.<\/p>\n<p>Die Abmessungen des Sitzkissens: 1500 (L) x 400 (B) x 50 (H) mm.<\/p>\n<p>Dieses Sitzkissen f\u00fcr die (Dampf-)Dusche ist in 3 verschiedenen Farben erh\u00e4ltlich:<\/p>\n<p>Wei\u00df: RAL 9016<\/p>\n<p>Grau: RAL 7042<\/p>\n<p>Schwarz: RAL 7021<\/p>\n<p>&nbsp;<\/p>\n<p><strong>REINIGUNGSHINWEISE<\/strong><\/p>\n<p>Klicken Sie hier: <a href=\"https:\/\/cleopatra.nl\/wp-content\/uploads\/Spa-furniture-GHL-90549020-DE-EN-NL.pdf\">Pflegehinweise f\u00fcr Spa-M\u00f6bel<\/a><\/p>\n<p>&nbsp;<\/p>\n<p><strong>FARBE<\/strong><\/p>\n<p>Auf Anfrage in anderen RAL-Farben erh\u00e4ltlich; m\u00f6chten Sie dieses Kissen in einer anderen Gr\u00f6\u00dfe erhalten? Bitte kontaktieren Sie uns.<\/p>\n<p>&nbsp;<\/p>\n<p><strong>MATERIALEIGENSCHAFTEN<\/strong><\/p>\n<p>Spa Furniture Beschichtung hat einige gro\u00dfartige Eigenschaften, wie zum Beispiel:<br \/>\n- Nur sehr wenige Chemikalien haben einen Einfluss auf die chemische Bindung von Siliziummolek\u00fclen. Das bedeutet, dass fast kein Material an Silizium haften bleibt. Selbst Kugelschreibermarkierungen lassen sich leicht von der Beschichtung entfernen.<br \/>\n- K\u00e4lte- und hitzebest\u00e4ndig. Die Siliziummolek\u00fcle sind zwischen -50 und +300 Grad Celsius stabil.<br \/>\n- Silizium ist ein sehr hautfreundliches Produkt. Die meisten Kosmetika wie Hautcremes, Lippenstift usw. enthalten Silizium.<br \/>\n- Silizium ist UV-best\u00e4ndig<br \/>\n- Das Silizium ist recycelbar<br \/>\n- Die Produkte von Spa Furniture f\u00fchlen sich sehr angenehm an, sind weich und sehr flexibel.<br \/>\n- F\u00fcr den Beschichtungsprozess werden keine fl\u00fcchtigen organischen Verbindungen (VOC) verwendet.<br \/>\n- Kleinere Sch\u00e4den k\u00f6nnen vor Ort repariert werden.<\/p>\n<p>&nbsp;<\/p>\n<p><strong>NACHHALTIG<\/strong><br \/>\nDie Beschichtung von Spa-M\u00f6beln besteht aus Silizium; das Rohmaterial f\u00fcr Silizium ist Sand. Sand ist leicht verf\u00fcgbar<br \/>\nan der Erdoberfl\u00e4che, so dass man nicht tief in den Boden bohren muss, um es zu erhalten, wie<br \/>\nzum Beispiel in Beschichtungen auf petrochemischer Basis wie Polyurethan. Bergbausilizium ist weniger<br \/>\nBelastung der nat\u00fcrlichen Ressourcen. Das bedeutet, dass f\u00fcr die Siliziumproduktion weniger Wasser ben\u00f6tigt wird,<br \/>\nRohstoff- und Energiebedarf im Vergleich zu PU- und PVC-Produkten.<\/p>\n<p>&nbsp;<\/p>\n<p><strong>BESONDERE ARBEIT<\/strong><br \/>\nZus\u00e4tzlich zu den Produkten aus dem Katalog ist es m\u00f6glich, individuelle Produkte herzustellen, sowohl in Bezug auf die Form<br \/>\nals Farbe. Dabei arbeiten wir eng mit Kunden, Architekten und Designern zusammen. Gemeinsam mit diesen<br \/>\nParteien formen wir Designideen zu einem Produkt, das von einer CNC-gesteuerten Maschine geschnitten werden kann.<br \/>\nSchaumstoffschneidemaschine.<br \/>\nNachdem der Schaumstoff nach den vereinbarten Spezifikationen zugeschnitten wurde, k\u00f6nnen wir mit der Beschichtung beginnen.<br \/>\nBei diesem Verfahren wird die Beschichtung manuell auf das offen strukturierte Schaumstoffst\u00fcck aufgetragen, um eine<br \/>\nerzeugen eine mechanische Haftung auf dem Schaumstoff. Diese Beschichtung versiegelt den Schaumstoff und bietet eine<br \/>\nflexible und weiche lederartige Haut.<\/p>\n<p>&nbsp;<\/p>\n<p><strong>EINZIGARTIGE MERKMALE<\/strong><br \/>\n- Nachhaltig<br \/>\n- Produktionsprozess ohne VOCs<br \/>\n- Wasser- und dampfbest\u00e4ndig<br \/>\n- K\u00e4lte- und hitzebest\u00e4ndig<br \/>\n- Leicht zu reinigen<br \/>\n- Sanfte Ber\u00fchrung<br \/>\n- UV-best\u00e4ndig<br \/>\n- Hohe Elastizit\u00e4t und dauerhafte Flexibilit\u00e4t<br \/>\n- Recycelbar<br \/>\n- Form und Farbe nach Kundenwunsch (RAL)<\/p>","protected":false},"excerpt":{"rendered":"<p>Das Cleopatra-Bad<strong>\u00a0Sitzkissen\u00a0<\/strong>macht das Duschen und Dampfen wirklich bequem.<\/p>","protected":false},"featured_media":3909,"template":"","format":"standard","meta":{"_acf_changed":false},"product_brand":[],"product_cat":[91,78,71],"product_tag":[],"class_list":{"0":"post-3304","1":"product","2":"type-product","3":"status-publish","4":"format-standard","5":"has-post-thumbnail","7":"product_cat-spa-furniture","8":"product_cat-modulair-stoom","9":"product_cat-shop","11":"first","12":"instock","13":"taxable","14":"shipping-taxable","15":"purchasable","16":"product-type-simple"},"acf":[],"_links":{"self":[{"href":"https:\/\/cleopatra.nl\/de\/wp-json\/wp\/v2\/product\/3304","targetHints":{"allow":["GET"]}}],"collection":[{"href":"https:\/\/cleopatra.nl\/de\/wp-json\/wp\/v2\/product"}],"about":[{"href":"https:\/\/cleopatra.nl\/de\/wp-json\/wp\/v2\/types\/product"}],"wp:featuredmedia":[{"embeddable":true,"href":"https:\/\/cleopatra.nl\/de\/wp-json\/wp\/v2\/media\/3909"}],"wp:attachment":[{"href":"https:\/\/cleopatra.nl\/de\/wp-json\/wp\/v2\/media?parent=3304"}],"wp:term":[{"taxonomy":"product_brand","embeddable":true,"href":"https:\/\/cleopatra.nl\/de\/wp-json\/wp\/v2\/product_brand?post=3304"},{"taxonomy":"product_cat","embeddable":true,"href":"https:\/\/cleopatra.nl\/de\/wp-json\/wp\/v2\/product_cat?post=3304"},{"taxonomy":"product_tag","embeddable":true,"href":"https:\/\/cleopatra.nl\/de\/wp-json\/wp\/v2\/product_tag?post=3304"}],"curies":[{"name":"wp","href":"https:\/\/api.w.org\/{rel}","templated":true}]}}