{"id":3318,"date":"2022-04-27T19:53:42","date_gmt":"2022-04-27T17:53:42","guid":{"rendered":"https:\/\/cleopatra.medialoods.com\/?post_type=product&#038;p=3318"},"modified":"2026-04-26T21:18:55","modified_gmt":"2026-04-26T19:18:55","slug":"malawi-370-185x85cm","status":"publish","type":"product","link":"https:\/\/cleopatra.nl\/de\/shop\/ligbaden-whirlpools\/premium-ligbaden\/cleopatra-ligbad-malawi\/","title":{"rendered":"Malawi 370 | 185x85cm"},"content":{"rendered":"<h4><strong>CLEOATRA LIGBAD MALAWI 185x85cm<br \/>\n<\/strong><\/h4>\n<p>Die<strong>\u00a0Kleopatra<\/strong>\u00a0<b>Bad<\/b>\u00a0Malawi ist eine sehr komfortable Badewanne aus wei\u00dfem Acryl mit sch\u00f6nen abgerundeten Linien. Die Tiefe und Breite der Wanne sind gr\u00f6\u00dfer als bei Standardwannen und sorgen daf\u00fcr, dass der K\u00f6rper gut unter Wasser liegt. Die R\u00fcckenlehnen sind so konstruiert, dass Sie sich in der Badewanne wirklich entspannen k\u00f6nnen.<\/p>\n<p>Die Abmessungen des Bades sind: 1850 x 850 mm mit einer Tiefe von 500 mm! Am Ende dieser Produktbeschreibung finden Sie die Zeichnung und Montageanleitung der Badewanne.<\/p>\n<p>M\u00f6chten Sie das Malawi-Bad sehen oder erleben?  Sie sind herzlich willkommen im Cleopatra\u00a0<a href=\"https:\/\/cleopatra.nl\/de\/cleopatra-showroom\/\" target=\"_blank\" rel=\"noopener noreferrer\">Ausstellungsraum<\/a>\u00a0in Zaandam oder bei einer\u00a0<a href=\"https:\/\/cleopatra.nl\/de\/verkooppunten\/\" target=\"_blank\" rel=\"noopener noreferrer\">Sanit\u00e4tshaus<\/a>\u00a0in Ihrer Nachbarschaft!<\/p>\n<p>Das Bad ist mit einer Reihe von Badewannen ausgestattet.<\/p>\n<p>Der \u00dcberlauf und der Abfluss m\u00fcssen separat bestellt werden (siehe entsprechende Produkte).<\/p>\n<p>Bei dieser hochwertigen Badewanne ist es m\u00f6glich, eine Badewannenrandarmatur &amp; Duschkombination zu installieren; \u00e4sthetisch und verhindert die Installation in den W\u00e4nden.<\/p>\n<h4><\/h4>\n<h4><strong>BADQUALIT\u00c4T<\/strong><\/h4>\n<p>Die Qualit\u00e4t unserer Badewannen steht bei Cleopatra an erster Stelle. Dank der 6 mm dicken Acrylschicht und der robusten Bodenverst\u00e4rkung der Wannenr\u00e4nder bleibt Ihr Bad jahrelang sch\u00f6n und wei\u00df.<\/p>\n<h4><\/h4>\n<h4>BAD-ACCESSOIRES<\/h4>\n<ul>\n<li><em>Cleoplus \u00dcberlauf- und Ablaufkombination.<\/em> Hochwertiges Produkt in verchromter Ausf\u00fchrung.<\/li>\n<\/ul>\n<ul>\n<li><em>Cleofill-Kombination.<\/em> Hochwertiges Produkt in verchromter Ausf\u00fchrung. Anstelle eines Wasserhahns wird die Badewanne \u00fcber eine \u00dcberlaufkombination bef\u00fcllt.<\/li>\n<\/ul>\n<ul>\n<li><em>Armaturen f\u00fcr Badewannen.<\/em>\u00a0Hochwertige Wannenarmaturen von Hansgrohe mit einer Auswahl an verschiedenen Modellen. Die Standardausf\u00fchrung ist Chrom, aber auch andere Ausf\u00fchrungen sind m\u00f6glich. Die Badewannenrandmischer werden in unserem Werk auf Ihre Badewanne montiert, so dass Ihre Badewanne einbaufertig ist!<\/li>\n<\/ul>\n<ul>\n<li><em>Handgriff.<\/em>\u00a0Formsch\u00f6ner Griff aus Chrom. So k\u00f6nnen Sie leichter und sicherer in die Badewanne ein- und aussteigen!<\/li>\n<\/ul>\n<ul>\n<li><em>Farbiges Licht.<\/em>\u00a0Hochwertige Badbeleuchtung mit zwei LED-Leuchten und einer Steuerung am Wannenrand.<\/li>\n<\/ul>\n<ul>\n<li><em>Nackenkissen.<\/em>\u00a0Bequemes Kissen, das sich der Form Ihres Kopfes anpasst. Unverzichtbar f\u00fcr den Badespa\u00df.<\/li>\n<\/ul>\n<ul>\n<li><em>Bade\u00f6le.<\/em>\u00a0Hautpflegend, sicher f\u00fcr das Acrylbad und in 7 k\u00f6stlichen D\u00fcften erh\u00e4ltlich.<\/li>\n<\/ul>\n<h4><\/h4>\n<h4>WHIRLPOOLSYSTEM<\/h4>\n<p>Ein hochwertiges Whirlpoolsystem macht Ihr Bad noch angenehmer.<\/p>","protected":false},"excerpt":{"rendered":"<p>Die<strong>\u00a0Kleopatra<\/strong>\u00a0<b>Bad<\/b>\u00a0Malawi ist eine sehr komfortable Badewanne aus wei\u00dfem Acryl mit sch\u00f6nen abgerundeten Linien. Die Tiefe und Breite der Wanne sind gr\u00f6\u00dfer als bei Standardwannen und sorgen daf\u00fcr, dass der K\u00f6rper gut unter Wasser liegt. Die R\u00fcckenlehnen sind so konstruiert, dass Sie sich in der Badewanne wirklich entspannen k\u00f6nnen.<\/p>","protected":false},"featured_media":3522,"template":"","format":"standard","meta":{"_acf_changed":false},"product_brand":[347],"product_cat":[84,76,71],"product_tag":[],"class_list":{"0":"post-3318","1":"product","2":"type-product","3":"status-publish","4":"format-standard","5":"has-post-thumbnail","7":"product_brand-cleopatra","8":"product_cat-premium-ligbaden","9":"product_cat-ligbaden-whirlpools","10":"product_cat-shop","12":"first","13":"instock","14":"taxable","15":"shipping-taxable","16":"purchasable","17":"product-type-simple"},"acf":[],"_links":{"self":[{"href":"https:\/\/cleopatra.nl\/de\/wp-json\/wp\/v2\/product\/3318","targetHints":{"allow":["GET"]}}],"collection":[{"href":"https:\/\/cleopatra.nl\/de\/wp-json\/wp\/v2\/product"}],"about":[{"href":"https:\/\/cleopatra.nl\/de\/wp-json\/wp\/v2\/types\/product"}],"wp:featuredmedia":[{"embeddable":true,"href":"https:\/\/cleopatra.nl\/de\/wp-json\/wp\/v2\/media\/3522"}],"wp:attachment":[{"href":"https:\/\/cleopatra.nl\/de\/wp-json\/wp\/v2\/media?parent=3318"}],"wp:term":[{"taxonomy":"product_brand","embeddable":true,"href":"https:\/\/cleopatra.nl\/de\/wp-json\/wp\/v2\/product_brand?post=3318"},{"taxonomy":"product_cat","embeddable":true,"href":"https:\/\/cleopatra.nl\/de\/wp-json\/wp\/v2\/product_cat?post=3318"},{"taxonomy":"product_tag","embeddable":true,"href":"https:\/\/cleopatra.nl\/de\/wp-json\/wp\/v2\/product_tag?post=3318"}],"curies":[{"name":"wp","href":"https:\/\/api.w.org\/{rel}","templated":true}]}}