{"id":3320,"date":"2022-04-27T19:56:32","date_gmt":"2022-04-27T17:56:32","guid":{"rendered":"https:\/\/cleopatra.medialoods.com\/?post_type=product&#038;p=3320"},"modified":"2025-01-02T11:30:16","modified_gmt":"2025-01-02T10:30:16","slug":"almeda-780-150x150cm","status":"publish","type":"product","link":"https:\/\/cleopatra.nl\/de\/shop\/ligbaden-whirlpools\/ergonomische-ligbaden-luxus\/cleopatra-ligbad-almeda-780\/","title":{"rendered":"Almeda 780 | 150x150cm"},"content":{"rendered":"<div class=\"data item content\">\n<div class=\"product attribute description\">\n<div class=\"value\">\n<h4>Ergonomische Badewanne Almeda<\/h4>\n<p>Die\u00a0<strong>Ergonomisches Bad<\/strong> Almeda ist so konzipiert, dass das Liegen in der Badewanne bequem ist. Gr\u00f6\u00dfe und Form der Wanne erm\u00f6glichen es, dass 2 oder 3 Personen bis zu den Schultern untergetaucht werden k\u00f6nnen. Erleben Sie den einzigartigen Komfort, als ob Sie in einem Doppelliegesessel liegen w\u00fcrden!<\/p>\n<p>In der sch\u00f6nen Almeda-Badewanne:<\/p>\n<ul>\n<li>Der gesamte K\u00f6rper (auch der von gro\u00dfen Menschen) ist untergetaucht;<\/li>\n<li>Der R\u00fccken wird durch eine speziell geformte und schr\u00e4ge R\u00fcckenlehne gut gest\u00fctzt;<\/li>\n<li>Arme und Beine werden gest\u00fctzt;<\/li>\n<li>Dank der Sitzform kann man nicht mehr nach unten sinken\/rutschen;<\/li>\n<li>Sie k\u00f6nnen leicht aus der Badewanne aufstehen, weil der Wannenboden erh\u00f6ht ist.<\/li>\n<\/ul>\n<p>Die Abmessungen des Bades sind: 1500 x 1500 mm mit einer Tiefe von 600 mm! Am Ende dieser Produktbeschreibung finden Sie die Zeichnungen und die Montageanleitung der Badewanne.<\/p>\n<p>M\u00f6chten Sie die Almeda-Badewanne sehen oder erleben?  Sie sind herzlich willkommen im Cleopatra\u00a0<a href=\"https:\/\/cleopatra.nl\/de\/cleopatra-showroom\/\" target=\"_self\" rel=\"noopener noreferrer\">Ausstellungsraum<\/a>\u00a0in Zaandam oder bei einer\u00a0<a href=\"https:\/\/cleopatra.nl\/de\/verkooppunten\/\" target=\"_blank\" rel=\"noopener noreferrer\">Sanit\u00e4tshaus<\/a>\u00a0in Ihrer Nachbarschaft!<\/p>\n<p>Die Badewanne wird mit einem Badewannenset und der \u00dcberlauf-\/Leerkombination geliefert.<\/p>\n<p>Es ist m\u00f6glich, eine Badewannenrandarmatur und eine Duschkombination zu installieren. \u00c4sthetisch und verhindert die Installation in den W\u00e4nden.<\/p>\n<p>&nbsp;<\/p>\n<h4>Qualit\u00e4t der Badewanne<\/h4>\n<p>Die Qualit\u00e4t unserer Badewannen steht bei Cleopatra an erster Stelle. Dank der 6 mm dicken Acrylschicht, einschlie\u00dflich der robusten Bodenverst\u00e4rkung der Wannenr\u00e4nder, bleibt Ihr Bad jahrelang sch\u00f6n und wei\u00df.<\/p>\n<p>&nbsp;<\/p>\n<h4>Zubeh\u00f6r f\u00fcr die Badewanne<\/h4>\n<ul>\n<li><em>Cleofill-Kombination.<\/em> Hochwertiges Produkt mit verchromter Oberfl\u00e4che. Anstelle eines Wasserhahns wird die Badewanne \u00fcber eine \u00dcberlaufkombination bef\u00fcllt.<\/li>\n<\/ul>\n<ul>\n<li><em>Armaturen f\u00fcr Badewannen.<\/em>\u00a0Hochwertige Wannenarmaturen von Hansgrohe mit einer Auswahl an verschiedenen Modellen. Die Standardausf\u00fchrung ist Chrom, aber auch andere Ausf\u00fchrungen sind m\u00f6glich. Die Badewannenrandmischer werden in unserem Werk auf Ihre Badewanne montiert, so dass Ihre Badewanne einbaufertig ist!<\/li>\n<\/ul>\n<ul>\n<li><em>Handgriff.<\/em>\u00a0Formsch\u00f6ner Griff aus Chrom. So k\u00f6nnen Sie leichter und sicherer in die Badewanne ein- und aussteigen!<\/li>\n<\/ul>\n<ul>\n<li><em>Farbiges Licht.<\/em>\u00a0Hochwertige Badbeleuchtung mit zwei LED-Leuchten und einer Steuerung am Wannenrand.<\/li>\n<\/ul>\n<ul>\n<li><em>Nackenkissen.<\/em>\u00a0Bequemes Kissen, das sich der Form Ihres Kopfes anpasst. Unverzichtbar f\u00fcr den Badespa\u00df.<\/li>\n<\/ul>\n<ul>\n<li><em>Bade\u00f6le.<\/em>\u00a0Hautpflegend, sicher f\u00fcr Badeacryl und in 7 k\u00f6stlichen D\u00fcften erh\u00e4ltlich.<\/li>\n<\/ul>\n<p>&nbsp;<\/p>\n<h4>Whirlpool-System<\/h4>\n<p>Ein hochwertiges Whirlpoolsystem macht Ihr Bad noch angenehmer.<\/p>\n<\/div>\n<\/div>\n<\/div>","protected":false},"excerpt":{"rendered":"<p>Die\u00a0<strong>Ergonomisches Bad<\/strong> Almeda ist so konzipiert, dass das Liegen in der Badewanne bequem ist. Gr\u00f6\u00dfe und Form der Wanne erm\u00f6glichen es, dass 2 oder 3 Personen bis zu den Schultern untergetaucht werden k\u00f6nnen. Erleben Sie den einzigartigen Komfort, als ob Sie in einem Doppelliegesessel liegen w\u00fcrden!<\/p>","protected":false},"featured_media":3486,"template":"","format":"standard","meta":{"_acf_changed":false},"product_brand":[],"product_cat":[85,76,71],"product_tag":[],"class_list":{"0":"post-3320","1":"product","2":"type-product","3":"status-publish","4":"format-standard","5":"has-post-thumbnail","7":"product_cat-trendy-ergonomische-ligbaden","8":"product_cat-ligbaden-whirlpools","9":"product_cat-shop","11":"first","12":"instock","13":"taxable","14":"shipping-taxable","15":"purchasable","16":"product-type-simple"},"acf":[],"_links":{"self":[{"href":"https:\/\/cleopatra.nl\/de\/wp-json\/wp\/v2\/product\/3320","targetHints":{"allow":["GET"]}}],"collection":[{"href":"https:\/\/cleopatra.nl\/de\/wp-json\/wp\/v2\/product"}],"about":[{"href":"https:\/\/cleopatra.nl\/de\/wp-json\/wp\/v2\/types\/product"}],"wp:featuredmedia":[{"embeddable":true,"href":"https:\/\/cleopatra.nl\/de\/wp-json\/wp\/v2\/media\/3486"}],"wp:attachment":[{"href":"https:\/\/cleopatra.nl\/de\/wp-json\/wp\/v2\/media?parent=3320"}],"wp:term":[{"taxonomy":"product_brand","embeddable":true,"href":"https:\/\/cleopatra.nl\/de\/wp-json\/wp\/v2\/product_brand?post=3320"},{"taxonomy":"product_cat","embeddable":true,"href":"https:\/\/cleopatra.nl\/de\/wp-json\/wp\/v2\/product_cat?post=3320"},{"taxonomy":"product_tag","embeddable":true,"href":"https:\/\/cleopatra.nl\/de\/wp-json\/wp\/v2\/product_tag?post=3320"}],"curies":[{"name":"wp","href":"https:\/\/api.w.org\/{rel}","templated":true}]}}