{"id":3327,"date":"2022-04-27T20:00:04","date_gmt":"2022-04-27T18:00:04","guid":{"rendered":"https:\/\/cleopatra.medialoods.com\/?post_type=product&#038;p=3327"},"modified":"2026-04-27T09:59:48","modified_gmt":"2026-04-27T07:59:48","slug":"monola-700-l-r-160x90cm","status":"publish","type":"product","link":"https:\/\/cleopatra.nl\/de\/shop\/ligbaden-whirlpools\/ergonomische-ligbaden-luxus\/cleopatra-ligbad-monola-700-l-r\/","title":{"rendered":"Monola 700 L\/R | 160x90cm"},"content":{"rendered":"<p>Die\u00a0<strong>Ergonomisches Bad<\/strong>\u00a0Monola wurde entwickelt, um das Liegen in der Badewanne bequem zu machen. V\u00f6llig entspannen und bis zum Hals im Wasser stehen, das ist in der Monola-Badewanne durchaus m\u00f6glich!<\/p>\n<p>In der sch\u00f6nen Eckbadewanne Monola:<\/p>\n<ul>\n<li>Der ganze K\u00f6rper (auch der von gro\u00dfen Menschen) ist unter Wasser;<\/li>\n<li>Der R\u00fccken wird durch eine speziell geformte und schr\u00e4ge R\u00fcckenlehne gut gest\u00fctzt;<\/li>\n<li>Arme und Beine werden gest\u00fctzt;<\/li>\n<li>Dank der Sitzform kann man nicht mehr nach unten sinken\/rutschen;<\/li>\n<li>Sie k\u00f6nnen leicht aus der Wanne aufstehen, weil der Boden erh\u00f6ht ist.<\/li>\n<\/ul>\n<p>Die Abmessungen des Bades sind: 1600 x 900 \/ 600 mm mit einer Tiefe von nicht weniger als 600 mm! Die Badewanne ist mit einem Winkel links oder rechts erh\u00e4ltlich. Am Ende der Produktbeschreibung finden Sie die Zeichnungen und die Montageanleitung.<\/p>\n<p>M\u00f6chten Sie die Monola-Badewanne sehen oder erleben?  Sie sind herzlich willkommen im Cleopatra\u00a0<a href=\"https:\/\/cleopatra.nl\/de\/cleopatra-showroom\/\" target=\"_blank\" rel=\"noopener noreferrer\">Ausstellungsraum<\/a>\u00a0in Zaandam oder bei einer\u00a0<a href=\"https:\/\/cleopatra.nl\/de\/verkooppunten\/\" target=\"_blank\" rel=\"noopener noreferrer\">Sanit\u00e4tshaus<\/a>\u00a0in Ihrer Nachbarschaft!<\/p>\n<p>Die Badewanne wird mit einem Badewannenset, einem Gestell und einer \u00dcberlauf-\/Leerkombination geliefert.<\/p>\n<p>Es ist m\u00f6glich, eine Badewannenrandarmatur und eine Duschkombination zu installieren. \u00c4sthetisch und verhindert die Installation in den W\u00e4nden.<\/p>\n<p>&nbsp;<\/p>\n<h4>Qualit\u00e4t der Badewanne<\/h4>\n<p>Die Qualit\u00e4t unserer Badewannen steht bei Cleopatra an erster Stelle. Dank der 6 mm dicken Schicht aus wei\u00dfem Acryl, einschlie\u00dflich der Wannenr\u00e4nder und der robusten Verst\u00e4rkung des Wannenbodens, bleibt Ihre Badewanne \u00fcber Jahre hinweg sch\u00f6n und wei\u00df.<\/p>\n<p>&nbsp;<\/p>\n<h4>Zubeh\u00f6r f\u00fcr die Badewanne<\/h4>\n<ul>\n<li><em>Cleofill-Kombination.<\/em> Hochwertiges Produkt in verchromter Ausf\u00fchrung. Anstelle eines Wasserhahns wird die Badewanne \u00fcber eine \u00dcberlaufkombination bef\u00fcllt.<\/li>\n<\/ul>\n<ul>\n<li><em>Armaturen f\u00fcr Badewannen.<\/em>\u00a0Hochwertige Wannenarmaturen von Hansgrohe mit einer Auswahl an verschiedenen Modellen. Die Standardausf\u00fchrung ist Chrom, aber auch andere Ausf\u00fchrungen sind m\u00f6glich. Die Badewannenrandmischer werden in unserem Werk auf Ihre Badewanne montiert, so dass Ihre Badewanne einbaufertig ist!<\/li>\n<\/ul>\n<ul>\n<li><em>Handgriff.<\/em>\u00a0Formsch\u00f6ner Griff aus Chrom. So k\u00f6nnen Sie leichter und sicherer in die Badewanne ein- und aussteigen!<\/li>\n<\/ul>\n<ul>\n<li><em>Farbiges Licht.<\/em>\u00a0Hochwertige Badbeleuchtung mit zwei LED-Leuchten und einer Steuerung am Wannenrand.<\/li>\n<\/ul>\n<ul>\n<li><em>Nackenkissen.<\/em>\u00a0Bequemes Kissen, das sich der Form Ihres Kopfes anpasst. Unverzichtbar f\u00fcr den Badespa\u00df.<\/li>\n<\/ul>\n<ul>\n<li><em>Bade\u00f6le.<\/em>\u00a0Hautpflegend, sicher f\u00fcr das Acrylbad und in 7 k\u00f6stlichen D\u00fcften erh\u00e4ltlich.<\/li>\n<\/ul>\n<p>&nbsp;<\/p>\n<div>\n<h4>Whirlpool-System<\/h4>\n<p>Ein hochwertiges Whirlpoolsystem macht Ihr Bad noch angenehmer.<\/p>\n<\/div>","protected":false},"excerpt":{"rendered":"<p>Die\u00a0<strong>Ergonomisches Bad<\/strong>\u00a0Monola wurde entwickelt, um das Liegen in der Badewanne bequem zu machen. V\u00f6llig entspannen und bis zum Hals im Wasser stehen, das ist in der Monola-Badewanne durchaus m\u00f6glich!<\/p>","protected":false},"featured_media":3498,"template":"","format":"standard","meta":{"_acf_changed":false},"product_brand":[347],"product_cat":[83,76,71],"product_tag":[],"class_list":{"0":"post-3327","1":"product","2":"type-product","3":"status-publish","4":"format-standard","5":"has-post-thumbnail","7":"product_brand-cleopatra","8":"product_cat-ergonomische-ligbaden-luxus","9":"product_cat-ligbaden-whirlpools","10":"product_cat-shop","12":"first","13":"instock","14":"taxable","15":"shipping-taxable","16":"purchasable","17":"product-type-simple"},"acf":[],"_links":{"self":[{"href":"https:\/\/cleopatra.nl\/de\/wp-json\/wp\/v2\/product\/3327","targetHints":{"allow":["GET"]}}],"collection":[{"href":"https:\/\/cleopatra.nl\/de\/wp-json\/wp\/v2\/product"}],"about":[{"href":"https:\/\/cleopatra.nl\/de\/wp-json\/wp\/v2\/types\/product"}],"wp:featuredmedia":[{"embeddable":true,"href":"https:\/\/cleopatra.nl\/de\/wp-json\/wp\/v2\/media\/3498"}],"wp:attachment":[{"href":"https:\/\/cleopatra.nl\/de\/wp-json\/wp\/v2\/media?parent=3327"}],"wp:term":[{"taxonomy":"product_brand","embeddable":true,"href":"https:\/\/cleopatra.nl\/de\/wp-json\/wp\/v2\/product_brand?post=3327"},{"taxonomy":"product_cat","embeddable":true,"href":"https:\/\/cleopatra.nl\/de\/wp-json\/wp\/v2\/product_cat?post=3327"},{"taxonomy":"product_tag","embeddable":true,"href":"https:\/\/cleopatra.nl\/de\/wp-json\/wp\/v2\/product_tag?post=3327"}],"curies":[{"name":"wp","href":"https:\/\/api.w.org\/{rel}","templated":true}]}}